{"id":1205,"date":"2025-12-18T07:52:11","date_gmt":"2025-12-18T07:52:11","guid":{"rendered":"https:\/\/irodriguez.inscastellbisbal.net\/?page_id=1205"},"modified":"2026-03-24T08:29:03","modified_gmt":"2026-03-24T08:29:03","slug":"smx1","status":"publish","type":"page","link":"https:\/\/irodriguez.inscastellbisbal.net\/?page_id=1205","title":{"rendered":"SMX1"},"content":{"rendered":"\n<div class=\"wp-block-group is-layout-grid wp-container-core-group-is-layout-9649a0d9 wp-block-group-is-layout-grid\">\n<figure class=\"wp-block-image size-full is-resized\"><a href=\"https:\/\/irodriguez.inscastellbisbal.net\/?page_id=245\"><img fetchpriority=\"high\" decoding=\"async\" width=\"1024\" height=\"1024\" src=\"https:\/\/irodriguez.inscastellbisbal.net\/wp-content\/uploads\/2026\/03\/Gemini_Generated_Image_c8szwc8szwc8szwc1.png\" alt=\"\" class=\"wp-image-1934\" style=\"width:161px;height:auto\" srcset=\"https:\/\/irodriguez.inscastellbisbal.net\/wp-content\/uploads\/2026\/03\/Gemini_Generated_Image_c8szwc8szwc8szwc1.png 1024w, https:\/\/irodriguez.inscastellbisbal.net\/wp-content\/uploads\/2026\/03\/Gemini_Generated_Image_c8szwc8szwc8szwc1-300x300.png 300w, https:\/\/irodriguez.inscastellbisbal.net\/wp-content\/uploads\/2026\/03\/Gemini_Generated_Image_c8szwc8szwc8szwc1-150x150.png 150w, https:\/\/irodriguez.inscastellbisbal.net\/wp-content\/uploads\/2026\/03\/Gemini_Generated_Image_c8szwc8szwc8szwc1-768x768.png 768w\" sizes=\"(max-width: 1024px) 100vw, 1024px\" \/><\/a><\/figure>\n\n\n\n<figure class=\"wp-block-image size-full is-resized\"><a href=\"https:\/\/irodriguez.inscastellbisbal.net\/?page_id=822\"><img decoding=\"async\" width=\"1024\" height=\"1024\" src=\"https:\/\/irodriguez.inscastellbisbal.net\/wp-content\/uploads\/2026\/03\/Gemini_Generated_Image_kyttp6kyttp6kytt1.png\" alt=\"\" class=\"wp-image-1933\" style=\"width:155px;height:auto\" srcset=\"https:\/\/irodriguez.inscastellbisbal.net\/wp-content\/uploads\/2026\/03\/Gemini_Generated_Image_kyttp6kyttp6kytt1.png 1024w, https:\/\/irodriguez.inscastellbisbal.net\/wp-content\/uploads\/2026\/03\/Gemini_Generated_Image_kyttp6kyttp6kytt1-300x300.png 300w, https:\/\/irodriguez.inscastellbisbal.net\/wp-content\/uploads\/2026\/03\/Gemini_Generated_Image_kyttp6kyttp6kytt1-150x150.png 150w, https:\/\/irodriguez.inscastellbisbal.net\/wp-content\/uploads\/2026\/03\/Gemini_Generated_Image_kyttp6kyttp6kytt1-768x768.png 768w\" sizes=\"(max-width: 1024px) 100vw, 1024px\" \/><\/a><\/figure>\n\n\n\n<figure class=\"wp-block-image size-full is-resized\"><a href=\"https:\/\/irodriguez.inscastellbisbal.net\/?page_id=1207\"><img decoding=\"async\" width=\"1024\" height=\"1024\" src=\"https:\/\/irodriguez.inscastellbisbal.net\/wp-content\/uploads\/2026\/03\/Gemini_Generated_Image_xucg04xucg04xucg1.png\" alt=\"\" class=\"wp-image-1932\" style=\"width:158px;height:auto\" srcset=\"https:\/\/irodriguez.inscastellbisbal.net\/wp-content\/uploads\/2026\/03\/Gemini_Generated_Image_xucg04xucg04xucg1.png 1024w, https:\/\/irodriguez.inscastellbisbal.net\/wp-content\/uploads\/2026\/03\/Gemini_Generated_Image_xucg04xucg04xucg1-300x300.png 300w, https:\/\/irodriguez.inscastellbisbal.net\/wp-content\/uploads\/2026\/03\/Gemini_Generated_Image_xucg04xucg04xucg1-150x150.png 150w, https:\/\/irodriguez.inscastellbisbal.net\/wp-content\/uploads\/2026\/03\/Gemini_Generated_Image_xucg04xucg04xucg1-768x768.png 768w\" sizes=\"(max-width: 1024px) 100vw, 1024px\" \/><\/a><\/figure>\n\n\n\n<figure class=\"wp-block-image size-full is-resized\"><a href=\"https:\/\/irodriguez.inscastellbisbal.net\/?page_id=1209\"><img loading=\"lazy\" decoding=\"async\" width=\"1024\" height=\"1024\" src=\"https:\/\/irodriguez.inscastellbisbal.net\/wp-content\/uploads\/2026\/03\/Gemini_Generated_Image_e695ige695ige6952.png\" alt=\"\" class=\"wp-image-1931\" style=\"width:157px;height:auto\" srcset=\"https:\/\/irodriguez.inscastellbisbal.net\/wp-content\/uploads\/2026\/03\/Gemini_Generated_Image_e695ige695ige6952.png 1024w, https:\/\/irodriguez.inscastellbisbal.net\/wp-content\/uploads\/2026\/03\/Gemini_Generated_Image_e695ige695ige6952-300x300.png 300w, https:\/\/irodriguez.inscastellbisbal.net\/wp-content\/uploads\/2026\/03\/Gemini_Generated_Image_e695ige695ige6952-150x150.png 150w, https:\/\/irodriguez.inscastellbisbal.net\/wp-content\/uploads\/2026\/03\/Gemini_Generated_Image_e695ige695ige6952-768x768.png 768w\" sizes=\"(max-width: 1024px) 100vw, 1024px\" \/><\/a><\/figure>\n<\/div>\n\n\n\n<p><\/p>\n","protected":false},"excerpt":{"rendered":"","protected":false},"author":1,"featured_media":0,"parent":0,"menu_order":0,"comment_status":"closed","ping_status":"closed","template":"","meta":{"footnotes":""},"class_list":["post-1205","page","type-page","status-publish","hentry"],"yoast_head":"<!-- This site is optimized with the Yoast SEO plugin v27.0 - https:\/\/yoast.com\/product\/yoast-seo-wordpress\/ -->\n<title>SMX1 - Ivan Rodriguez Jimenez<\/title>\n<meta name=\"robots\" content=\"index, follow, max-snippet:-1, max-image-preview:large, max-video-preview:-1\" \/>\n<link rel=\"canonical\" href=\"https:\/\/irodriguez.inscastellbisbal.net\/?page_id=1205\" \/>\n<meta property=\"og:locale\" content=\"ca_ES\" \/>\n<meta property=\"og:type\" content=\"article\" \/>\n<meta property=\"og:title\" content=\"SMX1 - Ivan Rodriguez Jimenez\" \/>\n<meta property=\"og:url\" content=\"https:\/\/irodriguez.inscastellbisbal.net\/?page_id=1205\" \/>\n<meta property=\"og:site_name\" content=\"Ivan Rodriguez Jimenez\" \/>\n<meta property=\"article:modified_time\" content=\"2026-03-24T08:29:03+00:00\" \/>\n<meta property=\"og:image\" content=\"https:\/\/irodriguez.inscastellbisbal.net\/wp-content\/uploads\/2026\/03\/Gemini_Generated_Image_c8szwc8szwc8szwc1.png\" \/>\n\t<meta property=\"og:image:width\" content=\"1024\" \/>\n\t<meta property=\"og:image:height\" content=\"1024\" \/>\n\t<meta property=\"og:image:type\" content=\"image\/png\" \/>\n<meta name=\"twitter:card\" content=\"summary_large_image\" \/>\n<meta name=\"twitter:label1\" content=\"Temps estimat de lectura\" \/>\n\t<meta name=\"twitter:data1\" content=\"1 minut\" \/>\n<script type=\"application\/ld+json\" class=\"yoast-schema-graph\">{\"@context\":\"https:\/\/schema.org\",\"@graph\":[{\"@type\":\"WebPage\",\"@id\":\"https:\/\/irodriguez.inscastellbisbal.net\/?page_id=1205\",\"url\":\"https:\/\/irodriguez.inscastellbisbal.net\/?page_id=1205\",\"name\":\"SMX1 - Ivan Rodriguez Jimenez\",\"isPartOf\":{\"@id\":\"https:\/\/irodriguez.inscastellbisbal.net\/#website\"},\"primaryImageOfPage\":{\"@id\":\"https:\/\/irodriguez.inscastellbisbal.net\/?page_id=1205#primaryimage\"},\"image\":{\"@id\":\"https:\/\/irodriguez.inscastellbisbal.net\/?page_id=1205#primaryimage\"},\"thumbnailUrl\":\"https:\/\/irodriguez.inscastellbisbal.net\/wp-content\/uploads\/2026\/03\/Gemini_Generated_Image_c8szwc8szwc8szwc1.png\",\"datePublished\":\"2025-12-18T07:52:11+00:00\",\"dateModified\":\"2026-03-24T08:29:03+00:00\",\"breadcrumb\":{\"@id\":\"https:\/\/irodriguez.inscastellbisbal.net\/?page_id=1205#breadcrumb\"},\"inLanguage\":\"ca\",\"potentialAction\":[{\"@type\":\"ReadAction\",\"target\":[\"https:\/\/irodriguez.inscastellbisbal.net\/?page_id=1205\"]}]},{\"@type\":\"ImageObject\",\"inLanguage\":\"ca\",\"@id\":\"https:\/\/irodriguez.inscastellbisbal.net\/?page_id=1205#primaryimage\",\"url\":\"https:\/\/irodriguez.inscastellbisbal.net\/wp-content\/uploads\/2026\/03\/Gemini_Generated_Image_c8szwc8szwc8szwc1.png\",\"contentUrl\":\"https:\/\/irodriguez.inscastellbisbal.net\/wp-content\/uploads\/2026\/03\/Gemini_Generated_Image_c8szwc8szwc8szwc1.png\",\"width\":1024,\"height\":1024},{\"@type\":\"BreadcrumbList\",\"@id\":\"https:\/\/irodriguez.inscastellbisbal.net\/?page_id=1205#breadcrumb\",\"itemListElement\":[{\"@type\":\"ListItem\",\"position\":1,\"name\":\"Inici\",\"item\":\"https:\/\/irodriguez.inscastellbisbal.net\/\"},{\"@type\":\"ListItem\",\"position\":2,\"name\":\"SMX1\"}]},{\"@type\":\"WebSite\",\"@id\":\"https:\/\/irodriguez.inscastellbisbal.net\/#website\",\"url\":\"https:\/\/irodriguez.inscastellbisbal.net\/\",\"name\":\"Ivan Rodriguez Jimenez\",\"description\":\"Hola, em dic Iv\u00e1n, tinc 16 anys i actualment estic cursant el meu primer any de cicle formatiu en inform\u00e0tica.  En aquest espai anir\u00e9 compartint el que aprenc: des de conceptes b\u00e0sics de maquinari i programari, fins a programaci\u00f3, xarxes i projectes personals. El meu objectiu \u00e9s anar creixent pas a pas en aquest m\u00f3n de la tecnologia i, al hora, deixar aqu\u00ed un registre del meu progr\u00e9s.  Espero que trobis interessant el contingut i que aquest rac\u00f3 sigui \u00fatil tant per a mi com per a qualsevol que tamb\u00e9 estigui comen\u00e7ant al cam\u00ed de la inform\u00e0tica.\",\"publisher\":{\"@id\":\"https:\/\/irodriguez.inscastellbisbal.net\/#organization\"},\"potentialAction\":[{\"@type\":\"SearchAction\",\"target\":{\"@type\":\"EntryPoint\",\"urlTemplate\":\"https:\/\/irodriguez.inscastellbisbal.net\/?s={search_term_string}\"},\"query-input\":{\"@type\":\"PropertyValueSpecification\",\"valueRequired\":true,\"valueName\":\"search_term_string\"}}],\"inLanguage\":\"ca\"},{\"@type\":\"Organization\",\"@id\":\"https:\/\/irodriguez.inscastellbisbal.net\/#organization\",\"name\":\"Ivan Rodriguez Jimenez\",\"url\":\"https:\/\/irodriguez.inscastellbisbal.net\/\",\"logo\":{\"@type\":\"ImageObject\",\"inLanguage\":\"ca\",\"@id\":\"https:\/\/irodriguez.inscastellbisbal.net\/#\/schema\/logo\/image\/\",\"url\":\"https:\/\/irodriguez.inscastellbisbal.net\/wp-content\/uploads\/2025\/09\/cropped-cropped-ChatGPT-Image-Sep-19-2025-08_40_26-AM.jpg\",\"contentUrl\":\"https:\/\/irodriguez.inscastellbisbal.net\/wp-content\/uploads\/2025\/09\/cropped-cropped-ChatGPT-Image-Sep-19-2025-08_40_26-AM.jpg\",\"width\":1536,\"height\":1024,\"caption\":\"Ivan Rodriguez Jimenez\"},\"image\":{\"@id\":\"https:\/\/irodriguez.inscastellbisbal.net\/#\/schema\/logo\/image\/\"}}]}<\/script>\n<!-- \/ Yoast SEO plugin. -->","yoast_head_json":{"title":"SMX1 - Ivan Rodriguez Jimenez","robots":{"index":"index","follow":"follow","max-snippet":"max-snippet:-1","max-image-preview":"max-image-preview:large","max-video-preview":"max-video-preview:-1"},"canonical":"https:\/\/irodriguez.inscastellbisbal.net\/?page_id=1205","og_locale":"ca_ES","og_type":"article","og_title":"SMX1 - Ivan Rodriguez Jimenez","og_url":"https:\/\/irodriguez.inscastellbisbal.net\/?page_id=1205","og_site_name":"Ivan Rodriguez Jimenez","article_modified_time":"2026-03-24T08:29:03+00:00","og_image":[{"width":1024,"height":1024,"url":"https:\/\/irodriguez.inscastellbisbal.net\/wp-content\/uploads\/2026\/03\/Gemini_Generated_Image_c8szwc8szwc8szwc1.png","type":"image\/png"}],"twitter_card":"summary_large_image","twitter_misc":{"Temps estimat de lectura":"1 minut"},"schema":{"@context":"https:\/\/schema.org","@graph":[{"@type":"WebPage","@id":"https:\/\/irodriguez.inscastellbisbal.net\/?page_id=1205","url":"https:\/\/irodriguez.inscastellbisbal.net\/?page_id=1205","name":"SMX1 - Ivan Rodriguez Jimenez","isPartOf":{"@id":"https:\/\/irodriguez.inscastellbisbal.net\/#website"},"primaryImageOfPage":{"@id":"https:\/\/irodriguez.inscastellbisbal.net\/?page_id=1205#primaryimage"},"image":{"@id":"https:\/\/irodriguez.inscastellbisbal.net\/?page_id=1205#primaryimage"},"thumbnailUrl":"https:\/\/irodriguez.inscastellbisbal.net\/wp-content\/uploads\/2026\/03\/Gemini_Generated_Image_c8szwc8szwc8szwc1.png","datePublished":"2025-12-18T07:52:11+00:00","dateModified":"2026-03-24T08:29:03+00:00","breadcrumb":{"@id":"https:\/\/irodriguez.inscastellbisbal.net\/?page_id=1205#breadcrumb"},"inLanguage":"ca","potentialAction":[{"@type":"ReadAction","target":["https:\/\/irodriguez.inscastellbisbal.net\/?page_id=1205"]}]},{"@type":"ImageObject","inLanguage":"ca","@id":"https:\/\/irodriguez.inscastellbisbal.net\/?page_id=1205#primaryimage","url":"https:\/\/irodriguez.inscastellbisbal.net\/wp-content\/uploads\/2026\/03\/Gemini_Generated_Image_c8szwc8szwc8szwc1.png","contentUrl":"https:\/\/irodriguez.inscastellbisbal.net\/wp-content\/uploads\/2026\/03\/Gemini_Generated_Image_c8szwc8szwc8szwc1.png","width":1024,"height":1024},{"@type":"BreadcrumbList","@id":"https:\/\/irodriguez.inscastellbisbal.net\/?page_id=1205#breadcrumb","itemListElement":[{"@type":"ListItem","position":1,"name":"Inici","item":"https:\/\/irodriguez.inscastellbisbal.net\/"},{"@type":"ListItem","position":2,"name":"SMX1"}]},{"@type":"WebSite","@id":"https:\/\/irodriguez.inscastellbisbal.net\/#website","url":"https:\/\/irodriguez.inscastellbisbal.net\/","name":"Ivan Rodriguez Jimenez","description":"Hola, em dic Iv\u00e1n, tinc 16 anys i actualment estic cursant el meu primer any de cicle formatiu en inform\u00e0tica.  En aquest espai anir\u00e9 compartint el que aprenc: des de conceptes b\u00e0sics de maquinari i programari, fins a programaci\u00f3, xarxes i projectes personals. El meu objectiu \u00e9s anar creixent pas a pas en aquest m\u00f3n de la tecnologia i, al hora, deixar aqu\u00ed un registre del meu progr\u00e9s.  Espero que trobis interessant el contingut i que aquest rac\u00f3 sigui \u00fatil tant per a mi com per a qualsevol que tamb\u00e9 estigui comen\u00e7ant al cam\u00ed de la inform\u00e0tica.","publisher":{"@id":"https:\/\/irodriguez.inscastellbisbal.net\/#organization"},"potentialAction":[{"@type":"SearchAction","target":{"@type":"EntryPoint","urlTemplate":"https:\/\/irodriguez.inscastellbisbal.net\/?s={search_term_string}"},"query-input":{"@type":"PropertyValueSpecification","valueRequired":true,"valueName":"search_term_string"}}],"inLanguage":"ca"},{"@type":"Organization","@id":"https:\/\/irodriguez.inscastellbisbal.net\/#organization","name":"Ivan Rodriguez Jimenez","url":"https:\/\/irodriguez.inscastellbisbal.net\/","logo":{"@type":"ImageObject","inLanguage":"ca","@id":"https:\/\/irodriguez.inscastellbisbal.net\/#\/schema\/logo\/image\/","url":"https:\/\/irodriguez.inscastellbisbal.net\/wp-content\/uploads\/2025\/09\/cropped-cropped-ChatGPT-Image-Sep-19-2025-08_40_26-AM.jpg","contentUrl":"https:\/\/irodriguez.inscastellbisbal.net\/wp-content\/uploads\/2025\/09\/cropped-cropped-ChatGPT-Image-Sep-19-2025-08_40_26-AM.jpg","width":1536,"height":1024,"caption":"Ivan Rodriguez Jimenez"},"image":{"@id":"https:\/\/irodriguez.inscastellbisbal.net\/#\/schema\/logo\/image\/"}}]}},"_links":{"self":[{"href":"https:\/\/irodriguez.inscastellbisbal.net\/index.php?rest_route=\/wp\/v2\/pages\/1205","targetHints":{"allow":["GET"]}}],"collection":[{"href":"https:\/\/irodriguez.inscastellbisbal.net\/index.php?rest_route=\/wp\/v2\/pages"}],"about":[{"href":"https:\/\/irodriguez.inscastellbisbal.net\/index.php?rest_route=\/wp\/v2\/types\/page"}],"author":[{"embeddable":true,"href":"https:\/\/irodriguez.inscastellbisbal.net\/index.php?rest_route=\/wp\/v2\/users\/1"}],"replies":[{"embeddable":true,"href":"https:\/\/irodriguez.inscastellbisbal.net\/index.php?rest_route=%2Fwp%2Fv2%2Fcomments&post=1205"}],"version-history":[{"count":4,"href":"https:\/\/irodriguez.inscastellbisbal.net\/index.php?rest_route=\/wp\/v2\/pages\/1205\/revisions"}],"predecessor-version":[{"id":1937,"href":"https:\/\/irodriguez.inscastellbisbal.net\/index.php?rest_route=\/wp\/v2\/pages\/1205\/revisions\/1937"}],"wp:attachment":[{"href":"https:\/\/irodriguez.inscastellbisbal.net\/index.php?rest_route=%2Fwp%2Fv2%2Fmedia&parent=1205"}],"curies":[{"name":"wp","href":"https:\/\/api.w.org\/{rel}","templated":true}]}}