{"id":1209,"date":"2025-12-18T07:54:23","date_gmt":"2025-12-18T07:54:23","guid":{"rendered":"https:\/\/irodriguez.inscastellbisbal.net\/?page_id=1209"},"modified":"2026-04-28T07:10:22","modified_gmt":"2026-04-28T07:10:22","slug":"repte-1-4","status":"publish","type":"page","link":"https:\/\/irodriguez.inscastellbisbal.net\/?page_id=1209","title":{"rendered":"Repte 1.4"},"content":{"rendered":"\n<div class=\"wp-block-group is-layout-grid wp-container-core-group-is-layout-9649a0d9 wp-block-group-is-layout-grid\">\n<figure class=\"wp-block-image size-full\"><a href=\"https:\/\/irodriguez.inscastellbisbal.net\/?page_id=1540\"><img fetchpriority=\"high\" decoding=\"async\" width=\"269\" height=\"187\" src=\"https:\/\/irodriguez.inscastellbisbal.net\/wp-content\/uploads\/2026\/04\/image.png\" alt=\"\" class=\"wp-image-2010\"\/><\/a><\/figure>\n\n\n\n<figure class=\"wp-block-image size-full\"><a href=\"https:\/\/irodriguez.inscastellbisbal.net\/?page_id=1542\"><img decoding=\"async\" width=\"1024\" height=\"1024\" src=\"https:\/\/irodriguez.inscastellbisbal.net\/wp-content\/uploads\/2026\/04\/Copilot_20260401_161033.png\" alt=\"\" class=\"wp-image-2014\" srcset=\"https:\/\/irodriguez.inscastellbisbal.net\/wp-content\/uploads\/2026\/04\/Copilot_20260401_161033.png 1024w, https:\/\/irodriguez.inscastellbisbal.net\/wp-content\/uploads\/2026\/04\/Copilot_20260401_161033-300x300.png 300w, https:\/\/irodriguez.inscastellbisbal.net\/wp-content\/uploads\/2026\/04\/Copilot_20260401_161033-150x150.png 150w, https:\/\/irodriguez.inscastellbisbal.net\/wp-content\/uploads\/2026\/04\/Copilot_20260401_161033-768x768.png 768w\" sizes=\"(max-width: 1024px) 100vw, 1024px\" \/><\/a><\/figure>\n\n\n\n<figure class=\"wp-block-image size-full\"><a href=\"https:\/\/irodriguez.inscastellbisbal.net\/?page_id=1544\"><img decoding=\"async\" width=\"317\" height=\"159\" src=\"https:\/\/irodriguez.inscastellbisbal.net\/wp-content\/uploads\/2026\/04\/image-4.png\" alt=\"\" class=\"wp-image-2017\" srcset=\"https:\/\/irodriguez.inscastellbisbal.net\/wp-content\/uploads\/2026\/04\/image-4.png 317w, https:\/\/irodriguez.inscastellbisbal.net\/wp-content\/uploads\/2026\/04\/image-4-300x150.png 300w\" sizes=\"(max-width: 317px) 100vw, 317px\" \/><\/a><\/figure>\n\n\n\n<figure class=\"wp-block-image size-full\"><a href=\"https:\/\/irodriguez.inscastellbisbal.net\/?page_id=1760\"><img loading=\"lazy\" decoding=\"async\" width=\"1024\" height=\"1024\" src=\"https:\/\/irodriguez.inscastellbisbal.net\/wp-content\/uploads\/2026\/04\/Copilot_20260402_121016.png\" alt=\"\" class=\"wp-image-2021\" srcset=\"https:\/\/irodriguez.inscastellbisbal.net\/wp-content\/uploads\/2026\/04\/Copilot_20260402_121016.png 1024w, https:\/\/irodriguez.inscastellbisbal.net\/wp-content\/uploads\/2026\/04\/Copilot_20260402_121016-300x300.png 300w, https:\/\/irodriguez.inscastellbisbal.net\/wp-content\/uploads\/2026\/04\/Copilot_20260402_121016-150x150.png 150w, https:\/\/irodriguez.inscastellbisbal.net\/wp-content\/uploads\/2026\/04\/Copilot_20260402_121016-768x768.png 768w\" sizes=\"(max-width: 1024px) 100vw, 1024px\" \/><\/a><\/figure>\n\n\n\n<figure class=\"wp-block-image size-large\"><a href=\"https:\/\/irodriguez.inscastellbisbal.net\/?page_id=1768\"><img loading=\"lazy\" decoding=\"async\" width=\"1024\" height=\"683\" src=\"https:\/\/irodriguez.inscastellbisbal.net\/wp-content\/uploads\/2026\/04\/Copilot_20260402_121435-1-1024x683.png\" alt=\"\" class=\"wp-image-2023\" srcset=\"https:\/\/irodriguez.inscastellbisbal.net\/wp-content\/uploads\/2026\/04\/Copilot_20260402_121435-1-1024x683.png 1024w, https:\/\/irodriguez.inscastellbisbal.net\/wp-content\/uploads\/2026\/04\/Copilot_20260402_121435-1-300x200.png 300w, https:\/\/irodriguez.inscastellbisbal.net\/wp-content\/uploads\/2026\/04\/Copilot_20260402_121435-1-768x512.png 768w, https:\/\/irodriguez.inscastellbisbal.net\/wp-content\/uploads\/2026\/04\/Copilot_20260402_121435-1-450x300.png 450w, https:\/\/irodriguez.inscastellbisbal.net\/wp-content\/uploads\/2026\/04\/Copilot_20260402_121435-1.png 1536w\" sizes=\"(max-width: 1024px) 100vw, 1024px\" \/><\/a><\/figure>\n\n\n\n<figure class=\"wp-block-image size-large\"><a href=\"https:\/\/irodriguez.inscastellbisbal.net\/?page_id=1766\"><img loading=\"lazy\" decoding=\"async\" width=\"1024\" height=\"683\" src=\"https:\/\/irodriguez.inscastellbisbal.net\/wp-content\/uploads\/2026\/04\/Copilot_20260402_122233-3-1024x683.png\" alt=\"\" class=\"wp-image-2024\" srcset=\"https:\/\/irodriguez.inscastellbisbal.net\/wp-content\/uploads\/2026\/04\/Copilot_20260402_122233-3-1024x683.png 1024w, https:\/\/irodriguez.inscastellbisbal.net\/wp-content\/uploads\/2026\/04\/Copilot_20260402_122233-3-300x200.png 300w, https:\/\/irodriguez.inscastellbisbal.net\/wp-content\/uploads\/2026\/04\/Copilot_20260402_122233-3-768x512.png 768w, https:\/\/irodriguez.inscastellbisbal.net\/wp-content\/uploads\/2026\/04\/Copilot_20260402_122233-3-450x300.png 450w, https:\/\/irodriguez.inscastellbisbal.net\/wp-content\/uploads\/2026\/04\/Copilot_20260402_122233-3.png 1536w\" sizes=\"(max-width: 1024px) 100vw, 1024px\" \/><\/a><\/figure>\n<\/div>\n\n\n\n<div class=\"wp-block-group is-layout-grid wp-container-core-group-is-layout-9649a0d9 wp-block-group-is-layout-grid\">\n<figure class=\"wp-block-image size-full\"><a href=\"https:\/\/irodriguez.inscastellbisbal.net\/?page_id=1764\"><img loading=\"lazy\" decoding=\"async\" width=\"1024\" height=\"1024\" src=\"https:\/\/irodriguez.inscastellbisbal.net\/wp-content\/uploads\/2026\/04\/Copilot_20260402_123440.png\" alt=\"\" class=\"wp-image-2025\" srcset=\"https:\/\/irodriguez.inscastellbisbal.net\/wp-content\/uploads\/2026\/04\/Copilot_20260402_123440.png 1024w, https:\/\/irodriguez.inscastellbisbal.net\/wp-content\/uploads\/2026\/04\/Copilot_20260402_123440-300x300.png 300w, https:\/\/irodriguez.inscastellbisbal.net\/wp-content\/uploads\/2026\/04\/Copilot_20260402_123440-150x150.png 150w, https:\/\/irodriguez.inscastellbisbal.net\/wp-content\/uploads\/2026\/04\/Copilot_20260402_123440-768x768.png 768w\" sizes=\"(max-width: 1024px) 100vw, 1024px\" \/><\/a><\/figure>\n<\/div>\n","protected":false},"excerpt":{"rendered":"","protected":false},"author":1,"featured_media":0,"parent":1205,"menu_order":0,"comment_status":"closed","ping_status":"closed","template":"","meta":{"footnotes":""},"class_list":["post-1209","page","type-page","status-publish","hentry"],"yoast_head":"<!-- This site is optimized with the Yoast SEO plugin v27.0 - https:\/\/yoast.com\/product\/yoast-seo-wordpress\/ -->\n<title>Repte 1.4 - Ivan Rodriguez Jimenez<\/title>\n<meta name=\"robots\" content=\"index, follow, max-snippet:-1, max-image-preview:large, max-video-preview:-1\" \/>\n<link rel=\"canonical\" href=\"https:\/\/irodriguez.inscastellbisbal.net\/?page_id=1209\" \/>\n<meta property=\"og:locale\" content=\"ca_ES\" \/>\n<meta property=\"og:type\" content=\"article\" \/>\n<meta property=\"og:title\" content=\"Repte 1.4 - Ivan Rodriguez Jimenez\" \/>\n<meta property=\"og:url\" content=\"https:\/\/irodriguez.inscastellbisbal.net\/?page_id=1209\" \/>\n<meta property=\"og:site_name\" content=\"Ivan Rodriguez Jimenez\" \/>\n<meta property=\"article:modified_time\" content=\"2026-04-28T07:10:22+00:00\" \/>\n<meta property=\"og:image\" content=\"https:\/\/irodriguez.inscastellbisbal.net\/wp-content\/uploads\/2026\/04\/image.png\" \/>\n\t<meta property=\"og:image:width\" content=\"269\" \/>\n\t<meta property=\"og:image:height\" content=\"187\" \/>\n\t<meta property=\"og:image:type\" content=\"image\/png\" \/>\n<meta name=\"twitter:card\" content=\"summary_large_image\" \/>\n<meta name=\"twitter:label1\" content=\"Temps estimat de lectura\" \/>\n\t<meta name=\"twitter:data1\" content=\"2 minuts\" \/>\n<script type=\"application\/ld+json\" class=\"yoast-schema-graph\">{\"@context\":\"https:\/\/schema.org\",\"@graph\":[{\"@type\":\"WebPage\",\"@id\":\"https:\/\/irodriguez.inscastellbisbal.net\/?page_id=1209\",\"url\":\"https:\/\/irodriguez.inscastellbisbal.net\/?page_id=1209\",\"name\":\"Repte 1.4 - Ivan Rodriguez Jimenez\",\"isPartOf\":{\"@id\":\"https:\/\/irodriguez.inscastellbisbal.net\/#website\"},\"primaryImageOfPage\":{\"@id\":\"https:\/\/irodriguez.inscastellbisbal.net\/?page_id=1209#primaryimage\"},\"image\":{\"@id\":\"https:\/\/irodriguez.inscastellbisbal.net\/?page_id=1209#primaryimage\"},\"thumbnailUrl\":\"https:\/\/irodriguez.inscastellbisbal.net\/wp-content\/uploads\/2026\/04\/image.png\",\"datePublished\":\"2025-12-18T07:54:23+00:00\",\"dateModified\":\"2026-04-28T07:10:22+00:00\",\"breadcrumb\":{\"@id\":\"https:\/\/irodriguez.inscastellbisbal.net\/?page_id=1209#breadcrumb\"},\"inLanguage\":\"ca\",\"potentialAction\":[{\"@type\":\"ReadAction\",\"target\":[\"https:\/\/irodriguez.inscastellbisbal.net\/?page_id=1209\"]}]},{\"@type\":\"ImageObject\",\"inLanguage\":\"ca\",\"@id\":\"https:\/\/irodriguez.inscastellbisbal.net\/?page_id=1209#primaryimage\",\"url\":\"https:\/\/irodriguez.inscastellbisbal.net\/wp-content\/uploads\/2026\/04\/image.png\",\"contentUrl\":\"https:\/\/irodriguez.inscastellbisbal.net\/wp-content\/uploads\/2026\/04\/image.png\",\"width\":269,\"height\":187},{\"@type\":\"BreadcrumbList\",\"@id\":\"https:\/\/irodriguez.inscastellbisbal.net\/?page_id=1209#breadcrumb\",\"itemListElement\":[{\"@type\":\"ListItem\",\"position\":1,\"name\":\"Inici\",\"item\":\"https:\/\/irodriguez.inscastellbisbal.net\/\"},{\"@type\":\"ListItem\",\"position\":2,\"name\":\"SMX1\",\"item\":\"https:\/\/irodriguez.inscastellbisbal.net\/?page_id=1205\"},{\"@type\":\"ListItem\",\"position\":3,\"name\":\"Repte 1.4\"}]},{\"@type\":\"WebSite\",\"@id\":\"https:\/\/irodriguez.inscastellbisbal.net\/#website\",\"url\":\"https:\/\/irodriguez.inscastellbisbal.net\/\",\"name\":\"Ivan Rodriguez Jimenez\",\"description\":\"Hola, em dic Iv\u00e1n, tinc 16 anys i actualment estic cursant el meu primer any de cicle formatiu en inform\u00e0tica.  En aquest espai anir\u00e9 compartint el que aprenc: des de conceptes b\u00e0sics de maquinari i programari, fins a programaci\u00f3, xarxes i projectes personals. El meu objectiu \u00e9s anar creixent pas a pas en aquest m\u00f3n de la tecnologia i, al hora, deixar aqu\u00ed un registre del meu progr\u00e9s.  Espero que trobis interessant el contingut i que aquest rac\u00f3 sigui \u00fatil tant per a mi com per a qualsevol que tamb\u00e9 estigui comen\u00e7ant al cam\u00ed de la inform\u00e0tica.\",\"publisher\":{\"@id\":\"https:\/\/irodriguez.inscastellbisbal.net\/#organization\"},\"potentialAction\":[{\"@type\":\"SearchAction\",\"target\":{\"@type\":\"EntryPoint\",\"urlTemplate\":\"https:\/\/irodriguez.inscastellbisbal.net\/?s={search_term_string}\"},\"query-input\":{\"@type\":\"PropertyValueSpecification\",\"valueRequired\":true,\"valueName\":\"search_term_string\"}}],\"inLanguage\":\"ca\"},{\"@type\":\"Organization\",\"@id\":\"https:\/\/irodriguez.inscastellbisbal.net\/#organization\",\"name\":\"Ivan Rodriguez Jimenez\",\"url\":\"https:\/\/irodriguez.inscastellbisbal.net\/\",\"logo\":{\"@type\":\"ImageObject\",\"inLanguage\":\"ca\",\"@id\":\"https:\/\/irodriguez.inscastellbisbal.net\/#\/schema\/logo\/image\/\",\"url\":\"https:\/\/irodriguez.inscastellbisbal.net\/wp-content\/uploads\/2025\/09\/cropped-cropped-ChatGPT-Image-Sep-19-2025-08_40_26-AM.jpg\",\"contentUrl\":\"https:\/\/irodriguez.inscastellbisbal.net\/wp-content\/uploads\/2025\/09\/cropped-cropped-ChatGPT-Image-Sep-19-2025-08_40_26-AM.jpg\",\"width\":1536,\"height\":1024,\"caption\":\"Ivan Rodriguez Jimenez\"},\"image\":{\"@id\":\"https:\/\/irodriguez.inscastellbisbal.net\/#\/schema\/logo\/image\/\"}}]}<\/script>\n<!-- \/ Yoast SEO plugin. -->","yoast_head_json":{"title":"Repte 1.4 - Ivan Rodriguez Jimenez","robots":{"index":"index","follow":"follow","max-snippet":"max-snippet:-1","max-image-preview":"max-image-preview:large","max-video-preview":"max-video-preview:-1"},"canonical":"https:\/\/irodriguez.inscastellbisbal.net\/?page_id=1209","og_locale":"ca_ES","og_type":"article","og_title":"Repte 1.4 - Ivan Rodriguez Jimenez","og_url":"https:\/\/irodriguez.inscastellbisbal.net\/?page_id=1209","og_site_name":"Ivan Rodriguez Jimenez","article_modified_time":"2026-04-28T07:10:22+00:00","og_image":[{"width":269,"height":187,"url":"https:\/\/irodriguez.inscastellbisbal.net\/wp-content\/uploads\/2026\/04\/image.png","type":"image\/png"}],"twitter_card":"summary_large_image","twitter_misc":{"Temps estimat de lectura":"2 minuts"},"schema":{"@context":"https:\/\/schema.org","@graph":[{"@type":"WebPage","@id":"https:\/\/irodriguez.inscastellbisbal.net\/?page_id=1209","url":"https:\/\/irodriguez.inscastellbisbal.net\/?page_id=1209","name":"Repte 1.4 - Ivan Rodriguez Jimenez","isPartOf":{"@id":"https:\/\/irodriguez.inscastellbisbal.net\/#website"},"primaryImageOfPage":{"@id":"https:\/\/irodriguez.inscastellbisbal.net\/?page_id=1209#primaryimage"},"image":{"@id":"https:\/\/irodriguez.inscastellbisbal.net\/?page_id=1209#primaryimage"},"thumbnailUrl":"https:\/\/irodriguez.inscastellbisbal.net\/wp-content\/uploads\/2026\/04\/image.png","datePublished":"2025-12-18T07:54:23+00:00","dateModified":"2026-04-28T07:10:22+00:00","breadcrumb":{"@id":"https:\/\/irodriguez.inscastellbisbal.net\/?page_id=1209#breadcrumb"},"inLanguage":"ca","potentialAction":[{"@type":"ReadAction","target":["https:\/\/irodriguez.inscastellbisbal.net\/?page_id=1209"]}]},{"@type":"ImageObject","inLanguage":"ca","@id":"https:\/\/irodriguez.inscastellbisbal.net\/?page_id=1209#primaryimage","url":"https:\/\/irodriguez.inscastellbisbal.net\/wp-content\/uploads\/2026\/04\/image.png","contentUrl":"https:\/\/irodriguez.inscastellbisbal.net\/wp-content\/uploads\/2026\/04\/image.png","width":269,"height":187},{"@type":"BreadcrumbList","@id":"https:\/\/irodriguez.inscastellbisbal.net\/?page_id=1209#breadcrumb","itemListElement":[{"@type":"ListItem","position":1,"name":"Inici","item":"https:\/\/irodriguez.inscastellbisbal.net\/"},{"@type":"ListItem","position":2,"name":"SMX1","item":"https:\/\/irodriguez.inscastellbisbal.net\/?page_id=1205"},{"@type":"ListItem","position":3,"name":"Repte 1.4"}]},{"@type":"WebSite","@id":"https:\/\/irodriguez.inscastellbisbal.net\/#website","url":"https:\/\/irodriguez.inscastellbisbal.net\/","name":"Ivan Rodriguez Jimenez","description":"Hola, em dic Iv\u00e1n, tinc 16 anys i actualment estic cursant el meu primer any de cicle formatiu en inform\u00e0tica.  En aquest espai anir\u00e9 compartint el que aprenc: des de conceptes b\u00e0sics de maquinari i programari, fins a programaci\u00f3, xarxes i projectes personals. El meu objectiu \u00e9s anar creixent pas a pas en aquest m\u00f3n de la tecnologia i, al hora, deixar aqu\u00ed un registre del meu progr\u00e9s.  Espero que trobis interessant el contingut i que aquest rac\u00f3 sigui \u00fatil tant per a mi com per a qualsevol que tamb\u00e9 estigui comen\u00e7ant al cam\u00ed de la inform\u00e0tica.","publisher":{"@id":"https:\/\/irodriguez.inscastellbisbal.net\/#organization"},"potentialAction":[{"@type":"SearchAction","target":{"@type":"EntryPoint","urlTemplate":"https:\/\/irodriguez.inscastellbisbal.net\/?s={search_term_string}"},"query-input":{"@type":"PropertyValueSpecification","valueRequired":true,"valueName":"search_term_string"}}],"inLanguage":"ca"},{"@type":"Organization","@id":"https:\/\/irodriguez.inscastellbisbal.net\/#organization","name":"Ivan Rodriguez Jimenez","url":"https:\/\/irodriguez.inscastellbisbal.net\/","logo":{"@type":"ImageObject","inLanguage":"ca","@id":"https:\/\/irodriguez.inscastellbisbal.net\/#\/schema\/logo\/image\/","url":"https:\/\/irodriguez.inscastellbisbal.net\/wp-content\/uploads\/2025\/09\/cropped-cropped-ChatGPT-Image-Sep-19-2025-08_40_26-AM.jpg","contentUrl":"https:\/\/irodriguez.inscastellbisbal.net\/wp-content\/uploads\/2025\/09\/cropped-cropped-ChatGPT-Image-Sep-19-2025-08_40_26-AM.jpg","width":1536,"height":1024,"caption":"Ivan Rodriguez Jimenez"},"image":{"@id":"https:\/\/irodriguez.inscastellbisbal.net\/#\/schema\/logo\/image\/"}}]}},"_links":{"self":[{"href":"https:\/\/irodriguez.inscastellbisbal.net\/index.php?rest_route=\/wp\/v2\/pages\/1209","targetHints":{"allow":["GET"]}}],"collection":[{"href":"https:\/\/irodriguez.inscastellbisbal.net\/index.php?rest_route=\/wp\/v2\/pages"}],"about":[{"href":"https:\/\/irodriguez.inscastellbisbal.net\/index.php?rest_route=\/wp\/v2\/types\/page"}],"author":[{"embeddable":true,"href":"https:\/\/irodriguez.inscastellbisbal.net\/index.php?rest_route=\/wp\/v2\/users\/1"}],"replies":[{"embeddable":true,"href":"https:\/\/irodriguez.inscastellbisbal.net\/index.php?rest_route=%2Fwp%2Fv2%2Fcomments&post=1209"}],"version-history":[{"count":5,"href":"https:\/\/irodriguez.inscastellbisbal.net\/index.php?rest_route=\/wp\/v2\/pages\/1209\/revisions"}],"predecessor-version":[{"id":2169,"href":"https:\/\/irodriguez.inscastellbisbal.net\/index.php?rest_route=\/wp\/v2\/pages\/1209\/revisions\/2169"}],"up":[{"embeddable":true,"href":"https:\/\/irodriguez.inscastellbisbal.net\/index.php?rest_route=\/wp\/v2\/pages\/1205"}],"wp:attachment":[{"href":"https:\/\/irodriguez.inscastellbisbal.net\/index.php?rest_route=%2Fwp%2Fv2%2Fmedia&parent=1209"}],"curies":[{"name":"wp","href":"https:\/\/api.w.org\/{rel}","templated":true}]}}