{"id":1410,"date":"2026-01-28T12:41:19","date_gmt":"2026-01-28T12:41:19","guid":{"rendered":"https:\/\/irodriguez.inscastellbisbal.net\/?page_id=1410"},"modified":"2026-04-14T06:45:26","modified_gmt":"2026-04-14T06:45:26","slug":"analitzar-la-millora-que-suposa-el-registre-digital-dels-participants","status":"publish","type":"page","link":"https:\/\/irodriguez.inscastellbisbal.net\/?page_id=1410","title":{"rendered":"Analitzar la millora que suposa el registre digital dels participants"},"content":{"rendered":"\n<h3 class=\"wp-block-heading\">An\u00e0lisi Comparativa: Gesti\u00f3 Documental Anal\u00f2gica vs. Digital en LAN Parties<\/h3>\n\n\n\n<p>L&#8217;organitzaci\u00f3 d&#8217;un esdeveniment per a 100 participants comporta un repte log\u00edstic quant a la documentaci\u00f3 (inscripcions, drets d&#8217;imatge, horaris i normatives). La transici\u00f3 d&#8217;un sistema basat en paper a una soluci\u00f3 digital mitjan\u00e7ant formularis i codis QR no nom\u00e9s optimitza el flux de treball, sin\u00f3 que representa una reducci\u00f3 dr\u00e0stica de l&#8217;impacte ambiental.<\/p>\n\n\n\n<figure class=\"wp-block-table\"><table class=\"has-fixed-layout\"><thead><tr><td><strong>Recurs<\/strong><\/td><td><strong>M\u00e8tode F\u00edsic (250 fulls)<\/strong><\/td><td><strong>M\u00e8tode Digital (QR\/Formulari)<\/strong><\/td><td><strong>Estalvi EcoTech<\/strong><\/td><\/tr><\/thead><tbody><tr><td><strong>Aigua<\/strong><\/td><td>~25 litres<\/td><td>\u2248 0 (Refrigeraci\u00f3 servidor)<\/td><td>99%<\/td><\/tr><tr><td><strong>Energia<\/strong><\/td><td>1,5 kWh (Fab. + Impressi\u00f3)<\/td><td>0,05 kWh (Dispositius)<\/td><td>96%<\/td><\/tr><tr><td><strong>Residus<\/strong><\/td><td>Paper + 5g t\u00f2ner (qu\u00edmic)<\/td><td>Residu Zero<\/td><td>100%<\/td><\/tr><tr><td><strong>Petjada CO2<\/strong><\/td><td>~1,2 kg CO2<\/td><td>~0,02 kg CO2<\/td><td>98%<\/td><\/tr><\/tbody><\/table><\/figure>\n\n\n\n<p>Informe de l\u2019estalvi de recursos:<\/p>\n\n\n\n<ol class=\"wp-block-list\">\n<li>Paper<\/li>\n<\/ol>\n\n\n\n<p>L\u2019estalvi de paper no es deixa nom\u00e9s en el paper que es deixa de comprar sin\u00f3 en el cost de l\u2019energia de fabricaci\u00f3. La creaci\u00f3 d\u2019un sol full de paper gasta una quantitat ingent d\u2019energia i aigua, en canvia en la soluci\u00f3 digital directament elimina la petjada de desforestaci\u00f3 i l\u2019\u00fas de qu\u00edmics (t\u00f2ner) que contaminant els ecosistemes locals.<\/p>\n\n\n\n<p>2. T\u00f2ner i tint\u00e0s<\/p>\n\n\n\n<p>Els cartutxos de t\u00f2ner s\u00f3n considerats residus perillosos i dif\u00edcils de reciclar, ja que contenen:<\/p>\n\n\n\n<ul class=\"wp-block-list\">\n<li>Micropl\u00e0stics<\/li>\n\n\n\n<li>Metalls pesants<\/li>\n\n\n\n<li>Petjada de carboni<\/li>\n<\/ul>\n\n\n\n<p>3. Petjada de carboni<\/p>\n\n\n\n<p>El registre f\u00edsic requereix un espai i un pes considerable. El transport i l\u2019emmagatzematge en arxivadors f\u00edsics requereixen un manteniment, climatitzaci\u00f3 i iluminaci\u00f3, cosa que el registre digital minimitza aquests costos.<\/p>\n","protected":false},"excerpt":{"rendered":"<p>An\u00e0lisi Comparativa: Gesti\u00f3 Documental Anal\u00f2gica vs. Digital en LAN Parties L&#8217;organitzaci\u00f3 d&#8217;un esdeveniment per a 100 participants comporta un repte log\u00edstic quant a la documentaci\u00f3 &hellip;<\/p>\n","protected":false},"author":1,"featured_media":0,"parent":1225,"menu_order":0,"comment_status":"closed","ping_status":"closed","template":"","meta":{"footnotes":""},"class_list":["post-1410","page","type-page","status-publish","hentry"],"yoast_head":"<!-- This site is optimized with the Yoast SEO plugin v27.0 - https:\/\/yoast.com\/product\/yoast-seo-wordpress\/ -->\n<title>Analitzar la millora que suposa el registre digital dels participants - Ivan Rodriguez Jimenez<\/title>\n<meta name=\"robots\" content=\"index, follow, max-snippet:-1, max-image-preview:large, max-video-preview:-1\" \/>\n<link rel=\"canonical\" href=\"https:\/\/irodriguez.inscastellbisbal.net\/?page_id=1410\" \/>\n<meta property=\"og:locale\" content=\"ca_ES\" \/>\n<meta property=\"og:type\" content=\"article\" \/>\n<meta property=\"og:title\" content=\"Analitzar la millora que suposa el registre digital dels participants - Ivan Rodriguez Jimenez\" \/>\n<meta property=\"og:description\" content=\"An\u00e0lisi Comparativa: Gesti\u00f3 Documental Anal\u00f2gica vs. Digital en LAN Parties L&#8217;organitzaci\u00f3 d&#8217;un esdeveniment per a 100 participants comporta un repte log\u00edstic quant a la documentaci\u00f3 &hellip;\" \/>\n<meta property=\"og:url\" content=\"https:\/\/irodriguez.inscastellbisbal.net\/?page_id=1410\" \/>\n<meta property=\"og:site_name\" content=\"Ivan Rodriguez Jimenez\" \/>\n<meta property=\"article:modified_time\" content=\"2026-04-14T06:45:26+00:00\" \/>\n<meta name=\"twitter:card\" content=\"summary_large_image\" \/>\n<meta name=\"twitter:label1\" content=\"Temps estimat de lectura\" \/>\n\t<meta name=\"twitter:data1\" content=\"2 minuts\" \/>\n<script type=\"application\/ld+json\" class=\"yoast-schema-graph\">{\"@context\":\"https:\/\/schema.org\",\"@graph\":[{\"@type\":\"WebPage\",\"@id\":\"https:\/\/irodriguez.inscastellbisbal.net\/?page_id=1410\",\"url\":\"https:\/\/irodriguez.inscastellbisbal.net\/?page_id=1410\",\"name\":\"Analitzar la millora que suposa el registre digital dels participants - Ivan Rodriguez Jimenez\",\"isPartOf\":{\"@id\":\"https:\/\/irodriguez.inscastellbisbal.net\/#website\"},\"datePublished\":\"2026-01-28T12:41:19+00:00\",\"dateModified\":\"2026-04-14T06:45:26+00:00\",\"breadcrumb\":{\"@id\":\"https:\/\/irodriguez.inscastellbisbal.net\/?page_id=1410#breadcrumb\"},\"inLanguage\":\"ca\",\"potentialAction\":[{\"@type\":\"ReadAction\",\"target\":[\"https:\/\/irodriguez.inscastellbisbal.net\/?page_id=1410\"]}]},{\"@type\":\"BreadcrumbList\",\"@id\":\"https:\/\/irodriguez.inscastellbisbal.net\/?page_id=1410#breadcrumb\",\"itemListElement\":[{\"@type\":\"ListItem\",\"position\":1,\"name\":\"Inici\",\"item\":\"https:\/\/irodriguez.inscastellbisbal.net\/\"},{\"@type\":\"ListItem\",\"position\":2,\"name\":\"SMX1\",\"item\":\"https:\/\/irodriguez.inscastellbisbal.net\/?page_id=1205\"},{\"@type\":\"ListItem\",\"position\":3,\"name\":\"Repte 1.3\",\"item\":\"https:\/\/irodriguez.inscastellbisbal.net\/?page_id=1207\"},{\"@type\":\"ListItem\",\"position\":4,\"name\":\"LAN Party EcoTech\",\"item\":\"https:\/\/irodriguez.inscastellbisbal.net\/?page_id=1225\"},{\"@type\":\"ListItem\",\"position\":5,\"name\":\"Analitzar la millora que suposa el registre digital dels participants\"}]},{\"@type\":\"WebSite\",\"@id\":\"https:\/\/irodriguez.inscastellbisbal.net\/#website\",\"url\":\"https:\/\/irodriguez.inscastellbisbal.net\/\",\"name\":\"Ivan Rodriguez Jimenez\",\"description\":\"Hola, em dic Iv\u00e1n, tinc 16 anys i actualment estic cursant el meu primer any de cicle formatiu en inform\u00e0tica.  En aquest espai anir\u00e9 compartint el que aprenc: des de conceptes b\u00e0sics de maquinari i programari, fins a programaci\u00f3, xarxes i projectes personals. El meu objectiu \u00e9s anar creixent pas a pas en aquest m\u00f3n de la tecnologia i, al hora, deixar aqu\u00ed un registre del meu progr\u00e9s.  Espero que trobis interessant el contingut i que aquest rac\u00f3 sigui \u00fatil tant per a mi com per a qualsevol que tamb\u00e9 estigui comen\u00e7ant al cam\u00ed de la inform\u00e0tica.\",\"publisher\":{\"@id\":\"https:\/\/irodriguez.inscastellbisbal.net\/#organization\"},\"potentialAction\":[{\"@type\":\"SearchAction\",\"target\":{\"@type\":\"EntryPoint\",\"urlTemplate\":\"https:\/\/irodriguez.inscastellbisbal.net\/?s={search_term_string}\"},\"query-input\":{\"@type\":\"PropertyValueSpecification\",\"valueRequired\":true,\"valueName\":\"search_term_string\"}}],\"inLanguage\":\"ca\"},{\"@type\":\"Organization\",\"@id\":\"https:\/\/irodriguez.inscastellbisbal.net\/#organization\",\"name\":\"Ivan Rodriguez Jimenez\",\"url\":\"https:\/\/irodriguez.inscastellbisbal.net\/\",\"logo\":{\"@type\":\"ImageObject\",\"inLanguage\":\"ca\",\"@id\":\"https:\/\/irodriguez.inscastellbisbal.net\/#\/schema\/logo\/image\/\",\"url\":\"https:\/\/irodriguez.inscastellbisbal.net\/wp-content\/uploads\/2025\/09\/cropped-cropped-ChatGPT-Image-Sep-19-2025-08_40_26-AM.jpg\",\"contentUrl\":\"https:\/\/irodriguez.inscastellbisbal.net\/wp-content\/uploads\/2025\/09\/cropped-cropped-ChatGPT-Image-Sep-19-2025-08_40_26-AM.jpg\",\"width\":1536,\"height\":1024,\"caption\":\"Ivan Rodriguez Jimenez\"},\"image\":{\"@id\":\"https:\/\/irodriguez.inscastellbisbal.net\/#\/schema\/logo\/image\/\"}}]}<\/script>\n<!-- \/ Yoast SEO plugin. -->","yoast_head_json":{"title":"Analitzar la millora que suposa el registre digital dels participants - Ivan Rodriguez Jimenez","robots":{"index":"index","follow":"follow","max-snippet":"max-snippet:-1","max-image-preview":"max-image-preview:large","max-video-preview":"max-video-preview:-1"},"canonical":"https:\/\/irodriguez.inscastellbisbal.net\/?page_id=1410","og_locale":"ca_ES","og_type":"article","og_title":"Analitzar la millora que suposa el registre digital dels participants - Ivan Rodriguez Jimenez","og_description":"An\u00e0lisi Comparativa: Gesti\u00f3 Documental Anal\u00f2gica vs. Digital en LAN Parties L&#8217;organitzaci\u00f3 d&#8217;un esdeveniment per a 100 participants comporta un repte log\u00edstic quant a la documentaci\u00f3 &hellip;","og_url":"https:\/\/irodriguez.inscastellbisbal.net\/?page_id=1410","og_site_name":"Ivan Rodriguez Jimenez","article_modified_time":"2026-04-14T06:45:26+00:00","twitter_card":"summary_large_image","twitter_misc":{"Temps estimat de lectura":"2 minuts"},"schema":{"@context":"https:\/\/schema.org","@graph":[{"@type":"WebPage","@id":"https:\/\/irodriguez.inscastellbisbal.net\/?page_id=1410","url":"https:\/\/irodriguez.inscastellbisbal.net\/?page_id=1410","name":"Analitzar la millora que suposa el registre digital dels participants - Ivan Rodriguez Jimenez","isPartOf":{"@id":"https:\/\/irodriguez.inscastellbisbal.net\/#website"},"datePublished":"2026-01-28T12:41:19+00:00","dateModified":"2026-04-14T06:45:26+00:00","breadcrumb":{"@id":"https:\/\/irodriguez.inscastellbisbal.net\/?page_id=1410#breadcrumb"},"inLanguage":"ca","potentialAction":[{"@type":"ReadAction","target":["https:\/\/irodriguez.inscastellbisbal.net\/?page_id=1410"]}]},{"@type":"BreadcrumbList","@id":"https:\/\/irodriguez.inscastellbisbal.net\/?page_id=1410#breadcrumb","itemListElement":[{"@type":"ListItem","position":1,"name":"Inici","item":"https:\/\/irodriguez.inscastellbisbal.net\/"},{"@type":"ListItem","position":2,"name":"SMX1","item":"https:\/\/irodriguez.inscastellbisbal.net\/?page_id=1205"},{"@type":"ListItem","position":3,"name":"Repte 1.3","item":"https:\/\/irodriguez.inscastellbisbal.net\/?page_id=1207"},{"@type":"ListItem","position":4,"name":"LAN Party EcoTech","item":"https:\/\/irodriguez.inscastellbisbal.net\/?page_id=1225"},{"@type":"ListItem","position":5,"name":"Analitzar la millora que suposa el registre digital dels participants"}]},{"@type":"WebSite","@id":"https:\/\/irodriguez.inscastellbisbal.net\/#website","url":"https:\/\/irodriguez.inscastellbisbal.net\/","name":"Ivan Rodriguez Jimenez","description":"Hola, em dic Iv\u00e1n, tinc 16 anys i actualment estic cursant el meu primer any de cicle formatiu en inform\u00e0tica.  En aquest espai anir\u00e9 compartint el que aprenc: des de conceptes b\u00e0sics de maquinari i programari, fins a programaci\u00f3, xarxes i projectes personals. El meu objectiu \u00e9s anar creixent pas a pas en aquest m\u00f3n de la tecnologia i, al hora, deixar aqu\u00ed un registre del meu progr\u00e9s.  Espero que trobis interessant el contingut i que aquest rac\u00f3 sigui \u00fatil tant per a mi com per a qualsevol que tamb\u00e9 estigui comen\u00e7ant al cam\u00ed de la inform\u00e0tica.","publisher":{"@id":"https:\/\/irodriguez.inscastellbisbal.net\/#organization"},"potentialAction":[{"@type":"SearchAction","target":{"@type":"EntryPoint","urlTemplate":"https:\/\/irodriguez.inscastellbisbal.net\/?s={search_term_string}"},"query-input":{"@type":"PropertyValueSpecification","valueRequired":true,"valueName":"search_term_string"}}],"inLanguage":"ca"},{"@type":"Organization","@id":"https:\/\/irodriguez.inscastellbisbal.net\/#organization","name":"Ivan Rodriguez Jimenez","url":"https:\/\/irodriguez.inscastellbisbal.net\/","logo":{"@type":"ImageObject","inLanguage":"ca","@id":"https:\/\/irodriguez.inscastellbisbal.net\/#\/schema\/logo\/image\/","url":"https:\/\/irodriguez.inscastellbisbal.net\/wp-content\/uploads\/2025\/09\/cropped-cropped-ChatGPT-Image-Sep-19-2025-08_40_26-AM.jpg","contentUrl":"https:\/\/irodriguez.inscastellbisbal.net\/wp-content\/uploads\/2025\/09\/cropped-cropped-ChatGPT-Image-Sep-19-2025-08_40_26-AM.jpg","width":1536,"height":1024,"caption":"Ivan Rodriguez Jimenez"},"image":{"@id":"https:\/\/irodriguez.inscastellbisbal.net\/#\/schema\/logo\/image\/"}}]}},"_links":{"self":[{"href":"https:\/\/irodriguez.inscastellbisbal.net\/index.php?rest_route=\/wp\/v2\/pages\/1410","targetHints":{"allow":["GET"]}}],"collection":[{"href":"https:\/\/irodriguez.inscastellbisbal.net\/index.php?rest_route=\/wp\/v2\/pages"}],"about":[{"href":"https:\/\/irodriguez.inscastellbisbal.net\/index.php?rest_route=\/wp\/v2\/types\/page"}],"author":[{"embeddable":true,"href":"https:\/\/irodriguez.inscastellbisbal.net\/index.php?rest_route=\/wp\/v2\/users\/1"}],"replies":[{"embeddable":true,"href":"https:\/\/irodriguez.inscastellbisbal.net\/index.php?rest_route=%2Fwp%2Fv2%2Fcomments&post=1410"}],"version-history":[{"count":4,"href":"https:\/\/irodriguez.inscastellbisbal.net\/index.php?rest_route=\/wp\/v2\/pages\/1410\/revisions"}],"predecessor-version":[{"id":2062,"href":"https:\/\/irodriguez.inscastellbisbal.net\/index.php?rest_route=\/wp\/v2\/pages\/1410\/revisions\/2062"}],"up":[{"embeddable":true,"href":"https:\/\/irodriguez.inscastellbisbal.net\/index.php?rest_route=\/wp\/v2\/pages\/1225"}],"wp:attachment":[{"href":"https:\/\/irodriguez.inscastellbisbal.net\/index.php?rest_route=%2Fwp%2Fv2%2Fmedia&parent=1410"}],"curies":[{"name":"wp","href":"https:\/\/api.w.org\/{rel}","templated":true}]}}