{"id":1568,"date":"2026-02-10T07:38:18","date_gmt":"2026-02-10T07:38:18","guid":{"rendered":"https:\/\/irodriguez.inscastellbisbal.net\/?page_id=1568"},"modified":"2026-04-20T07:33:53","modified_gmt":"2026-04-20T07:33:53","slug":"informe-ipop-final","status":"publish","type":"page","link":"https:\/\/irodriguez.inscastellbisbal.net\/?page_id=1568","title":{"rendered":"Informe iPOP final"},"content":{"rendered":"\t\t<div data-elementor-type=\"wp-page\" data-elementor-id=\"1568\" class=\"elementor elementor-1568\">\n\t\t\t\t<div class=\"elementor-element elementor-element-56191a0d e-flex e-con-boxed e-con e-parent\" data-id=\"56191a0d\" data-element_type=\"container\" data-e-type=\"container\">\n\t\t\t\t\t<div class=\"e-con-inner\">\n\t\t\t\t<div class=\"elementor-element elementor-element-277c931c elementor-widget elementor-widget-text-editor\" data-id=\"277c931c\" data-element_type=\"widget\" data-e-type=\"widget\" data-widget_type=\"text-editor.default\">\n\t\t\t\t\t\t\t\t\t\n<div data-wp-interactive=\"core\/file\" class=\"wp-block-file\"><object data-wp-bind--hidden=\"!state.hasPdfPreview\" hidden class=\"wp-block-file__embed\" style=\"width: 100%; height: 600px;\" data=\"https:\/\/irodriguez.inscastellbisbal.net\/wp-content\/uploads\/2026\/03\/Copia-de-Informe-Final.pptx-1_compressed.pdf\" type=\"application\/pdf\" width=\"300\" height=\"150\" aria-label=\"Incrustaci\u00f3 del fitxer _C\u00f2pia de Informe Final.pptx (1)_compressed.\"><\/object><a id=\"wp-block-file--media-a230db55-41a9-4454-8bd7-ccbb1eca22d3\" href=\"https:\/\/irodriguez.inscastellbisbal.net\/wp-content\/uploads\/2026\/03\/Copia-de-Informe-Final.pptx-1_compressed.pdf\">_C\u00f2pia de Informe Final.pptx (1)_compressed<\/a><a class=\"wp-block-file__button wp-element-button\" href=\"https:\/\/irodriguez.inscastellbisbal.net\/wp-content\/uploads\/2026\/03\/Copia-de-Informe-Final.pptx-1_compressed.pdf\" download=\"\" aria-describedby=\"wp-block-file--media-a230db55-41a9-4454-8bd7-ccbb1eca22d3\">Baixa<\/a><\/div>\n\t\t\t\t\t\t\t\t<\/div>\n\t\t\t\t<div class=\"elementor-element elementor-element-df36fda elementor-widget elementor-widget-heading\" data-id=\"df36fda\" data-element_type=\"widget\" data-e-type=\"widget\" data-widget_type=\"heading.default\">\n\t\t\t\t\t<h2 class=\"elementor-heading-title elementor-size-default\">Afegeix aqu\u00ed el text de cap\u00e7alera<\/h2>\t\t\t\t<\/div>\n\t\t\t\t<div class=\"elementor-element elementor-element-2720b54 elementor-widget elementor-widget-heading\" data-id=\"2720b54\" data-element_type=\"widget\" data-e-type=\"widget\" data-widget_type=\"heading.default\">\n\t\t\t\t\t<h2 class=\"elementor-heading-title elementor-size-default\">Afegeix aqu\u00ed el text de cap\u00e7alera<\/h2>\t\t\t\t<\/div>\n\t\t\t\t<div class=\"elementor-element elementor-element-4a80602 elementor-widget elementor-widget-heading\" data-id=\"4a80602\" data-element_type=\"widget\" data-e-type=\"widget\" data-widget_type=\"heading.default\">\n\t\t\t\t\t<h2 class=\"elementor-heading-title elementor-size-default\">Afegeix aqu\u00ed el text de cap\u00e7alera<\/h2>\t\t\t\t<\/div>\n\t\t\t\t\t<\/div>\n\t\t\t\t<\/div>\n\t\t<div class=\"elementor-element elementor-element-601c14b e-flex e-con-boxed e-con e-parent\" data-id=\"601c14b\" data-element_type=\"container\" data-e-type=\"container\">\n\t\t\t\t\t<div class=\"e-con-inner\">\n\t\t\t\t\t<\/div>\n\t\t\t\t<\/div>\n\t\t\t\t<\/div>\n\t\t","protected":false},"excerpt":{"rendered":"<p>Afegeix aqu\u00ed el text de cap\u00e7alera Afegeix aqu\u00ed el text de cap\u00e7alera Afegeix aqu\u00ed el text de cap\u00e7alera<\/p>\n","protected":false},"author":1,"featured_media":0,"parent":1540,"menu_order":0,"comment_status":"closed","ping_status":"closed","template":"","meta":{"footnotes":""},"class_list":["post-1568","page","type-page","status-publish","hentry"],"yoast_head":"<!-- This site is optimized with the Yoast SEO plugin v27.0 - https:\/\/yoast.com\/product\/yoast-seo-wordpress\/ -->\n<title>Informe iPOP final - Ivan Rodriguez Jimenez<\/title>\n<meta name=\"robots\" content=\"index, follow, max-snippet:-1, max-image-preview:large, max-video-preview:-1\" \/>\n<link rel=\"canonical\" href=\"https:\/\/irodriguez.inscastellbisbal.net\/?page_id=1568\" \/>\n<meta property=\"og:locale\" content=\"ca_ES\" \/>\n<meta property=\"og:type\" content=\"article\" \/>\n<meta property=\"og:title\" content=\"Informe iPOP final - Ivan Rodriguez Jimenez\" \/>\n<meta property=\"og:description\" content=\"Afegeix aqu\u00ed el text de cap\u00e7alera Afegeix aqu\u00ed el text de cap\u00e7alera Afegeix aqu\u00ed el text de cap\u00e7alera\" \/>\n<meta property=\"og:url\" content=\"https:\/\/irodriguez.inscastellbisbal.net\/?page_id=1568\" \/>\n<meta property=\"og:site_name\" content=\"Ivan Rodriguez Jimenez\" \/>\n<meta property=\"article:modified_time\" content=\"2026-04-20T07:33:53+00:00\" \/>\n<meta name=\"twitter:card\" content=\"summary_large_image\" \/>\n<meta name=\"twitter:label1\" content=\"Temps estimat de lectura\" \/>\n\t<meta name=\"twitter:data1\" content=\"1 minut\" \/>\n<script type=\"application\/ld+json\" class=\"yoast-schema-graph\">{\"@context\":\"https:\/\/schema.org\",\"@graph\":[{\"@type\":\"WebPage\",\"@id\":\"https:\/\/irodriguez.inscastellbisbal.net\/?page_id=1568\",\"url\":\"https:\/\/irodriguez.inscastellbisbal.net\/?page_id=1568\",\"name\":\"Informe iPOP final - Ivan Rodriguez Jimenez\",\"isPartOf\":{\"@id\":\"https:\/\/irodriguez.inscastellbisbal.net\/#website\"},\"datePublished\":\"2026-02-10T07:38:18+00:00\",\"dateModified\":\"2026-04-20T07:33:53+00:00\",\"breadcrumb\":{\"@id\":\"https:\/\/irodriguez.inscastellbisbal.net\/?page_id=1568#breadcrumb\"},\"inLanguage\":\"ca\",\"potentialAction\":[{\"@type\":\"ReadAction\",\"target\":[\"https:\/\/irodriguez.inscastellbisbal.net\/?page_id=1568\"]}]},{\"@type\":\"BreadcrumbList\",\"@id\":\"https:\/\/irodriguez.inscastellbisbal.net\/?page_id=1568#breadcrumb\",\"itemListElement\":[{\"@type\":\"ListItem\",\"position\":1,\"name\":\"Inici\",\"item\":\"https:\/\/irodriguez.inscastellbisbal.net\/\"},{\"@type\":\"ListItem\",\"position\":2,\"name\":\"SMX1\",\"item\":\"https:\/\/irodriguez.inscastellbisbal.net\/?page_id=1205\"},{\"@type\":\"ListItem\",\"position\":3,\"name\":\"Repte 1.4\",\"item\":\"https:\/\/irodriguez.inscastellbisbal.net\/?page_id=1209\"},{\"@type\":\"ListItem\",\"position\":4,\"name\":\"IPOP\",\"item\":\"https:\/\/irodriguez.inscastellbisbal.net\/?page_id=1540\"},{\"@type\":\"ListItem\",\"position\":5,\"name\":\"Informe iPOP final\"}]},{\"@type\":\"WebSite\",\"@id\":\"https:\/\/irodriguez.inscastellbisbal.net\/#website\",\"url\":\"https:\/\/irodriguez.inscastellbisbal.net\/\",\"name\":\"Ivan Rodriguez Jimenez\",\"description\":\"Hola, em dic Iv\u00e1n, tinc 16 anys i actualment estic cursant el meu primer any de cicle formatiu en inform\u00e0tica.  En aquest espai anir\u00e9 compartint el que aprenc: des de conceptes b\u00e0sics de maquinari i programari, fins a programaci\u00f3, xarxes i projectes personals. El meu objectiu \u00e9s anar creixent pas a pas en aquest m\u00f3n de la tecnologia i, al hora, deixar aqu\u00ed un registre del meu progr\u00e9s.  Espero que trobis interessant el contingut i que aquest rac\u00f3 sigui \u00fatil tant per a mi com per a qualsevol que tamb\u00e9 estigui comen\u00e7ant al cam\u00ed de la inform\u00e0tica.\",\"publisher\":{\"@id\":\"https:\/\/irodriguez.inscastellbisbal.net\/#organization\"},\"potentialAction\":[{\"@type\":\"SearchAction\",\"target\":{\"@type\":\"EntryPoint\",\"urlTemplate\":\"https:\/\/irodriguez.inscastellbisbal.net\/?s={search_term_string}\"},\"query-input\":{\"@type\":\"PropertyValueSpecification\",\"valueRequired\":true,\"valueName\":\"search_term_string\"}}],\"inLanguage\":\"ca\"},{\"@type\":\"Organization\",\"@id\":\"https:\/\/irodriguez.inscastellbisbal.net\/#organization\",\"name\":\"Ivan Rodriguez Jimenez\",\"url\":\"https:\/\/irodriguez.inscastellbisbal.net\/\",\"logo\":{\"@type\":\"ImageObject\",\"inLanguage\":\"ca\",\"@id\":\"https:\/\/irodriguez.inscastellbisbal.net\/#\/schema\/logo\/image\/\",\"url\":\"https:\/\/irodriguez.inscastellbisbal.net\/wp-content\/uploads\/2025\/09\/cropped-cropped-ChatGPT-Image-Sep-19-2025-08_40_26-AM.jpg\",\"contentUrl\":\"https:\/\/irodriguez.inscastellbisbal.net\/wp-content\/uploads\/2025\/09\/cropped-cropped-ChatGPT-Image-Sep-19-2025-08_40_26-AM.jpg\",\"width\":1536,\"height\":1024,\"caption\":\"Ivan Rodriguez Jimenez\"},\"image\":{\"@id\":\"https:\/\/irodriguez.inscastellbisbal.net\/#\/schema\/logo\/image\/\"}}]}<\/script>\n<!-- \/ Yoast SEO plugin. -->","yoast_head_json":{"title":"Informe iPOP final - Ivan Rodriguez Jimenez","robots":{"index":"index","follow":"follow","max-snippet":"max-snippet:-1","max-image-preview":"max-image-preview:large","max-video-preview":"max-video-preview:-1"},"canonical":"https:\/\/irodriguez.inscastellbisbal.net\/?page_id=1568","og_locale":"ca_ES","og_type":"article","og_title":"Informe iPOP final - Ivan Rodriguez Jimenez","og_description":"Afegeix aqu\u00ed el text de cap\u00e7alera Afegeix aqu\u00ed el text de cap\u00e7alera Afegeix aqu\u00ed el text de cap\u00e7alera","og_url":"https:\/\/irodriguez.inscastellbisbal.net\/?page_id=1568","og_site_name":"Ivan Rodriguez Jimenez","article_modified_time":"2026-04-20T07:33:53+00:00","twitter_card":"summary_large_image","twitter_misc":{"Temps estimat de lectura":"1 minut"},"schema":{"@context":"https:\/\/schema.org","@graph":[{"@type":"WebPage","@id":"https:\/\/irodriguez.inscastellbisbal.net\/?page_id=1568","url":"https:\/\/irodriguez.inscastellbisbal.net\/?page_id=1568","name":"Informe iPOP final - Ivan Rodriguez Jimenez","isPartOf":{"@id":"https:\/\/irodriguez.inscastellbisbal.net\/#website"},"datePublished":"2026-02-10T07:38:18+00:00","dateModified":"2026-04-20T07:33:53+00:00","breadcrumb":{"@id":"https:\/\/irodriguez.inscastellbisbal.net\/?page_id=1568#breadcrumb"},"inLanguage":"ca","potentialAction":[{"@type":"ReadAction","target":["https:\/\/irodriguez.inscastellbisbal.net\/?page_id=1568"]}]},{"@type":"BreadcrumbList","@id":"https:\/\/irodriguez.inscastellbisbal.net\/?page_id=1568#breadcrumb","itemListElement":[{"@type":"ListItem","position":1,"name":"Inici","item":"https:\/\/irodriguez.inscastellbisbal.net\/"},{"@type":"ListItem","position":2,"name":"SMX1","item":"https:\/\/irodriguez.inscastellbisbal.net\/?page_id=1205"},{"@type":"ListItem","position":3,"name":"Repte 1.4","item":"https:\/\/irodriguez.inscastellbisbal.net\/?page_id=1209"},{"@type":"ListItem","position":4,"name":"IPOP","item":"https:\/\/irodriguez.inscastellbisbal.net\/?page_id=1540"},{"@type":"ListItem","position":5,"name":"Informe iPOP final"}]},{"@type":"WebSite","@id":"https:\/\/irodriguez.inscastellbisbal.net\/#website","url":"https:\/\/irodriguez.inscastellbisbal.net\/","name":"Ivan Rodriguez Jimenez","description":"Hola, em dic Iv\u00e1n, tinc 16 anys i actualment estic cursant el meu primer any de cicle formatiu en inform\u00e0tica.  En aquest espai anir\u00e9 compartint el que aprenc: des de conceptes b\u00e0sics de maquinari i programari, fins a programaci\u00f3, xarxes i projectes personals. El meu objectiu \u00e9s anar creixent pas a pas en aquest m\u00f3n de la tecnologia i, al hora, deixar aqu\u00ed un registre del meu progr\u00e9s.  Espero que trobis interessant el contingut i que aquest rac\u00f3 sigui \u00fatil tant per a mi com per a qualsevol que tamb\u00e9 estigui comen\u00e7ant al cam\u00ed de la inform\u00e0tica.","publisher":{"@id":"https:\/\/irodriguez.inscastellbisbal.net\/#organization"},"potentialAction":[{"@type":"SearchAction","target":{"@type":"EntryPoint","urlTemplate":"https:\/\/irodriguez.inscastellbisbal.net\/?s={search_term_string}"},"query-input":{"@type":"PropertyValueSpecification","valueRequired":true,"valueName":"search_term_string"}}],"inLanguage":"ca"},{"@type":"Organization","@id":"https:\/\/irodriguez.inscastellbisbal.net\/#organization","name":"Ivan Rodriguez Jimenez","url":"https:\/\/irodriguez.inscastellbisbal.net\/","logo":{"@type":"ImageObject","inLanguage":"ca","@id":"https:\/\/irodriguez.inscastellbisbal.net\/#\/schema\/logo\/image\/","url":"https:\/\/irodriguez.inscastellbisbal.net\/wp-content\/uploads\/2025\/09\/cropped-cropped-ChatGPT-Image-Sep-19-2025-08_40_26-AM.jpg","contentUrl":"https:\/\/irodriguez.inscastellbisbal.net\/wp-content\/uploads\/2025\/09\/cropped-cropped-ChatGPT-Image-Sep-19-2025-08_40_26-AM.jpg","width":1536,"height":1024,"caption":"Ivan Rodriguez Jimenez"},"image":{"@id":"https:\/\/irodriguez.inscastellbisbal.net\/#\/schema\/logo\/image\/"}}]}},"_links":{"self":[{"href":"https:\/\/irodriguez.inscastellbisbal.net\/index.php?rest_route=\/wp\/v2\/pages\/1568","targetHints":{"allow":["GET"]}}],"collection":[{"href":"https:\/\/irodriguez.inscastellbisbal.net\/index.php?rest_route=\/wp\/v2\/pages"}],"about":[{"href":"https:\/\/irodriguez.inscastellbisbal.net\/index.php?rest_route=\/wp\/v2\/types\/page"}],"author":[{"embeddable":true,"href":"https:\/\/irodriguez.inscastellbisbal.net\/index.php?rest_route=\/wp\/v2\/users\/1"}],"replies":[{"embeddable":true,"href":"https:\/\/irodriguez.inscastellbisbal.net\/index.php?rest_route=%2Fwp%2Fv2%2Fcomments&post=1568"}],"version-history":[{"count":13,"href":"https:\/\/irodriguez.inscastellbisbal.net\/index.php?rest_route=\/wp\/v2\/pages\/1568\/revisions"}],"predecessor-version":[{"id":2123,"href":"https:\/\/irodriguez.inscastellbisbal.net\/index.php?rest_route=\/wp\/v2\/pages\/1568\/revisions\/2123"}],"up":[{"embeddable":true,"href":"https:\/\/irodriguez.inscastellbisbal.net\/index.php?rest_route=\/wp\/v2\/pages\/1540"}],"wp:attachment":[{"href":"https:\/\/irodriguez.inscastellbisbal.net\/index.php?rest_route=%2Fwp%2Fv2%2Fmedia&parent=1568"}],"curies":[{"name":"wp","href":"https:\/\/api.w.org\/{rel}","templated":true}]}}