{"id":1598,"date":"2026-02-10T10:37:05","date_gmt":"2026-02-10T10:37:05","guid":{"rendered":"https:\/\/irodriguez.inscastellbisbal.net\/?page_id=1598"},"modified":"2026-03-23T10:41:40","modified_gmt":"2026-03-23T10:41:40","slug":"creacio-denllacos-entre-pagines-que-tinguin-relacio-dins-del-lloc-web","status":"publish","type":"page","link":"https:\/\/irodriguez.inscastellbisbal.net\/?page_id=1598","title":{"rendered":"Creaci\u00f3 d\u2019enlla\u00e7os entre p\u00e0gines que tinguin relaci\u00f3 dins del lloc web"},"content":{"rendered":"\n<p>Tots els enlla\u00e7os t\u2019emporten a la nostra web o a la d\u2019un company<\/p>\n\n\n\n<figure class=\"wp-block-image size-large\"><img fetchpriority=\"high\" decoding=\"async\" width=\"1024\" height=\"188\" src=\"https:\/\/irodriguez.inscastellbisbal.net\/wp-content\/uploads\/2026\/03\/Screenshot-2026-03-23-at-11-38-06-HelpDesk-Ivan-Rodriguez-Jimenez-1024x188.png\" alt=\"\" class=\"wp-image-1923\" srcset=\"https:\/\/irodriguez.inscastellbisbal.net\/wp-content\/uploads\/2026\/03\/Screenshot-2026-03-23-at-11-38-06-HelpDesk-Ivan-Rodriguez-Jimenez-1024x188.png 1024w, https:\/\/irodriguez.inscastellbisbal.net\/wp-content\/uploads\/2026\/03\/Screenshot-2026-03-23-at-11-38-06-HelpDesk-Ivan-Rodriguez-Jimenez-300x55.png 300w, https:\/\/irodriguez.inscastellbisbal.net\/wp-content\/uploads\/2026\/03\/Screenshot-2026-03-23-at-11-38-06-HelpDesk-Ivan-Rodriguez-Jimenez-768x141.png 768w, https:\/\/irodriguez.inscastellbisbal.net\/wp-content\/uploads\/2026\/03\/Screenshot-2026-03-23-at-11-38-06-HelpDesk-Ivan-Rodriguez-Jimenez-1536x283.png 1536w, https:\/\/irodriguez.inscastellbisbal.net\/wp-content\/uploads\/2026\/03\/Screenshot-2026-03-23-at-11-38-06-HelpDesk-Ivan-Rodriguez-Jimenez-496x91.png 496w, https:\/\/irodriguez.inscastellbisbal.net\/wp-content\/uploads\/2026\/03\/Screenshot-2026-03-23-at-11-38-06-HelpDesk-Ivan-Rodriguez-Jimenez.png 1908w\" sizes=\"(max-width: 1024px) 100vw, 1024px\" \/><\/figure>\n\n\n\n<figure class=\"wp-block-image size-large\"><img decoding=\"async\" width=\"1024\" height=\"97\" src=\"https:\/\/irodriguez.inscastellbisbal.net\/wp-content\/uploads\/2026\/03\/Screenshot-2026-03-23-at-11-38-38-SMX1-Ivan-Rodriguez-Jimenez-1024x97.png\" alt=\"\" class=\"wp-image-1924\" srcset=\"https:\/\/irodriguez.inscastellbisbal.net\/wp-content\/uploads\/2026\/03\/Screenshot-2026-03-23-at-11-38-38-SMX1-Ivan-Rodriguez-Jimenez-1024x97.png 1024w, https:\/\/irodriguez.inscastellbisbal.net\/wp-content\/uploads\/2026\/03\/Screenshot-2026-03-23-at-11-38-38-SMX1-Ivan-Rodriguez-Jimenez-300x28.png 300w, https:\/\/irodriguez.inscastellbisbal.net\/wp-content\/uploads\/2026\/03\/Screenshot-2026-03-23-at-11-38-38-SMX1-Ivan-Rodriguez-Jimenez-768x72.png 768w, https:\/\/irodriguez.inscastellbisbal.net\/wp-content\/uploads\/2026\/03\/Screenshot-2026-03-23-at-11-38-38-SMX1-Ivan-Rodriguez-Jimenez-1536x145.png 1536w, https:\/\/irodriguez.inscastellbisbal.net\/wp-content\/uploads\/2026\/03\/Screenshot-2026-03-23-at-11-38-38-SMX1-Ivan-Rodriguez-Jimenez-496x47.png 496w, https:\/\/irodriguez.inscastellbisbal.net\/wp-content\/uploads\/2026\/03\/Screenshot-2026-03-23-at-11-38-38-SMX1-Ivan-Rodriguez-Jimenez.png 1908w\" sizes=\"(max-width: 1024px) 100vw, 1024px\" \/><\/figure>\n","protected":false},"excerpt":{"rendered":"<p>Tots els enlla\u00e7os t\u2019emporten a la nostra web o a la d\u2019un company<\/p>\n","protected":false},"author":1,"featured_media":0,"parent":1542,"menu_order":0,"comment_status":"closed","ping_status":"closed","template":"","meta":{"footnotes":""},"class_list":["post-1598","page","type-page","status-publish","hentry"],"yoast_head":"<!-- This site is optimized with the Yoast SEO plugin v27.0 - https:\/\/yoast.com\/product\/yoast-seo-wordpress\/ -->\n<title>Creaci\u00f3 d\u2019enlla\u00e7os entre p\u00e0gines que tinguin relaci\u00f3 dins del lloc web - Ivan Rodriguez Jimenez<\/title>\n<meta name=\"robots\" content=\"index, follow, max-snippet:-1, max-image-preview:large, max-video-preview:-1\" \/>\n<link rel=\"canonical\" href=\"https:\/\/irodriguez.inscastellbisbal.net\/?page_id=1598\" \/>\n<meta property=\"og:locale\" content=\"ca_ES\" \/>\n<meta property=\"og:type\" content=\"article\" \/>\n<meta property=\"og:title\" content=\"Creaci\u00f3 d\u2019enlla\u00e7os entre p\u00e0gines que tinguin relaci\u00f3 dins del lloc web - Ivan Rodriguez Jimenez\" \/>\n<meta property=\"og:description\" content=\"Tots els enlla\u00e7os t\u2019emporten a la nostra web o a la d\u2019un company\" \/>\n<meta property=\"og:url\" content=\"https:\/\/irodriguez.inscastellbisbal.net\/?page_id=1598\" \/>\n<meta property=\"og:site_name\" content=\"Ivan Rodriguez Jimenez\" \/>\n<meta property=\"article:modified_time\" content=\"2026-03-23T10:41:40+00:00\" \/>\n<meta property=\"og:image\" content=\"https:\/\/irodriguez.inscastellbisbal.net\/wp-content\/uploads\/2026\/03\/Screenshot-2026-03-23-at-11-38-06-HelpDesk-Ivan-Rodriguez-Jimenez.png\" \/>\n\t<meta property=\"og:image:width\" content=\"1908\" \/>\n\t<meta property=\"og:image:height\" content=\"351\" \/>\n\t<meta property=\"og:image:type\" content=\"image\/png\" \/>\n<meta name=\"twitter:card\" content=\"summary_large_image\" \/>\n<meta name=\"twitter:label1\" content=\"Temps estimat de lectura\" \/>\n\t<meta name=\"twitter:data1\" content=\"1 minut\" \/>\n<script type=\"application\/ld+json\" class=\"yoast-schema-graph\">{\"@context\":\"https:\/\/schema.org\",\"@graph\":[{\"@type\":\"WebPage\",\"@id\":\"https:\/\/irodriguez.inscastellbisbal.net\/?page_id=1598\",\"url\":\"https:\/\/irodriguez.inscastellbisbal.net\/?page_id=1598\",\"name\":\"Creaci\u00f3 d\u2019enlla\u00e7os entre p\u00e0gines que tinguin relaci\u00f3 dins del lloc web - Ivan Rodriguez Jimenez\",\"isPartOf\":{\"@id\":\"https:\/\/irodriguez.inscastellbisbal.net\/#website\"},\"primaryImageOfPage\":{\"@id\":\"https:\/\/irodriguez.inscastellbisbal.net\/?page_id=1598#primaryimage\"},\"image\":{\"@id\":\"https:\/\/irodriguez.inscastellbisbal.net\/?page_id=1598#primaryimage\"},\"thumbnailUrl\":\"https:\/\/irodriguez.inscastellbisbal.net\/wp-content\/uploads\/2026\/03\/Screenshot-2026-03-23-at-11-38-06-HelpDesk-Ivan-Rodriguez-Jimenez-1024x188.png\",\"datePublished\":\"2026-02-10T10:37:05+00:00\",\"dateModified\":\"2026-03-23T10:41:40+00:00\",\"breadcrumb\":{\"@id\":\"https:\/\/irodriguez.inscastellbisbal.net\/?page_id=1598#breadcrumb\"},\"inLanguage\":\"ca\",\"potentialAction\":[{\"@type\":\"ReadAction\",\"target\":[\"https:\/\/irodriguez.inscastellbisbal.net\/?page_id=1598\"]}]},{\"@type\":\"ImageObject\",\"inLanguage\":\"ca\",\"@id\":\"https:\/\/irodriguez.inscastellbisbal.net\/?page_id=1598#primaryimage\",\"url\":\"https:\/\/irodriguez.inscastellbisbal.net\/wp-content\/uploads\/2026\/03\/Screenshot-2026-03-23-at-11-38-06-HelpDesk-Ivan-Rodriguez-Jimenez.png\",\"contentUrl\":\"https:\/\/irodriguez.inscastellbisbal.net\/wp-content\/uploads\/2026\/03\/Screenshot-2026-03-23-at-11-38-06-HelpDesk-Ivan-Rodriguez-Jimenez.png\",\"width\":1908,\"height\":351},{\"@type\":\"BreadcrumbList\",\"@id\":\"https:\/\/irodriguez.inscastellbisbal.net\/?page_id=1598#breadcrumb\",\"itemListElement\":[{\"@type\":\"ListItem\",\"position\":1,\"name\":\"Inici\",\"item\":\"https:\/\/irodriguez.inscastellbisbal.net\/\"},{\"@type\":\"ListItem\",\"position\":2,\"name\":\"SMX1\",\"item\":\"https:\/\/irodriguez.inscastellbisbal.net\/?page_id=1205\"},{\"@type\":\"ListItem\",\"position\":3,\"name\":\"Repte 1.4\",\"item\":\"https:\/\/irodriguez.inscastellbisbal.net\/?page_id=1209\"},{\"@type\":\"ListItem\",\"position\":4,\"name\":\"Adaptaci\u00f3 Portafolis\",\"item\":\"https:\/\/irodriguez.inscastellbisbal.net\/?page_id=1542\"},{\"@type\":\"ListItem\",\"position\":5,\"name\":\"Creaci\u00f3 d\u2019enlla\u00e7os entre p\u00e0gines que tinguin relaci\u00f3 dins del lloc web\"}]},{\"@type\":\"WebSite\",\"@id\":\"https:\/\/irodriguez.inscastellbisbal.net\/#website\",\"url\":\"https:\/\/irodriguez.inscastellbisbal.net\/\",\"name\":\"Ivan Rodriguez Jimenez\",\"description\":\"Hola, em dic Iv\u00e1n, tinc 16 anys i actualment estic cursant el meu primer any de cicle formatiu en inform\u00e0tica.  En aquest espai anir\u00e9 compartint el que aprenc: des de conceptes b\u00e0sics de maquinari i programari, fins a programaci\u00f3, xarxes i projectes personals. El meu objectiu \u00e9s anar creixent pas a pas en aquest m\u00f3n de la tecnologia i, al hora, deixar aqu\u00ed un registre del meu progr\u00e9s.  Espero que trobis interessant el contingut i que aquest rac\u00f3 sigui \u00fatil tant per a mi com per a qualsevol que tamb\u00e9 estigui comen\u00e7ant al cam\u00ed de la inform\u00e0tica.\",\"publisher\":{\"@id\":\"https:\/\/irodriguez.inscastellbisbal.net\/#organization\"},\"potentialAction\":[{\"@type\":\"SearchAction\",\"target\":{\"@type\":\"EntryPoint\",\"urlTemplate\":\"https:\/\/irodriguez.inscastellbisbal.net\/?s={search_term_string}\"},\"query-input\":{\"@type\":\"PropertyValueSpecification\",\"valueRequired\":true,\"valueName\":\"search_term_string\"}}],\"inLanguage\":\"ca\"},{\"@type\":\"Organization\",\"@id\":\"https:\/\/irodriguez.inscastellbisbal.net\/#organization\",\"name\":\"Ivan Rodriguez Jimenez\",\"url\":\"https:\/\/irodriguez.inscastellbisbal.net\/\",\"logo\":{\"@type\":\"ImageObject\",\"inLanguage\":\"ca\",\"@id\":\"https:\/\/irodriguez.inscastellbisbal.net\/#\/schema\/logo\/image\/\",\"url\":\"https:\/\/irodriguez.inscastellbisbal.net\/wp-content\/uploads\/2025\/09\/cropped-cropped-ChatGPT-Image-Sep-19-2025-08_40_26-AM.jpg\",\"contentUrl\":\"https:\/\/irodriguez.inscastellbisbal.net\/wp-content\/uploads\/2025\/09\/cropped-cropped-ChatGPT-Image-Sep-19-2025-08_40_26-AM.jpg\",\"width\":1536,\"height\":1024,\"caption\":\"Ivan Rodriguez Jimenez\"},\"image\":{\"@id\":\"https:\/\/irodriguez.inscastellbisbal.net\/#\/schema\/logo\/image\/\"}}]}<\/script>\n<!-- \/ Yoast SEO plugin. -->","yoast_head_json":{"title":"Creaci\u00f3 d\u2019enlla\u00e7os entre p\u00e0gines que tinguin relaci\u00f3 dins del lloc web - Ivan Rodriguez Jimenez","robots":{"index":"index","follow":"follow","max-snippet":"max-snippet:-1","max-image-preview":"max-image-preview:large","max-video-preview":"max-video-preview:-1"},"canonical":"https:\/\/irodriguez.inscastellbisbal.net\/?page_id=1598","og_locale":"ca_ES","og_type":"article","og_title":"Creaci\u00f3 d\u2019enlla\u00e7os entre p\u00e0gines que tinguin relaci\u00f3 dins del lloc web - Ivan Rodriguez Jimenez","og_description":"Tots els enlla\u00e7os t\u2019emporten a la nostra web o a la d\u2019un company","og_url":"https:\/\/irodriguez.inscastellbisbal.net\/?page_id=1598","og_site_name":"Ivan Rodriguez Jimenez","article_modified_time":"2026-03-23T10:41:40+00:00","og_image":[{"width":1908,"height":351,"url":"https:\/\/irodriguez.inscastellbisbal.net\/wp-content\/uploads\/2026\/03\/Screenshot-2026-03-23-at-11-38-06-HelpDesk-Ivan-Rodriguez-Jimenez.png","type":"image\/png"}],"twitter_card":"summary_large_image","twitter_misc":{"Temps estimat de lectura":"1 minut"},"schema":{"@context":"https:\/\/schema.org","@graph":[{"@type":"WebPage","@id":"https:\/\/irodriguez.inscastellbisbal.net\/?page_id=1598","url":"https:\/\/irodriguez.inscastellbisbal.net\/?page_id=1598","name":"Creaci\u00f3 d\u2019enlla\u00e7os entre p\u00e0gines que tinguin relaci\u00f3 dins del lloc web - Ivan Rodriguez Jimenez","isPartOf":{"@id":"https:\/\/irodriguez.inscastellbisbal.net\/#website"},"primaryImageOfPage":{"@id":"https:\/\/irodriguez.inscastellbisbal.net\/?page_id=1598#primaryimage"},"image":{"@id":"https:\/\/irodriguez.inscastellbisbal.net\/?page_id=1598#primaryimage"},"thumbnailUrl":"https:\/\/irodriguez.inscastellbisbal.net\/wp-content\/uploads\/2026\/03\/Screenshot-2026-03-23-at-11-38-06-HelpDesk-Ivan-Rodriguez-Jimenez-1024x188.png","datePublished":"2026-02-10T10:37:05+00:00","dateModified":"2026-03-23T10:41:40+00:00","breadcrumb":{"@id":"https:\/\/irodriguez.inscastellbisbal.net\/?page_id=1598#breadcrumb"},"inLanguage":"ca","potentialAction":[{"@type":"ReadAction","target":["https:\/\/irodriguez.inscastellbisbal.net\/?page_id=1598"]}]},{"@type":"ImageObject","inLanguage":"ca","@id":"https:\/\/irodriguez.inscastellbisbal.net\/?page_id=1598#primaryimage","url":"https:\/\/irodriguez.inscastellbisbal.net\/wp-content\/uploads\/2026\/03\/Screenshot-2026-03-23-at-11-38-06-HelpDesk-Ivan-Rodriguez-Jimenez.png","contentUrl":"https:\/\/irodriguez.inscastellbisbal.net\/wp-content\/uploads\/2026\/03\/Screenshot-2026-03-23-at-11-38-06-HelpDesk-Ivan-Rodriguez-Jimenez.png","width":1908,"height":351},{"@type":"BreadcrumbList","@id":"https:\/\/irodriguez.inscastellbisbal.net\/?page_id=1598#breadcrumb","itemListElement":[{"@type":"ListItem","position":1,"name":"Inici","item":"https:\/\/irodriguez.inscastellbisbal.net\/"},{"@type":"ListItem","position":2,"name":"SMX1","item":"https:\/\/irodriguez.inscastellbisbal.net\/?page_id=1205"},{"@type":"ListItem","position":3,"name":"Repte 1.4","item":"https:\/\/irodriguez.inscastellbisbal.net\/?page_id=1209"},{"@type":"ListItem","position":4,"name":"Adaptaci\u00f3 Portafolis","item":"https:\/\/irodriguez.inscastellbisbal.net\/?page_id=1542"},{"@type":"ListItem","position":5,"name":"Creaci\u00f3 d\u2019enlla\u00e7os entre p\u00e0gines que tinguin relaci\u00f3 dins del lloc web"}]},{"@type":"WebSite","@id":"https:\/\/irodriguez.inscastellbisbal.net\/#website","url":"https:\/\/irodriguez.inscastellbisbal.net\/","name":"Ivan Rodriguez Jimenez","description":"Hola, em dic Iv\u00e1n, tinc 16 anys i actualment estic cursant el meu primer any de cicle formatiu en inform\u00e0tica.  En aquest espai anir\u00e9 compartint el que aprenc: des de conceptes b\u00e0sics de maquinari i programari, fins a programaci\u00f3, xarxes i projectes personals. El meu objectiu \u00e9s anar creixent pas a pas en aquest m\u00f3n de la tecnologia i, al hora, deixar aqu\u00ed un registre del meu progr\u00e9s.  Espero que trobis interessant el contingut i que aquest rac\u00f3 sigui \u00fatil tant per a mi com per a qualsevol que tamb\u00e9 estigui comen\u00e7ant al cam\u00ed de la inform\u00e0tica.","publisher":{"@id":"https:\/\/irodriguez.inscastellbisbal.net\/#organization"},"potentialAction":[{"@type":"SearchAction","target":{"@type":"EntryPoint","urlTemplate":"https:\/\/irodriguez.inscastellbisbal.net\/?s={search_term_string}"},"query-input":{"@type":"PropertyValueSpecification","valueRequired":true,"valueName":"search_term_string"}}],"inLanguage":"ca"},{"@type":"Organization","@id":"https:\/\/irodriguez.inscastellbisbal.net\/#organization","name":"Ivan Rodriguez Jimenez","url":"https:\/\/irodriguez.inscastellbisbal.net\/","logo":{"@type":"ImageObject","inLanguage":"ca","@id":"https:\/\/irodriguez.inscastellbisbal.net\/#\/schema\/logo\/image\/","url":"https:\/\/irodriguez.inscastellbisbal.net\/wp-content\/uploads\/2025\/09\/cropped-cropped-ChatGPT-Image-Sep-19-2025-08_40_26-AM.jpg","contentUrl":"https:\/\/irodriguez.inscastellbisbal.net\/wp-content\/uploads\/2025\/09\/cropped-cropped-ChatGPT-Image-Sep-19-2025-08_40_26-AM.jpg","width":1536,"height":1024,"caption":"Ivan Rodriguez Jimenez"},"image":{"@id":"https:\/\/irodriguez.inscastellbisbal.net\/#\/schema\/logo\/image\/"}}]}},"_links":{"self":[{"href":"https:\/\/irodriguez.inscastellbisbal.net\/index.php?rest_route=\/wp\/v2\/pages\/1598","targetHints":{"allow":["GET"]}}],"collection":[{"href":"https:\/\/irodriguez.inscastellbisbal.net\/index.php?rest_route=\/wp\/v2\/pages"}],"about":[{"href":"https:\/\/irodriguez.inscastellbisbal.net\/index.php?rest_route=\/wp\/v2\/types\/page"}],"author":[{"embeddable":true,"href":"https:\/\/irodriguez.inscastellbisbal.net\/index.php?rest_route=\/wp\/v2\/users\/1"}],"replies":[{"embeddable":true,"href":"https:\/\/irodriguez.inscastellbisbal.net\/index.php?rest_route=%2Fwp%2Fv2%2Fcomments&post=1598"}],"version-history":[{"count":3,"href":"https:\/\/irodriguez.inscastellbisbal.net\/index.php?rest_route=\/wp\/v2\/pages\/1598\/revisions"}],"predecessor-version":[{"id":1926,"href":"https:\/\/irodriguez.inscastellbisbal.net\/index.php?rest_route=\/wp\/v2\/pages\/1598\/revisions\/1926"}],"up":[{"embeddable":true,"href":"https:\/\/irodriguez.inscastellbisbal.net\/index.php?rest_route=\/wp\/v2\/pages\/1542"}],"wp:attachment":[{"href":"https:\/\/irodriguez.inscastellbisbal.net\/index.php?rest_route=%2Fwp%2Fv2%2Fmedia&parent=1598"}],"curies":[{"name":"wp","href":"https:\/\/api.w.org\/{rel}","templated":true}]}}