{"id":1795,"date":"2026-02-25T11:49:45","date_gmt":"2026-02-25T11:49:45","guid":{"rendered":"https:\/\/irodriguez.inscastellbisbal.net\/?page_id=1795"},"modified":"2026-04-16T09:45:31","modified_gmt":"2026-04-16T09:45:31","slug":"crear-el-tour-virtual-amb-les-imatges-preses","status":"publish","type":"page","link":"https:\/\/irodriguez.inscastellbisbal.net\/?page_id=1795","title":{"rendered":"Crear el tour virtual amb les imatges preses."},"content":{"rendered":"\n<p>Per crear el Tour Virtual hem utilitzat la aplicaci\u00f3 de Orbix360. A l\u2019entrar solament s\u2019ha de registrar-se o iniciar sessi\u00f3 si ja tens compte. Una vegada a dins fem clic a dalt a la dreta a create new.<\/p>\n\n\n\n<figure class=\"wp-block-image size-large\"><img fetchpriority=\"high\" decoding=\"async\" width=\"1024\" height=\"483\" src=\"https:\/\/irodriguez.inscastellbisbal.net\/wp-content\/uploads\/2026\/04\/Screenshot-2026-04-16-at-11-27-16--1024x483.png\" alt=\"\" class=\"wp-image-2085\" srcset=\"https:\/\/irodriguez.inscastellbisbal.net\/wp-content\/uploads\/2026\/04\/Screenshot-2026-04-16-at-11-27-16--1024x483.png 1024w, https:\/\/irodriguez.inscastellbisbal.net\/wp-content\/uploads\/2026\/04\/Screenshot-2026-04-16-at-11-27-16--300x141.png 300w, https:\/\/irodriguez.inscastellbisbal.net\/wp-content\/uploads\/2026\/04\/Screenshot-2026-04-16-at-11-27-16--768x362.png 768w, https:\/\/irodriguez.inscastellbisbal.net\/wp-content\/uploads\/2026\/04\/Screenshot-2026-04-16-at-11-27-16--1536x724.png 1536w, https:\/\/irodriguez.inscastellbisbal.net\/wp-content\/uploads\/2026\/04\/Screenshot-2026-04-16-at-11-27-16--496x234.png 496w, https:\/\/irodriguez.inscastellbisbal.net\/wp-content\/uploads\/2026\/04\/Screenshot-2026-04-16-at-11-27-16-.png 1875w\" sizes=\"(max-width: 1024px) 100vw, 1024px\" \/><\/figure>\n\n\n\n<p>Despr\u00e9s selecciones el tipus d\u2019imatge que tens per fer el Tour en el nostre cas s\u00f3n imatges 360 \u00b0 fetes per una c\u00e0mera preparada per fer imatges 360\u00b0.<\/p>\n\n\n\n<figure class=\"wp-block-image size-large\"><img decoding=\"async\" width=\"1024\" height=\"714\" src=\"https:\/\/irodriguez.inscastellbisbal.net\/wp-content\/uploads\/2026\/04\/image-8-1024x714.png\" alt=\"\" class=\"wp-image-2086\" srcset=\"https:\/\/irodriguez.inscastellbisbal.net\/wp-content\/uploads\/2026\/04\/image-8-1024x714.png 1024w, https:\/\/irodriguez.inscastellbisbal.net\/wp-content\/uploads\/2026\/04\/image-8-300x209.png 300w, https:\/\/irodriguez.inscastellbisbal.net\/wp-content\/uploads\/2026\/04\/image-8-768x536.png 768w, https:\/\/irodriguez.inscastellbisbal.net\/wp-content\/uploads\/2026\/04\/image-8-1536x1071.png 1536w, https:\/\/irodriguez.inscastellbisbal.net\/wp-content\/uploads\/2026\/04\/image-8-430x300.png 430w, https:\/\/irodriguez.inscastellbisbal.net\/wp-content\/uploads\/2026\/04\/image-8.png 1577w\" sizes=\"(max-width: 1024px) 100vw, 1024px\" \/><\/figure>\n\n\n\n<p>Una vegada seleccionat el tipus d\u2019imatge ens demanar\u00e0 un nom per anomenar el Tour, una vegada fet solament s\u2019ha de seleccionar les imatges que vols utilitzar fent clic a select files.<\/p>\n\n\n\n<figure class=\"wp-block-image size-large\"><img decoding=\"async\" width=\"1024\" height=\"714\" src=\"https:\/\/irodriguez.inscastellbisbal.net\/wp-content\/uploads\/2026\/04\/image-9-1024x714.png\" alt=\"\" class=\"wp-image-2087\" srcset=\"https:\/\/irodriguez.inscastellbisbal.net\/wp-content\/uploads\/2026\/04\/image-9-1024x714.png 1024w, https:\/\/irodriguez.inscastellbisbal.net\/wp-content\/uploads\/2026\/04\/image-9-300x209.png 300w, https:\/\/irodriguez.inscastellbisbal.net\/wp-content\/uploads\/2026\/04\/image-9-768x536.png 768w, https:\/\/irodriguez.inscastellbisbal.net\/wp-content\/uploads\/2026\/04\/image-9-1536x1071.png 1536w, https:\/\/irodriguez.inscastellbisbal.net\/wp-content\/uploads\/2026\/04\/image-9-430x300.png 430w, https:\/\/irodriguez.inscastellbisbal.net\/wp-content\/uploads\/2026\/04\/image-9.png 1577w\" sizes=\"(max-width: 1024px) 100vw, 1024px\" \/><\/figure>\n\n\n\n<p>Una vegada dins ja estarem en el Tour. Ara solament hem de fer els punts d\u2019acc\u00e9s a les altres imatges (hospots). Per fer-ho hem de seleccionar el mode de edici\u00f3 que \u00e9s un s\u00edmbol d\u2019un llapis en la part dreta de la pantalla, despr\u00e9s selecciones l\u2019apartat d\u2019elements i a hospots.<\/p>\n\n\n\n<figure class=\"wp-block-image size-large\"><img loading=\"lazy\" decoding=\"async\" width=\"1024\" height=\"499\" src=\"https:\/\/irodriguez.inscastellbisbal.net\/wp-content\/uploads\/2026\/04\/Screenshot-2026-04-16-at-11-19-09-Orbix360-Tour2-1024x499.png\" alt=\"\" class=\"wp-image-2077\" srcset=\"https:\/\/irodriguez.inscastellbisbal.net\/wp-content\/uploads\/2026\/04\/Screenshot-2026-04-16-at-11-19-09-Orbix360-Tour2-1024x499.png 1024w, https:\/\/irodriguez.inscastellbisbal.net\/wp-content\/uploads\/2026\/04\/Screenshot-2026-04-16-at-11-19-09-Orbix360-Tour2-300x146.png 300w, https:\/\/irodriguez.inscastellbisbal.net\/wp-content\/uploads\/2026\/04\/Screenshot-2026-04-16-at-11-19-09-Orbix360-Tour2-768x374.png 768w, https:\/\/irodriguez.inscastellbisbal.net\/wp-content\/uploads\/2026\/04\/Screenshot-2026-04-16-at-11-19-09-Orbix360-Tour2-1536x749.png 1536w, https:\/\/irodriguez.inscastellbisbal.net\/wp-content\/uploads\/2026\/04\/Screenshot-2026-04-16-at-11-19-09-Orbix360-Tour2-496x242.png 496w, https:\/\/irodriguez.inscastellbisbal.net\/wp-content\/uploads\/2026\/04\/Screenshot-2026-04-16-at-11-19-09-Orbix360-Tour2.png 1920w\" sizes=\"(max-width: 1024px) 100vw, 1024px\" \/><\/figure>\n\n\n\n<figure class=\"wp-block-image size-large\"><img loading=\"lazy\" decoding=\"async\" width=\"1024\" height=\"499\" src=\"https:\/\/irodriguez.inscastellbisbal.net\/wp-content\/uploads\/2026\/04\/Screenshot-2026-04-16-at-11-16-48-Orbix360-Tour1-1024x499.png\" alt=\"\" class=\"wp-image-2079\" srcset=\"https:\/\/irodriguez.inscastellbisbal.net\/wp-content\/uploads\/2026\/04\/Screenshot-2026-04-16-at-11-16-48-Orbix360-Tour1-1024x499.png 1024w, https:\/\/irodriguez.inscastellbisbal.net\/wp-content\/uploads\/2026\/04\/Screenshot-2026-04-16-at-11-16-48-Orbix360-Tour1-300x146.png 300w, https:\/\/irodriguez.inscastellbisbal.net\/wp-content\/uploads\/2026\/04\/Screenshot-2026-04-16-at-11-16-48-Orbix360-Tour1-768x374.png 768w, https:\/\/irodriguez.inscastellbisbal.net\/wp-content\/uploads\/2026\/04\/Screenshot-2026-04-16-at-11-16-48-Orbix360-Tour1-1536x749.png 1536w, https:\/\/irodriguez.inscastellbisbal.net\/wp-content\/uploads\/2026\/04\/Screenshot-2026-04-16-at-11-16-48-Orbix360-Tour1-496x242.png 496w, https:\/\/irodriguez.inscastellbisbal.net\/wp-content\/uploads\/2026\/04\/Screenshot-2026-04-16-at-11-16-48-Orbix360-Tour1.png 1920w\" sizes=\"(max-width: 1024px) 100vw, 1024px\" \/><\/figure>\n\n\n\n<p><a href=\"https:\/\/orbix360.com\/XBpn68bf5\">https:\/\/orbix360.com\/XBpn68bf5<\/a><\/p>\n","protected":false},"excerpt":{"rendered":"<p>Per crear el Tour Virtual hem utilitzat la aplicaci\u00f3 de Orbix360. A l\u2019entrar solament s\u2019ha de registrar-se o iniciar sessi\u00f3 si ja tens compte. Una &hellip;<\/p>\n","protected":false},"author":1,"featured_media":0,"parent":1762,"menu_order":0,"comment_status":"closed","ping_status":"closed","template":"","meta":{"footnotes":""},"class_list":["post-1795","page","type-page","status-publish","hentry"],"yoast_head":"<!-- This site is optimized with the Yoast SEO plugin v27.0 - https:\/\/yoast.com\/product\/yoast-seo-wordpress\/ -->\n<title>Crear el tour virtual amb les imatges preses. - Ivan Rodriguez Jimenez<\/title>\n<meta name=\"robots\" content=\"index, follow, max-snippet:-1, max-image-preview:large, max-video-preview:-1\" \/>\n<link rel=\"canonical\" href=\"https:\/\/irodriguez.inscastellbisbal.net\/?page_id=1795\" \/>\n<meta property=\"og:locale\" content=\"ca_ES\" \/>\n<meta property=\"og:type\" content=\"article\" \/>\n<meta property=\"og:title\" content=\"Crear el tour virtual amb les imatges preses. - Ivan Rodriguez Jimenez\" \/>\n<meta property=\"og:description\" content=\"Per crear el Tour Virtual hem utilitzat la aplicaci\u00f3 de Orbix360. A l\u2019entrar solament s\u2019ha de registrar-se o iniciar sessi\u00f3 si ja tens compte. Una &hellip;\" \/>\n<meta property=\"og:url\" content=\"https:\/\/irodriguez.inscastellbisbal.net\/?page_id=1795\" \/>\n<meta property=\"og:site_name\" content=\"Ivan Rodriguez Jimenez\" \/>\n<meta property=\"article:modified_time\" content=\"2026-04-16T09:45:31+00:00\" \/>\n<meta property=\"og:image\" content=\"https:\/\/irodriguez.inscastellbisbal.net\/wp-content\/uploads\/2026\/04\/Screenshot-2026-04-16-at-11-27-16-.png\" \/>\n\t<meta property=\"og:image:width\" content=\"1875\" \/>\n\t<meta property=\"og:image:height\" content=\"884\" \/>\n\t<meta property=\"og:image:type\" content=\"image\/png\" \/>\n<meta name=\"twitter:card\" content=\"summary_large_image\" \/>\n<meta name=\"twitter:label1\" content=\"Temps estimat de lectura\" \/>\n\t<meta name=\"twitter:data1\" content=\"2 minuts\" \/>\n<script type=\"application\/ld+json\" class=\"yoast-schema-graph\">{\"@context\":\"https:\/\/schema.org\",\"@graph\":[{\"@type\":\"WebPage\",\"@id\":\"https:\/\/irodriguez.inscastellbisbal.net\/?page_id=1795\",\"url\":\"https:\/\/irodriguez.inscastellbisbal.net\/?page_id=1795\",\"name\":\"Crear el tour virtual amb les imatges preses. - Ivan Rodriguez Jimenez\",\"isPartOf\":{\"@id\":\"https:\/\/irodriguez.inscastellbisbal.net\/#website\"},\"primaryImageOfPage\":{\"@id\":\"https:\/\/irodriguez.inscastellbisbal.net\/?page_id=1795#primaryimage\"},\"image\":{\"@id\":\"https:\/\/irodriguez.inscastellbisbal.net\/?page_id=1795#primaryimage\"},\"thumbnailUrl\":\"https:\/\/irodriguez.inscastellbisbal.net\/wp-content\/uploads\/2026\/04\/Screenshot-2026-04-16-at-11-27-16--1024x483.png\",\"datePublished\":\"2026-02-25T11:49:45+00:00\",\"dateModified\":\"2026-04-16T09:45:31+00:00\",\"breadcrumb\":{\"@id\":\"https:\/\/irodriguez.inscastellbisbal.net\/?page_id=1795#breadcrumb\"},\"inLanguage\":\"ca\",\"potentialAction\":[{\"@type\":\"ReadAction\",\"target\":[\"https:\/\/irodriguez.inscastellbisbal.net\/?page_id=1795\"]}]},{\"@type\":\"ImageObject\",\"inLanguage\":\"ca\",\"@id\":\"https:\/\/irodriguez.inscastellbisbal.net\/?page_id=1795#primaryimage\",\"url\":\"https:\/\/irodriguez.inscastellbisbal.net\/wp-content\/uploads\/2026\/04\/Screenshot-2026-04-16-at-11-27-16-.png\",\"contentUrl\":\"https:\/\/irodriguez.inscastellbisbal.net\/wp-content\/uploads\/2026\/04\/Screenshot-2026-04-16-at-11-27-16-.png\",\"width\":1875,\"height\":884},{\"@type\":\"BreadcrumbList\",\"@id\":\"https:\/\/irodriguez.inscastellbisbal.net\/?page_id=1795#breadcrumb\",\"itemListElement\":[{\"@type\":\"ListItem\",\"position\":1,\"name\":\"Inici\",\"item\":\"https:\/\/irodriguez.inscastellbisbal.net\/\"},{\"@type\":\"ListItem\",\"position\":2,\"name\":\"SMX1\",\"item\":\"https:\/\/irodriguez.inscastellbisbal.net\/?page_id=1205\"},{\"@type\":\"ListItem\",\"position\":3,\"name\":\"Repte 1.4\",\"item\":\"https:\/\/irodriguez.inscastellbisbal.net\/?page_id=1209\"},{\"@type\":\"ListItem\",\"position\":4,\"name\":\"Tour Virtual\",\"item\":\"https:\/\/irodriguez.inscastellbisbal.net\/?page_id=1762\"},{\"@type\":\"ListItem\",\"position\":5,\"name\":\"Crear el tour virtual amb les imatges preses.\"}]},{\"@type\":\"WebSite\",\"@id\":\"https:\/\/irodriguez.inscastellbisbal.net\/#website\",\"url\":\"https:\/\/irodriguez.inscastellbisbal.net\/\",\"name\":\"Ivan Rodriguez Jimenez\",\"description\":\"Hola, em dic Iv\u00e1n, tinc 16 anys i actualment estic cursant el meu primer any de cicle formatiu en inform\u00e0tica.  En aquest espai anir\u00e9 compartint el que aprenc: des de conceptes b\u00e0sics de maquinari i programari, fins a programaci\u00f3, xarxes i projectes personals. El meu objectiu \u00e9s anar creixent pas a pas en aquest m\u00f3n de la tecnologia i, al hora, deixar aqu\u00ed un registre del meu progr\u00e9s.  Espero que trobis interessant el contingut i que aquest rac\u00f3 sigui \u00fatil tant per a mi com per a qualsevol que tamb\u00e9 estigui comen\u00e7ant al cam\u00ed de la inform\u00e0tica.\",\"publisher\":{\"@id\":\"https:\/\/irodriguez.inscastellbisbal.net\/#organization\"},\"potentialAction\":[{\"@type\":\"SearchAction\",\"target\":{\"@type\":\"EntryPoint\",\"urlTemplate\":\"https:\/\/irodriguez.inscastellbisbal.net\/?s={search_term_string}\"},\"query-input\":{\"@type\":\"PropertyValueSpecification\",\"valueRequired\":true,\"valueName\":\"search_term_string\"}}],\"inLanguage\":\"ca\"},{\"@type\":\"Organization\",\"@id\":\"https:\/\/irodriguez.inscastellbisbal.net\/#organization\",\"name\":\"Ivan Rodriguez Jimenez\",\"url\":\"https:\/\/irodriguez.inscastellbisbal.net\/\",\"logo\":{\"@type\":\"ImageObject\",\"inLanguage\":\"ca\",\"@id\":\"https:\/\/irodriguez.inscastellbisbal.net\/#\/schema\/logo\/image\/\",\"url\":\"https:\/\/irodriguez.inscastellbisbal.net\/wp-content\/uploads\/2025\/09\/cropped-cropped-ChatGPT-Image-Sep-19-2025-08_40_26-AM.jpg\",\"contentUrl\":\"https:\/\/irodriguez.inscastellbisbal.net\/wp-content\/uploads\/2025\/09\/cropped-cropped-ChatGPT-Image-Sep-19-2025-08_40_26-AM.jpg\",\"width\":1536,\"height\":1024,\"caption\":\"Ivan Rodriguez Jimenez\"},\"image\":{\"@id\":\"https:\/\/irodriguez.inscastellbisbal.net\/#\/schema\/logo\/image\/\"}}]}<\/script>\n<!-- \/ Yoast SEO plugin. -->","yoast_head_json":{"title":"Crear el tour virtual amb les imatges preses. - Ivan Rodriguez Jimenez","robots":{"index":"index","follow":"follow","max-snippet":"max-snippet:-1","max-image-preview":"max-image-preview:large","max-video-preview":"max-video-preview:-1"},"canonical":"https:\/\/irodriguez.inscastellbisbal.net\/?page_id=1795","og_locale":"ca_ES","og_type":"article","og_title":"Crear el tour virtual amb les imatges preses. - Ivan Rodriguez Jimenez","og_description":"Per crear el Tour Virtual hem utilitzat la aplicaci\u00f3 de Orbix360. A l\u2019entrar solament s\u2019ha de registrar-se o iniciar sessi\u00f3 si ja tens compte. Una &hellip;","og_url":"https:\/\/irodriguez.inscastellbisbal.net\/?page_id=1795","og_site_name":"Ivan Rodriguez Jimenez","article_modified_time":"2026-04-16T09:45:31+00:00","og_image":[{"width":1875,"height":884,"url":"https:\/\/irodriguez.inscastellbisbal.net\/wp-content\/uploads\/2026\/04\/Screenshot-2026-04-16-at-11-27-16-.png","type":"image\/png"}],"twitter_card":"summary_large_image","twitter_misc":{"Temps estimat de lectura":"2 minuts"},"schema":{"@context":"https:\/\/schema.org","@graph":[{"@type":"WebPage","@id":"https:\/\/irodriguez.inscastellbisbal.net\/?page_id=1795","url":"https:\/\/irodriguez.inscastellbisbal.net\/?page_id=1795","name":"Crear el tour virtual amb les imatges preses. - Ivan Rodriguez Jimenez","isPartOf":{"@id":"https:\/\/irodriguez.inscastellbisbal.net\/#website"},"primaryImageOfPage":{"@id":"https:\/\/irodriguez.inscastellbisbal.net\/?page_id=1795#primaryimage"},"image":{"@id":"https:\/\/irodriguez.inscastellbisbal.net\/?page_id=1795#primaryimage"},"thumbnailUrl":"https:\/\/irodriguez.inscastellbisbal.net\/wp-content\/uploads\/2026\/04\/Screenshot-2026-04-16-at-11-27-16--1024x483.png","datePublished":"2026-02-25T11:49:45+00:00","dateModified":"2026-04-16T09:45:31+00:00","breadcrumb":{"@id":"https:\/\/irodriguez.inscastellbisbal.net\/?page_id=1795#breadcrumb"},"inLanguage":"ca","potentialAction":[{"@type":"ReadAction","target":["https:\/\/irodriguez.inscastellbisbal.net\/?page_id=1795"]}]},{"@type":"ImageObject","inLanguage":"ca","@id":"https:\/\/irodriguez.inscastellbisbal.net\/?page_id=1795#primaryimage","url":"https:\/\/irodriguez.inscastellbisbal.net\/wp-content\/uploads\/2026\/04\/Screenshot-2026-04-16-at-11-27-16-.png","contentUrl":"https:\/\/irodriguez.inscastellbisbal.net\/wp-content\/uploads\/2026\/04\/Screenshot-2026-04-16-at-11-27-16-.png","width":1875,"height":884},{"@type":"BreadcrumbList","@id":"https:\/\/irodriguez.inscastellbisbal.net\/?page_id=1795#breadcrumb","itemListElement":[{"@type":"ListItem","position":1,"name":"Inici","item":"https:\/\/irodriguez.inscastellbisbal.net\/"},{"@type":"ListItem","position":2,"name":"SMX1","item":"https:\/\/irodriguez.inscastellbisbal.net\/?page_id=1205"},{"@type":"ListItem","position":3,"name":"Repte 1.4","item":"https:\/\/irodriguez.inscastellbisbal.net\/?page_id=1209"},{"@type":"ListItem","position":4,"name":"Tour Virtual","item":"https:\/\/irodriguez.inscastellbisbal.net\/?page_id=1762"},{"@type":"ListItem","position":5,"name":"Crear el tour virtual amb les imatges preses."}]},{"@type":"WebSite","@id":"https:\/\/irodriguez.inscastellbisbal.net\/#website","url":"https:\/\/irodriguez.inscastellbisbal.net\/","name":"Ivan Rodriguez Jimenez","description":"Hola, em dic Iv\u00e1n, tinc 16 anys i actualment estic cursant el meu primer any de cicle formatiu en inform\u00e0tica.  En aquest espai anir\u00e9 compartint el que aprenc: des de conceptes b\u00e0sics de maquinari i programari, fins a programaci\u00f3, xarxes i projectes personals. El meu objectiu \u00e9s anar creixent pas a pas en aquest m\u00f3n de la tecnologia i, al hora, deixar aqu\u00ed un registre del meu progr\u00e9s.  Espero que trobis interessant el contingut i que aquest rac\u00f3 sigui \u00fatil tant per a mi com per a qualsevol que tamb\u00e9 estigui comen\u00e7ant al cam\u00ed de la inform\u00e0tica.","publisher":{"@id":"https:\/\/irodriguez.inscastellbisbal.net\/#organization"},"potentialAction":[{"@type":"SearchAction","target":{"@type":"EntryPoint","urlTemplate":"https:\/\/irodriguez.inscastellbisbal.net\/?s={search_term_string}"},"query-input":{"@type":"PropertyValueSpecification","valueRequired":true,"valueName":"search_term_string"}}],"inLanguage":"ca"},{"@type":"Organization","@id":"https:\/\/irodriguez.inscastellbisbal.net\/#organization","name":"Ivan Rodriguez Jimenez","url":"https:\/\/irodriguez.inscastellbisbal.net\/","logo":{"@type":"ImageObject","inLanguage":"ca","@id":"https:\/\/irodriguez.inscastellbisbal.net\/#\/schema\/logo\/image\/","url":"https:\/\/irodriguez.inscastellbisbal.net\/wp-content\/uploads\/2025\/09\/cropped-cropped-ChatGPT-Image-Sep-19-2025-08_40_26-AM.jpg","contentUrl":"https:\/\/irodriguez.inscastellbisbal.net\/wp-content\/uploads\/2025\/09\/cropped-cropped-ChatGPT-Image-Sep-19-2025-08_40_26-AM.jpg","width":1536,"height":1024,"caption":"Ivan Rodriguez Jimenez"},"image":{"@id":"https:\/\/irodriguez.inscastellbisbal.net\/#\/schema\/logo\/image\/"}}]}},"_links":{"self":[{"href":"https:\/\/irodriguez.inscastellbisbal.net\/index.php?rest_route=\/wp\/v2\/pages\/1795","targetHints":{"allow":["GET"]}}],"collection":[{"href":"https:\/\/irodriguez.inscastellbisbal.net\/index.php?rest_route=\/wp\/v2\/pages"}],"about":[{"href":"https:\/\/irodriguez.inscastellbisbal.net\/index.php?rest_route=\/wp\/v2\/types\/page"}],"author":[{"embeddable":true,"href":"https:\/\/irodriguez.inscastellbisbal.net\/index.php?rest_route=\/wp\/v2\/users\/1"}],"replies":[{"embeddable":true,"href":"https:\/\/irodriguez.inscastellbisbal.net\/index.php?rest_route=%2Fwp%2Fv2%2Fcomments&post=1795"}],"version-history":[{"count":2,"href":"https:\/\/irodriguez.inscastellbisbal.net\/index.php?rest_route=\/wp\/v2\/pages\/1795\/revisions"}],"predecessor-version":[{"id":2088,"href":"https:\/\/irodriguez.inscastellbisbal.net\/index.php?rest_route=\/wp\/v2\/pages\/1795\/revisions\/2088"}],"up":[{"embeddable":true,"href":"https:\/\/irodriguez.inscastellbisbal.net\/index.php?rest_route=\/wp\/v2\/pages\/1762"}],"wp:attachment":[{"href":"https:\/\/irodriguez.inscastellbisbal.net\/index.php?rest_route=%2Fwp%2Fv2%2Fmedia&parent=1795"}],"curies":[{"name":"wp","href":"https:\/\/api.w.org\/{rel}","templated":true}]}}