{"id":1804,"date":"2026-02-25T11:54:43","date_gmt":"2026-02-25T11:54:43","guid":{"rendered":"https:\/\/irodriguez.inscastellbisbal.net\/?page_id=1804"},"modified":"2026-04-15T07:04:31","modified_gmt":"2026-04-15T07:04:31","slug":"creacio-dun-quiz-de-limpacte-ambiental-de-la-informatica","status":"publish","type":"page","link":"https:\/\/irodriguez.inscastellbisbal.net\/?page_id=1804","title":{"rendered":"Creaci\u00f3 d&#8217;un Quiz de l\u2019impacte ambiental de la inform\u00e0tica"},"content":{"rendered":"\n<p>&#8220;Per elaborar el q\u00fcestionari, he utilitzat l&#8217;eina Quizizz. Un cop al tauler d&#8217;administraci\u00f3, cal crear un nou quiz clicant al bot\u00f3 <strong>Add resource<\/strong>, situat a la part superior dreta, i escollint l&#8217;opci\u00f3 <strong>Quiz<\/strong>.&#8221;<\/p>\n\n\n\n<figure class=\"wp-block-image size-large\"><img fetchpriority=\"high\" decoding=\"async\" width=\"1024\" height=\"596\" src=\"https:\/\/irodriguez.inscastellbisbal.net\/wp-content\/uploads\/2026\/04\/Screenshot-2026-04-15-at-08-47-45-Wayground-1024x596.png\" alt=\"\" class=\"wp-image-2071\" srcset=\"https:\/\/irodriguez.inscastellbisbal.net\/wp-content\/uploads\/2026\/04\/Screenshot-2026-04-15-at-08-47-45-Wayground-1024x596.png 1024w, https:\/\/irodriguez.inscastellbisbal.net\/wp-content\/uploads\/2026\/04\/Screenshot-2026-04-15-at-08-47-45-Wayground-300x175.png 300w, https:\/\/irodriguez.inscastellbisbal.net\/wp-content\/uploads\/2026\/04\/Screenshot-2026-04-15-at-08-47-45-Wayground-768x447.png 768w, https:\/\/irodriguez.inscastellbisbal.net\/wp-content\/uploads\/2026\/04\/Screenshot-2026-04-15-at-08-47-45-Wayground-1536x894.png 1536w, https:\/\/irodriguez.inscastellbisbal.net\/wp-content\/uploads\/2026\/04\/Screenshot-2026-04-15-at-08-47-45-Wayground-496x289.png 496w, https:\/\/irodriguez.inscastellbisbal.net\/wp-content\/uploads\/2026\/04\/Screenshot-2026-04-15-at-08-47-45-Wayground.png 1608w\" sizes=\"(max-width: 1024px) 100vw, 1024px\" \/><\/figure>\n\n\n\n<p>Ara demanar\u00e0 escollir el tipus de pregunta que vols afegir al test.<\/p>\n\n\n\n<figure class=\"wp-block-image size-large\"><img decoding=\"async\" width=\"1024\" height=\"718\" src=\"https:\/\/irodriguez.inscastellbisbal.net\/wp-content\/uploads\/2026\/04\/Screenshot-2026-04-15-at-08-51-50-Quiz-de-limpacte-ambiental-de-la-informatica-Quiz-1024x718.png\" alt=\"\" class=\"wp-image-2073\" srcset=\"https:\/\/irodriguez.inscastellbisbal.net\/wp-content\/uploads\/2026\/04\/Screenshot-2026-04-15-at-08-51-50-Quiz-de-limpacte-ambiental-de-la-informatica-Quiz-1024x718.png 1024w, https:\/\/irodriguez.inscastellbisbal.net\/wp-content\/uploads\/2026\/04\/Screenshot-2026-04-15-at-08-51-50-Quiz-de-limpacte-ambiental-de-la-informatica-Quiz-300x210.png 300w, https:\/\/irodriguez.inscastellbisbal.net\/wp-content\/uploads\/2026\/04\/Screenshot-2026-04-15-at-08-51-50-Quiz-de-limpacte-ambiental-de-la-informatica-Quiz-768x539.png 768w, https:\/\/irodriguez.inscastellbisbal.net\/wp-content\/uploads\/2026\/04\/Screenshot-2026-04-15-at-08-51-50-Quiz-de-limpacte-ambiental-de-la-informatica-Quiz-428x300.png 428w, https:\/\/irodriguez.inscastellbisbal.net\/wp-content\/uploads\/2026\/04\/Screenshot-2026-04-15-at-08-51-50-Quiz-de-limpacte-ambiental-de-la-informatica-Quiz.png 1155w\" sizes=\"(max-width: 1024px) 100vw, 1024px\" \/><\/figure>\n\n\n\n<p>Jo he fet 10 preguntes, la majoria de multiple choice i verdader o fals.<\/p>\n\n\n\n<figure class=\"wp-block-image size-large is-resized\"><img decoding=\"async\" width=\"1024\" height=\"604\" src=\"https:\/\/irodriguez.inscastellbisbal.net\/wp-content\/uploads\/2026\/04\/Screenshot-2026-04-15-at-08-52-44-Quiz-de-limpacte-ambiental-de-la-informatica-Quiz-1024x604.png\" alt=\"\" class=\"wp-image-2074\" style=\"width:1024px;height:auto\" srcset=\"https:\/\/irodriguez.inscastellbisbal.net\/wp-content\/uploads\/2026\/04\/Screenshot-2026-04-15-at-08-52-44-Quiz-de-limpacte-ambiental-de-la-informatica-Quiz-1024x604.png 1024w, https:\/\/irodriguez.inscastellbisbal.net\/wp-content\/uploads\/2026\/04\/Screenshot-2026-04-15-at-08-52-44-Quiz-de-limpacte-ambiental-de-la-informatica-Quiz-300x177.png 300w, https:\/\/irodriguez.inscastellbisbal.net\/wp-content\/uploads\/2026\/04\/Screenshot-2026-04-15-at-08-52-44-Quiz-de-limpacte-ambiental-de-la-informatica-Quiz-768x453.png 768w, https:\/\/irodriguez.inscastellbisbal.net\/wp-content\/uploads\/2026\/04\/Screenshot-2026-04-15-at-08-52-44-Quiz-de-limpacte-ambiental-de-la-informatica-Quiz-496x293.png 496w, https:\/\/irodriguez.inscastellbisbal.net\/wp-content\/uploads\/2026\/04\/Screenshot-2026-04-15-at-08-52-44-Quiz-de-limpacte-ambiental-de-la-informatica-Quiz.png 1507w\" sizes=\"(max-width: 1024px) 100vw, 1024px\" \/><\/figure>\n\n\n\n<p>Per fer un QR que redireccioni al quiz he fet servir qr-code-generator<\/p>\n\n\n\n<figure class=\"wp-block-image size-full\"><img loading=\"lazy\" decoding=\"async\" width=\"1000\" height=\"701\" src=\"https:\/\/irodriguez.inscastellbisbal.net\/wp-content\/uploads\/2026\/04\/Screenshot-2026-04-15-at-08-59-21-Crea-codigos-QR-gratis-con-nuestro-generador.png\" alt=\"\" class=\"wp-image-2075\" srcset=\"https:\/\/irodriguez.inscastellbisbal.net\/wp-content\/uploads\/2026\/04\/Screenshot-2026-04-15-at-08-59-21-Crea-codigos-QR-gratis-con-nuestro-generador.png 1000w, https:\/\/irodriguez.inscastellbisbal.net\/wp-content\/uploads\/2026\/04\/Screenshot-2026-04-15-at-08-59-21-Crea-codigos-QR-gratis-con-nuestro-generador-300x210.png 300w, https:\/\/irodriguez.inscastellbisbal.net\/wp-content\/uploads\/2026\/04\/Screenshot-2026-04-15-at-08-59-21-Crea-codigos-QR-gratis-con-nuestro-generador-768x538.png 768w, https:\/\/irodriguez.inscastellbisbal.net\/wp-content\/uploads\/2026\/04\/Screenshot-2026-04-15-at-08-59-21-Crea-codigos-QR-gratis-con-nuestro-generador-428x300.png 428w\" sizes=\"(max-width: 1000px) 100vw, 1000px\" \/><\/figure>\n\n\n\n<p><\/p>\n","protected":false},"excerpt":{"rendered":"<p>&#8220;Per elaborar el q\u00fcestionari, he utilitzat l&#8217;eina Quizizz. Un cop al tauler d&#8217;administraci\u00f3, cal crear un nou quiz clicant al bot\u00f3 Add resource, situat a &hellip;<\/p>\n","protected":false},"author":1,"featured_media":0,"parent":1764,"menu_order":0,"comment_status":"closed","ping_status":"closed","template":"","meta":{"footnotes":""},"class_list":["post-1804","page","type-page","status-publish","hentry"],"yoast_head":"<!-- This site is optimized with the Yoast SEO plugin v27.0 - https:\/\/yoast.com\/product\/yoast-seo-wordpress\/ -->\n<title>Creaci\u00f3 d&#039;un Quiz de l\u2019impacte ambiental de la inform\u00e0tica - Ivan Rodriguez Jimenez<\/title>\n<meta name=\"robots\" content=\"index, follow, max-snippet:-1, max-image-preview:large, max-video-preview:-1\" \/>\n<link rel=\"canonical\" href=\"https:\/\/irodriguez.inscastellbisbal.net\/?page_id=1804\" \/>\n<meta property=\"og:locale\" content=\"ca_ES\" \/>\n<meta property=\"og:type\" content=\"article\" \/>\n<meta property=\"og:title\" content=\"Creaci\u00f3 d&#039;un Quiz de l\u2019impacte ambiental de la inform\u00e0tica - Ivan Rodriguez Jimenez\" \/>\n<meta property=\"og:description\" content=\"&#8220;Per elaborar el q\u00fcestionari, he utilitzat l&#8217;eina Quizizz. Un cop al tauler d&#8217;administraci\u00f3, cal crear un nou quiz clicant al bot\u00f3 Add resource, situat a &hellip;\" \/>\n<meta property=\"og:url\" content=\"https:\/\/irodriguez.inscastellbisbal.net\/?page_id=1804\" \/>\n<meta property=\"og:site_name\" content=\"Ivan Rodriguez Jimenez\" \/>\n<meta property=\"article:modified_time\" content=\"2026-04-15T07:04:31+00:00\" \/>\n<meta property=\"og:image\" content=\"https:\/\/irodriguez.inscastellbisbal.net\/wp-content\/uploads\/2026\/04\/Screenshot-2026-04-15-at-08-47-45-Wayground.png\" \/>\n\t<meta property=\"og:image:width\" content=\"1608\" \/>\n\t<meta property=\"og:image:height\" content=\"936\" \/>\n\t<meta property=\"og:image:type\" content=\"image\/png\" \/>\n<meta name=\"twitter:card\" content=\"summary_large_image\" \/>\n<meta name=\"twitter:label1\" content=\"Temps estimat de lectura\" \/>\n\t<meta name=\"twitter:data1\" content=\"2 minuts\" \/>\n<script type=\"application\/ld+json\" class=\"yoast-schema-graph\">{\"@context\":\"https:\/\/schema.org\",\"@graph\":[{\"@type\":\"WebPage\",\"@id\":\"https:\/\/irodriguez.inscastellbisbal.net\/?page_id=1804\",\"url\":\"https:\/\/irodriguez.inscastellbisbal.net\/?page_id=1804\",\"name\":\"Creaci\u00f3 d'un Quiz de l\u2019impacte ambiental de la inform\u00e0tica - Ivan Rodriguez Jimenez\",\"isPartOf\":{\"@id\":\"https:\/\/irodriguez.inscastellbisbal.net\/#website\"},\"primaryImageOfPage\":{\"@id\":\"https:\/\/irodriguez.inscastellbisbal.net\/?page_id=1804#primaryimage\"},\"image\":{\"@id\":\"https:\/\/irodriguez.inscastellbisbal.net\/?page_id=1804#primaryimage\"},\"thumbnailUrl\":\"https:\/\/irodriguez.inscastellbisbal.net\/wp-content\/uploads\/2026\/04\/Screenshot-2026-04-15-at-08-47-45-Wayground-1024x596.png\",\"datePublished\":\"2026-02-25T11:54:43+00:00\",\"dateModified\":\"2026-04-15T07:04:31+00:00\",\"breadcrumb\":{\"@id\":\"https:\/\/irodriguez.inscastellbisbal.net\/?page_id=1804#breadcrumb\"},\"inLanguage\":\"ca\",\"potentialAction\":[{\"@type\":\"ReadAction\",\"target\":[\"https:\/\/irodriguez.inscastellbisbal.net\/?page_id=1804\"]}]},{\"@type\":\"ImageObject\",\"inLanguage\":\"ca\",\"@id\":\"https:\/\/irodriguez.inscastellbisbal.net\/?page_id=1804#primaryimage\",\"url\":\"https:\/\/irodriguez.inscastellbisbal.net\/wp-content\/uploads\/2026\/04\/Screenshot-2026-04-15-at-08-47-45-Wayground.png\",\"contentUrl\":\"https:\/\/irodriguez.inscastellbisbal.net\/wp-content\/uploads\/2026\/04\/Screenshot-2026-04-15-at-08-47-45-Wayground.png\",\"width\":1608,\"height\":936},{\"@type\":\"BreadcrumbList\",\"@id\":\"https:\/\/irodriguez.inscastellbisbal.net\/?page_id=1804#breadcrumb\",\"itemListElement\":[{\"@type\":\"ListItem\",\"position\":1,\"name\":\"Inici\",\"item\":\"https:\/\/irodriguez.inscastellbisbal.net\/\"},{\"@type\":\"ListItem\",\"position\":2,\"name\":\"SMX1\",\"item\":\"https:\/\/irodriguez.inscastellbisbal.net\/?page_id=1205\"},{\"@type\":\"ListItem\",\"position\":3,\"name\":\"Repte 1.4\",\"item\":\"https:\/\/irodriguez.inscastellbisbal.net\/?page_id=1209\"},{\"@type\":\"ListItem\",\"position\":4,\"name\":\"L&#8217;Ecocarpa\",\"item\":\"https:\/\/irodriguez.inscastellbisbal.net\/?page_id=1764\"},{\"@type\":\"ListItem\",\"position\":5,\"name\":\"Creaci\u00f3 d&#8217;un Quiz de l\u2019impacte ambiental de la inform\u00e0tica\"}]},{\"@type\":\"WebSite\",\"@id\":\"https:\/\/irodriguez.inscastellbisbal.net\/#website\",\"url\":\"https:\/\/irodriguez.inscastellbisbal.net\/\",\"name\":\"Ivan Rodriguez Jimenez\",\"description\":\"Hola, em dic Iv\u00e1n, tinc 16 anys i actualment estic cursant el meu primer any de cicle formatiu en inform\u00e0tica.  En aquest espai anir\u00e9 compartint el que aprenc: des de conceptes b\u00e0sics de maquinari i programari, fins a programaci\u00f3, xarxes i projectes personals. El meu objectiu \u00e9s anar creixent pas a pas en aquest m\u00f3n de la tecnologia i, al hora, deixar aqu\u00ed un registre del meu progr\u00e9s.  Espero que trobis interessant el contingut i que aquest rac\u00f3 sigui \u00fatil tant per a mi com per a qualsevol que tamb\u00e9 estigui comen\u00e7ant al cam\u00ed de la inform\u00e0tica.\",\"publisher\":{\"@id\":\"https:\/\/irodriguez.inscastellbisbal.net\/#organization\"},\"potentialAction\":[{\"@type\":\"SearchAction\",\"target\":{\"@type\":\"EntryPoint\",\"urlTemplate\":\"https:\/\/irodriguez.inscastellbisbal.net\/?s={search_term_string}\"},\"query-input\":{\"@type\":\"PropertyValueSpecification\",\"valueRequired\":true,\"valueName\":\"search_term_string\"}}],\"inLanguage\":\"ca\"},{\"@type\":\"Organization\",\"@id\":\"https:\/\/irodriguez.inscastellbisbal.net\/#organization\",\"name\":\"Ivan Rodriguez Jimenez\",\"url\":\"https:\/\/irodriguez.inscastellbisbal.net\/\",\"logo\":{\"@type\":\"ImageObject\",\"inLanguage\":\"ca\",\"@id\":\"https:\/\/irodriguez.inscastellbisbal.net\/#\/schema\/logo\/image\/\",\"url\":\"https:\/\/irodriguez.inscastellbisbal.net\/wp-content\/uploads\/2025\/09\/cropped-cropped-ChatGPT-Image-Sep-19-2025-08_40_26-AM.jpg\",\"contentUrl\":\"https:\/\/irodriguez.inscastellbisbal.net\/wp-content\/uploads\/2025\/09\/cropped-cropped-ChatGPT-Image-Sep-19-2025-08_40_26-AM.jpg\",\"width\":1536,\"height\":1024,\"caption\":\"Ivan Rodriguez Jimenez\"},\"image\":{\"@id\":\"https:\/\/irodriguez.inscastellbisbal.net\/#\/schema\/logo\/image\/\"}}]}<\/script>\n<!-- \/ Yoast SEO plugin. -->","yoast_head_json":{"title":"Creaci\u00f3 d'un Quiz de l\u2019impacte ambiental de la inform\u00e0tica - Ivan Rodriguez Jimenez","robots":{"index":"index","follow":"follow","max-snippet":"max-snippet:-1","max-image-preview":"max-image-preview:large","max-video-preview":"max-video-preview:-1"},"canonical":"https:\/\/irodriguez.inscastellbisbal.net\/?page_id=1804","og_locale":"ca_ES","og_type":"article","og_title":"Creaci\u00f3 d'un Quiz de l\u2019impacte ambiental de la inform\u00e0tica - Ivan Rodriguez Jimenez","og_description":"&#8220;Per elaborar el q\u00fcestionari, he utilitzat l&#8217;eina Quizizz. Un cop al tauler d&#8217;administraci\u00f3, cal crear un nou quiz clicant al bot\u00f3 Add resource, situat a &hellip;","og_url":"https:\/\/irodriguez.inscastellbisbal.net\/?page_id=1804","og_site_name":"Ivan Rodriguez Jimenez","article_modified_time":"2026-04-15T07:04:31+00:00","og_image":[{"width":1608,"height":936,"url":"https:\/\/irodriguez.inscastellbisbal.net\/wp-content\/uploads\/2026\/04\/Screenshot-2026-04-15-at-08-47-45-Wayground.png","type":"image\/png"}],"twitter_card":"summary_large_image","twitter_misc":{"Temps estimat de lectura":"2 minuts"},"schema":{"@context":"https:\/\/schema.org","@graph":[{"@type":"WebPage","@id":"https:\/\/irodriguez.inscastellbisbal.net\/?page_id=1804","url":"https:\/\/irodriguez.inscastellbisbal.net\/?page_id=1804","name":"Creaci\u00f3 d'un Quiz de l\u2019impacte ambiental de la inform\u00e0tica - Ivan Rodriguez Jimenez","isPartOf":{"@id":"https:\/\/irodriguez.inscastellbisbal.net\/#website"},"primaryImageOfPage":{"@id":"https:\/\/irodriguez.inscastellbisbal.net\/?page_id=1804#primaryimage"},"image":{"@id":"https:\/\/irodriguez.inscastellbisbal.net\/?page_id=1804#primaryimage"},"thumbnailUrl":"https:\/\/irodriguez.inscastellbisbal.net\/wp-content\/uploads\/2026\/04\/Screenshot-2026-04-15-at-08-47-45-Wayground-1024x596.png","datePublished":"2026-02-25T11:54:43+00:00","dateModified":"2026-04-15T07:04:31+00:00","breadcrumb":{"@id":"https:\/\/irodriguez.inscastellbisbal.net\/?page_id=1804#breadcrumb"},"inLanguage":"ca","potentialAction":[{"@type":"ReadAction","target":["https:\/\/irodriguez.inscastellbisbal.net\/?page_id=1804"]}]},{"@type":"ImageObject","inLanguage":"ca","@id":"https:\/\/irodriguez.inscastellbisbal.net\/?page_id=1804#primaryimage","url":"https:\/\/irodriguez.inscastellbisbal.net\/wp-content\/uploads\/2026\/04\/Screenshot-2026-04-15-at-08-47-45-Wayground.png","contentUrl":"https:\/\/irodriguez.inscastellbisbal.net\/wp-content\/uploads\/2026\/04\/Screenshot-2026-04-15-at-08-47-45-Wayground.png","width":1608,"height":936},{"@type":"BreadcrumbList","@id":"https:\/\/irodriguez.inscastellbisbal.net\/?page_id=1804#breadcrumb","itemListElement":[{"@type":"ListItem","position":1,"name":"Inici","item":"https:\/\/irodriguez.inscastellbisbal.net\/"},{"@type":"ListItem","position":2,"name":"SMX1","item":"https:\/\/irodriguez.inscastellbisbal.net\/?page_id=1205"},{"@type":"ListItem","position":3,"name":"Repte 1.4","item":"https:\/\/irodriguez.inscastellbisbal.net\/?page_id=1209"},{"@type":"ListItem","position":4,"name":"L&#8217;Ecocarpa","item":"https:\/\/irodriguez.inscastellbisbal.net\/?page_id=1764"},{"@type":"ListItem","position":5,"name":"Creaci\u00f3 d&#8217;un Quiz de l\u2019impacte ambiental de la inform\u00e0tica"}]},{"@type":"WebSite","@id":"https:\/\/irodriguez.inscastellbisbal.net\/#website","url":"https:\/\/irodriguez.inscastellbisbal.net\/","name":"Ivan Rodriguez Jimenez","description":"Hola, em dic Iv\u00e1n, tinc 16 anys i actualment estic cursant el meu primer any de cicle formatiu en inform\u00e0tica.  En aquest espai anir\u00e9 compartint el que aprenc: des de conceptes b\u00e0sics de maquinari i programari, fins a programaci\u00f3, xarxes i projectes personals. El meu objectiu \u00e9s anar creixent pas a pas en aquest m\u00f3n de la tecnologia i, al hora, deixar aqu\u00ed un registre del meu progr\u00e9s.  Espero que trobis interessant el contingut i que aquest rac\u00f3 sigui \u00fatil tant per a mi com per a qualsevol que tamb\u00e9 estigui comen\u00e7ant al cam\u00ed de la inform\u00e0tica.","publisher":{"@id":"https:\/\/irodriguez.inscastellbisbal.net\/#organization"},"potentialAction":[{"@type":"SearchAction","target":{"@type":"EntryPoint","urlTemplate":"https:\/\/irodriguez.inscastellbisbal.net\/?s={search_term_string}"},"query-input":{"@type":"PropertyValueSpecification","valueRequired":true,"valueName":"search_term_string"}}],"inLanguage":"ca"},{"@type":"Organization","@id":"https:\/\/irodriguez.inscastellbisbal.net\/#organization","name":"Ivan Rodriguez Jimenez","url":"https:\/\/irodriguez.inscastellbisbal.net\/","logo":{"@type":"ImageObject","inLanguage":"ca","@id":"https:\/\/irodriguez.inscastellbisbal.net\/#\/schema\/logo\/image\/","url":"https:\/\/irodriguez.inscastellbisbal.net\/wp-content\/uploads\/2025\/09\/cropped-cropped-ChatGPT-Image-Sep-19-2025-08_40_26-AM.jpg","contentUrl":"https:\/\/irodriguez.inscastellbisbal.net\/wp-content\/uploads\/2025\/09\/cropped-cropped-ChatGPT-Image-Sep-19-2025-08_40_26-AM.jpg","width":1536,"height":1024,"caption":"Ivan Rodriguez Jimenez"},"image":{"@id":"https:\/\/irodriguez.inscastellbisbal.net\/#\/schema\/logo\/image\/"}}]}},"_links":{"self":[{"href":"https:\/\/irodriguez.inscastellbisbal.net\/index.php?rest_route=\/wp\/v2\/pages\/1804","targetHints":{"allow":["GET"]}}],"collection":[{"href":"https:\/\/irodriguez.inscastellbisbal.net\/index.php?rest_route=\/wp\/v2\/pages"}],"about":[{"href":"https:\/\/irodriguez.inscastellbisbal.net\/index.php?rest_route=\/wp\/v2\/types\/page"}],"author":[{"embeddable":true,"href":"https:\/\/irodriguez.inscastellbisbal.net\/index.php?rest_route=\/wp\/v2\/users\/1"}],"replies":[{"embeddable":true,"href":"https:\/\/irodriguez.inscastellbisbal.net\/index.php?rest_route=%2Fwp%2Fv2%2Fcomments&post=1804"}],"version-history":[{"count":2,"href":"https:\/\/irodriguez.inscastellbisbal.net\/index.php?rest_route=\/wp\/v2\/pages\/1804\/revisions"}],"predecessor-version":[{"id":2076,"href":"https:\/\/irodriguez.inscastellbisbal.net\/index.php?rest_route=\/wp\/v2\/pages\/1804\/revisions\/2076"}],"up":[{"embeddable":true,"href":"https:\/\/irodriguez.inscastellbisbal.net\/index.php?rest_route=\/wp\/v2\/pages\/1764"}],"wp:attachment":[{"href":"https:\/\/irodriguez.inscastellbisbal.net\/index.php?rest_route=%2Fwp%2Fv2%2Fmedia&parent=1804"}],"curies":[{"name":"wp","href":"https:\/\/api.w.org\/{rel}","templated":true}]}}