{"id":247,"date":"2025-09-22T07:51:21","date_gmt":"2025-09-22T07:51:21","guid":{"rendered":"https:\/\/irodriguez.inscastellbisbal.net\/?page_id=247"},"modified":"2026-01-16T09:37:32","modified_gmt":"2026-01-16T09:37:32","slug":"correo-professional","status":"publish","type":"page","link":"https:\/\/irodriguez.inscastellbisbal.net\/?page_id=247","title":{"rendered":"Correo professional"},"content":{"rendered":"\n<p>Evita incluir n\u00fameros y caracteres especiales, ya que pueden generar confusi\u00f3n visual.<\/p>\n\n\n\n<p>Elige una combinaci\u00f3n de <strong>nombre<\/strong> y direcci\u00f3n de <strong>correo<\/strong> que sea coherente con tu dominio y refleje tu marca.<\/p>\n\n\n\n<p>Haz que sea lo m\u00e1s corta posible y, a la vez, f\u00e1cil de recordar.<\/p>\n\n\n\n<ol class=\"wp-block-list\"><\/ol>\n\n\n\n<h1 class=\"wp-block-heading\">Gu\u00eda para crear un correo profesional<\/h1>\n\n\n\n<p>irjimenez112@gmail.com<\/p>\n\n\n\n<figure class=\"wp-block-image size-full\"><img fetchpriority=\"high\" decoding=\"async\" width=\"635\" height=\"184\" src=\"https:\/\/irodriguez.inscastellbisbal.net\/wp-content\/uploads\/2025\/09\/image-6.png\" alt=\"\" class=\"wp-image-304\" srcset=\"https:\/\/irodriguez.inscastellbisbal.net\/wp-content\/uploads\/2025\/09\/image-6.png 635w, https:\/\/irodriguez.inscastellbisbal.net\/wp-content\/uploads\/2025\/09\/image-6-300x87.png 300w, https:\/\/irodriguez.inscastellbisbal.net\/wp-content\/uploads\/2025\/09\/image-6-221x64.png 221w\" sizes=\"(max-width: 635px) 100vw, 635px\" \/><\/figure>\n\n\n\n<p><strong>C\u00f3mo crear una direcci\u00f3n de correo electr\u00f3nico profesional<\/strong><\/p>\n\n\n\n<p>Prime de tot nem  a la p\u00e0gina d\u2019inici de sessi\u00f3, selecciona \u201cCrea un compte\u201d.<\/p>\n\n\n\n<figure class=\"wp-block-image size-large\"><img decoding=\"async\" width=\"1024\" height=\"426\" src=\"https:\/\/irodriguez.inscastellbisbal.net\/wp-content\/uploads\/2025\/09\/image-7-1024x426.png\" alt=\"\" class=\"wp-image-305\" srcset=\"https:\/\/irodriguez.inscastellbisbal.net\/wp-content\/uploads\/2025\/09\/image-7-1024x426.png 1024w, https:\/\/irodriguez.inscastellbisbal.net\/wp-content\/uploads\/2025\/09\/image-7-300x125.png 300w, https:\/\/irodriguez.inscastellbisbal.net\/wp-content\/uploads\/2025\/09\/image-7-768x319.png 768w, https:\/\/irodriguez.inscastellbisbal.net\/wp-content\/uploads\/2025\/09\/image-7-221x92.png 221w, https:\/\/irodriguez.inscastellbisbal.net\/wp-content\/uploads\/2025\/09\/image-7.png 1061w\" sizes=\"(max-width: 1024px) 100vw, 1024px\" \/><\/figure>\n\n\n\n<p>Escull si \u00e9s per a tu mateix, el teu fill o per a gestionar un negoci.<\/p>\n\n\n\n<figure class=\"wp-block-image size-full\"><img decoding=\"async\" width=\"364\" height=\"223\" src=\"https:\/\/irodriguez.inscastellbisbal.net\/wp-content\/uploads\/2025\/09\/Screenshot-2025-09-23-at-10-59-34-Gmail.png\" alt=\"\" class=\"wp-image-306\" srcset=\"https:\/\/irodriguez.inscastellbisbal.net\/wp-content\/uploads\/2025\/09\/Screenshot-2025-09-23-at-10-59-34-Gmail.png 364w, https:\/\/irodriguez.inscastellbisbal.net\/wp-content\/uploads\/2025\/09\/Screenshot-2025-09-23-at-10-59-34-Gmail-300x184.png 300w, https:\/\/irodriguez.inscastellbisbal.net\/wp-content\/uploads\/2025\/09\/Screenshot-2025-09-23-at-10-59-34-Gmail-221x135.png 221w\" sizes=\"(max-width: 364px) 100vw, 364px\" \/><\/figure>\n\n\n\n<pre id=\"tw-target-text\" class=\"wp-block-preformatted\">Poses la informaci\u00f3 que et demana nom cognoms dia mes any i genere<\/pre>\n\n\n\n<figure class=\"wp-block-image size-large\"><img loading=\"lazy\" decoding=\"async\" width=\"1024\" height=\"378\" src=\"https:\/\/irodriguez.inscastellbisbal.net\/wp-content\/uploads\/2025\/09\/Screenshot-2025-09-23-at-11-03-30-Crea-un-Compte-de-Google-1024x378.png\" alt=\"\" class=\"wp-image-307\" srcset=\"https:\/\/irodriguez.inscastellbisbal.net\/wp-content\/uploads\/2025\/09\/Screenshot-2025-09-23-at-11-03-30-Crea-un-Compte-de-Google-1024x378.png 1024w, https:\/\/irodriguez.inscastellbisbal.net\/wp-content\/uploads\/2025\/09\/Screenshot-2025-09-23-at-11-03-30-Crea-un-Compte-de-Google-300x111.png 300w, https:\/\/irodriguez.inscastellbisbal.net\/wp-content\/uploads\/2025\/09\/Screenshot-2025-09-23-at-11-03-30-Crea-un-Compte-de-Google-768x284.png 768w, https:\/\/irodriguez.inscastellbisbal.net\/wp-content\/uploads\/2025\/09\/Screenshot-2025-09-23-at-11-03-30-Crea-un-Compte-de-Google-221x82.png 221w, https:\/\/irodriguez.inscastellbisbal.net\/wp-content\/uploads\/2025\/09\/Screenshot-2025-09-23-at-11-03-30-Crea-un-Compte-de-Google.png 1040w\" sizes=\"(max-width: 1024px) 100vw, 1024px\" \/><\/figure>\n\n\n\n<figure class=\"wp-block-image size-large\"><img loading=\"lazy\" decoding=\"async\" width=\"1024\" height=\"397\" src=\"https:\/\/irodriguez.inscastellbisbal.net\/wp-content\/uploads\/2025\/09\/Screenshot-2025-09-23-at-11-04-45-Informacio-basica-Introdueix-la-teva-data-de-naixement-i-genere-1024x397.png\" alt=\"\" class=\"wp-image-308\" srcset=\"https:\/\/irodriguez.inscastellbisbal.net\/wp-content\/uploads\/2025\/09\/Screenshot-2025-09-23-at-11-04-45-Informacio-basica-Introdueix-la-teva-data-de-naixement-i-genere-1024x397.png 1024w, https:\/\/irodriguez.inscastellbisbal.net\/wp-content\/uploads\/2025\/09\/Screenshot-2025-09-23-at-11-04-45-Informacio-basica-Introdueix-la-teva-data-de-naixement-i-genere-300x116.png 300w, https:\/\/irodriguez.inscastellbisbal.net\/wp-content\/uploads\/2025\/09\/Screenshot-2025-09-23-at-11-04-45-Informacio-basica-Introdueix-la-teva-data-de-naixement-i-genere-768x298.png 768w, https:\/\/irodriguez.inscastellbisbal.net\/wp-content\/uploads\/2025\/09\/Screenshot-2025-09-23-at-11-04-45-Informacio-basica-Introdueix-la-teva-data-de-naixement-i-genere-221x86.png 221w, https:\/\/irodriguez.inscastellbisbal.net\/wp-content\/uploads\/2025\/09\/Screenshot-2025-09-23-at-11-04-45-Informacio-basica-Introdueix-la-teva-data-de-naixement-i-genere.png 1040w\" sizes=\"(max-width: 1024px) 100vw, 1024px\" \/><\/figure>\n\n\n\n<p><\/p>\n\n\n\n<p><\/p>\n","protected":false},"excerpt":{"rendered":"<p>Evita incluir n\u00fameros y caracteres especiales, ya que pueden generar confusi\u00f3n visual. Elige una combinaci\u00f3n de nombre y direcci\u00f3n de correo que sea coherente con &hellip;<\/p>\n","protected":false},"author":1,"featured_media":0,"parent":1321,"menu_order":0,"comment_status":"closed","ping_status":"closed","template":"","meta":{"footnotes":""},"class_list":["post-247","page","type-page","status-publish","hentry"],"yoast_head":"<!-- This site is optimized with the Yoast SEO plugin v27.0 - https:\/\/yoast.com\/product\/yoast-seo-wordpress\/ -->\n<title>Correo professional - Ivan Rodriguez Jimenez<\/title>\n<meta name=\"robots\" content=\"index, follow, max-snippet:-1, max-image-preview:large, max-video-preview:-1\" \/>\n<link rel=\"canonical\" href=\"https:\/\/irodriguez.inscastellbisbal.net\/?page_id=247\" \/>\n<meta property=\"og:locale\" content=\"ca_ES\" \/>\n<meta property=\"og:type\" content=\"article\" \/>\n<meta property=\"og:title\" content=\"Correo professional - Ivan Rodriguez Jimenez\" \/>\n<meta property=\"og:description\" content=\"Evita incluir n\u00fameros y caracteres especiales, ya que pueden generar confusi\u00f3n visual. Elige una combinaci\u00f3n de nombre y direcci\u00f3n de correo que sea coherente con &hellip;\" \/>\n<meta property=\"og:url\" content=\"https:\/\/irodriguez.inscastellbisbal.net\/?page_id=247\" \/>\n<meta property=\"og:site_name\" content=\"Ivan Rodriguez Jimenez\" \/>\n<meta property=\"article:modified_time\" content=\"2026-01-16T09:37:32+00:00\" \/>\n<meta property=\"og:image\" content=\"https:\/\/irodriguez.inscastellbisbal.net\/wp-content\/uploads\/2025\/09\/image-6.png\" \/>\n\t<meta property=\"og:image:width\" content=\"635\" \/>\n\t<meta property=\"og:image:height\" content=\"184\" \/>\n\t<meta property=\"og:image:type\" content=\"image\/png\" \/>\n<meta name=\"twitter:card\" content=\"summary_large_image\" \/>\n<meta name=\"twitter:label1\" content=\"Temps estimat de lectura\" \/>\n\t<meta name=\"twitter:data1\" content=\"1 minut\" \/>\n<script type=\"application\/ld+json\" class=\"yoast-schema-graph\">{\"@context\":\"https:\/\/schema.org\",\"@graph\":[{\"@type\":\"WebPage\",\"@id\":\"https:\/\/irodriguez.inscastellbisbal.net\/?page_id=247\",\"url\":\"https:\/\/irodriguez.inscastellbisbal.net\/?page_id=247\",\"name\":\"Correo professional - Ivan Rodriguez Jimenez\",\"isPartOf\":{\"@id\":\"https:\/\/irodriguez.inscastellbisbal.net\/#website\"},\"primaryImageOfPage\":{\"@id\":\"https:\/\/irodriguez.inscastellbisbal.net\/?page_id=247#primaryimage\"},\"image\":{\"@id\":\"https:\/\/irodriguez.inscastellbisbal.net\/?page_id=247#primaryimage\"},\"thumbnailUrl\":\"https:\/\/irodriguez.inscastellbisbal.net\/wp-content\/uploads\/2025\/09\/image-6.png\",\"datePublished\":\"2025-09-22T07:51:21+00:00\",\"dateModified\":\"2026-01-16T09:37:32+00:00\",\"breadcrumb\":{\"@id\":\"https:\/\/irodriguez.inscastellbisbal.net\/?page_id=247#breadcrumb\"},\"inLanguage\":\"ca\",\"potentialAction\":[{\"@type\":\"ReadAction\",\"target\":[\"https:\/\/irodriguez.inscastellbisbal.net\/?page_id=247\"]}]},{\"@type\":\"ImageObject\",\"inLanguage\":\"ca\",\"@id\":\"https:\/\/irodriguez.inscastellbisbal.net\/?page_id=247#primaryimage\",\"url\":\"https:\/\/irodriguez.inscastellbisbal.net\/wp-content\/uploads\/2025\/09\/image-6.png\",\"contentUrl\":\"https:\/\/irodriguez.inscastellbisbal.net\/wp-content\/uploads\/2025\/09\/image-6.png\",\"width\":635,\"height\":184},{\"@type\":\"BreadcrumbList\",\"@id\":\"https:\/\/irodriguez.inscastellbisbal.net\/?page_id=247#breadcrumb\",\"itemListElement\":[{\"@type\":\"ListItem\",\"position\":1,\"name\":\"Inici\",\"item\":\"https:\/\/irodriguez.inscastellbisbal.net\/\"},{\"@type\":\"ListItem\",\"position\":2,\"name\":\"Correu profesional\",\"item\":\"https:\/\/irodriguez.inscastellbisbal.net\/?page_id=1321\"},{\"@type\":\"ListItem\",\"position\":3,\"name\":\"Correo professional\"}]},{\"@type\":\"WebSite\",\"@id\":\"https:\/\/irodriguez.inscastellbisbal.net\/#website\",\"url\":\"https:\/\/irodriguez.inscastellbisbal.net\/\",\"name\":\"Ivan Rodriguez Jimenez\",\"description\":\"Hola, em dic Iv\u00e1n, tinc 16 anys i actualment estic cursant el meu primer any de cicle formatiu en inform\u00e0tica.  En aquest espai anir\u00e9 compartint el que aprenc: des de conceptes b\u00e0sics de maquinari i programari, fins a programaci\u00f3, xarxes i projectes personals. El meu objectiu \u00e9s anar creixent pas a pas en aquest m\u00f3n de la tecnologia i, al hora, deixar aqu\u00ed un registre del meu progr\u00e9s.  Espero que trobis interessant el contingut i que aquest rac\u00f3 sigui \u00fatil tant per a mi com per a qualsevol que tamb\u00e9 estigui comen\u00e7ant al cam\u00ed de la inform\u00e0tica.\",\"publisher\":{\"@id\":\"https:\/\/irodriguez.inscastellbisbal.net\/#organization\"},\"potentialAction\":[{\"@type\":\"SearchAction\",\"target\":{\"@type\":\"EntryPoint\",\"urlTemplate\":\"https:\/\/irodriguez.inscastellbisbal.net\/?s={search_term_string}\"},\"query-input\":{\"@type\":\"PropertyValueSpecification\",\"valueRequired\":true,\"valueName\":\"search_term_string\"}}],\"inLanguage\":\"ca\"},{\"@type\":\"Organization\",\"@id\":\"https:\/\/irodriguez.inscastellbisbal.net\/#organization\",\"name\":\"Ivan Rodriguez Jimenez\",\"url\":\"https:\/\/irodriguez.inscastellbisbal.net\/\",\"logo\":{\"@type\":\"ImageObject\",\"inLanguage\":\"ca\",\"@id\":\"https:\/\/irodriguez.inscastellbisbal.net\/#\/schema\/logo\/image\/\",\"url\":\"https:\/\/irodriguez.inscastellbisbal.net\/wp-content\/uploads\/2025\/09\/cropped-cropped-ChatGPT-Image-Sep-19-2025-08_40_26-AM.jpg\",\"contentUrl\":\"https:\/\/irodriguez.inscastellbisbal.net\/wp-content\/uploads\/2025\/09\/cropped-cropped-ChatGPT-Image-Sep-19-2025-08_40_26-AM.jpg\",\"width\":1536,\"height\":1024,\"caption\":\"Ivan Rodriguez Jimenez\"},\"image\":{\"@id\":\"https:\/\/irodriguez.inscastellbisbal.net\/#\/schema\/logo\/image\/\"}}]}<\/script>\n<!-- \/ Yoast SEO plugin. -->","yoast_head_json":{"title":"Correo professional - Ivan Rodriguez Jimenez","robots":{"index":"index","follow":"follow","max-snippet":"max-snippet:-1","max-image-preview":"max-image-preview:large","max-video-preview":"max-video-preview:-1"},"canonical":"https:\/\/irodriguez.inscastellbisbal.net\/?page_id=247","og_locale":"ca_ES","og_type":"article","og_title":"Correo professional - Ivan Rodriguez Jimenez","og_description":"Evita incluir n\u00fameros y caracteres especiales, ya que pueden generar confusi\u00f3n visual. Elige una combinaci\u00f3n de nombre y direcci\u00f3n de correo que sea coherente con &hellip;","og_url":"https:\/\/irodriguez.inscastellbisbal.net\/?page_id=247","og_site_name":"Ivan Rodriguez Jimenez","article_modified_time":"2026-01-16T09:37:32+00:00","og_image":[{"width":635,"height":184,"url":"https:\/\/irodriguez.inscastellbisbal.net\/wp-content\/uploads\/2025\/09\/image-6.png","type":"image\/png"}],"twitter_card":"summary_large_image","twitter_misc":{"Temps estimat de lectura":"1 minut"},"schema":{"@context":"https:\/\/schema.org","@graph":[{"@type":"WebPage","@id":"https:\/\/irodriguez.inscastellbisbal.net\/?page_id=247","url":"https:\/\/irodriguez.inscastellbisbal.net\/?page_id=247","name":"Correo professional - Ivan Rodriguez Jimenez","isPartOf":{"@id":"https:\/\/irodriguez.inscastellbisbal.net\/#website"},"primaryImageOfPage":{"@id":"https:\/\/irodriguez.inscastellbisbal.net\/?page_id=247#primaryimage"},"image":{"@id":"https:\/\/irodriguez.inscastellbisbal.net\/?page_id=247#primaryimage"},"thumbnailUrl":"https:\/\/irodriguez.inscastellbisbal.net\/wp-content\/uploads\/2025\/09\/image-6.png","datePublished":"2025-09-22T07:51:21+00:00","dateModified":"2026-01-16T09:37:32+00:00","breadcrumb":{"@id":"https:\/\/irodriguez.inscastellbisbal.net\/?page_id=247#breadcrumb"},"inLanguage":"ca","potentialAction":[{"@type":"ReadAction","target":["https:\/\/irodriguez.inscastellbisbal.net\/?page_id=247"]}]},{"@type":"ImageObject","inLanguage":"ca","@id":"https:\/\/irodriguez.inscastellbisbal.net\/?page_id=247#primaryimage","url":"https:\/\/irodriguez.inscastellbisbal.net\/wp-content\/uploads\/2025\/09\/image-6.png","contentUrl":"https:\/\/irodriguez.inscastellbisbal.net\/wp-content\/uploads\/2025\/09\/image-6.png","width":635,"height":184},{"@type":"BreadcrumbList","@id":"https:\/\/irodriguez.inscastellbisbal.net\/?page_id=247#breadcrumb","itemListElement":[{"@type":"ListItem","position":1,"name":"Inici","item":"https:\/\/irodriguez.inscastellbisbal.net\/"},{"@type":"ListItem","position":2,"name":"Correu profesional","item":"https:\/\/irodriguez.inscastellbisbal.net\/?page_id=1321"},{"@type":"ListItem","position":3,"name":"Correo professional"}]},{"@type":"WebSite","@id":"https:\/\/irodriguez.inscastellbisbal.net\/#website","url":"https:\/\/irodriguez.inscastellbisbal.net\/","name":"Ivan Rodriguez Jimenez","description":"Hola, em dic Iv\u00e1n, tinc 16 anys i actualment estic cursant el meu primer any de cicle formatiu en inform\u00e0tica.  En aquest espai anir\u00e9 compartint el que aprenc: des de conceptes b\u00e0sics de maquinari i programari, fins a programaci\u00f3, xarxes i projectes personals. El meu objectiu \u00e9s anar creixent pas a pas en aquest m\u00f3n de la tecnologia i, al hora, deixar aqu\u00ed un registre del meu progr\u00e9s.  Espero que trobis interessant el contingut i que aquest rac\u00f3 sigui \u00fatil tant per a mi com per a qualsevol que tamb\u00e9 estigui comen\u00e7ant al cam\u00ed de la inform\u00e0tica.","publisher":{"@id":"https:\/\/irodriguez.inscastellbisbal.net\/#organization"},"potentialAction":[{"@type":"SearchAction","target":{"@type":"EntryPoint","urlTemplate":"https:\/\/irodriguez.inscastellbisbal.net\/?s={search_term_string}"},"query-input":{"@type":"PropertyValueSpecification","valueRequired":true,"valueName":"search_term_string"}}],"inLanguage":"ca"},{"@type":"Organization","@id":"https:\/\/irodriguez.inscastellbisbal.net\/#organization","name":"Ivan Rodriguez Jimenez","url":"https:\/\/irodriguez.inscastellbisbal.net\/","logo":{"@type":"ImageObject","inLanguage":"ca","@id":"https:\/\/irodriguez.inscastellbisbal.net\/#\/schema\/logo\/image\/","url":"https:\/\/irodriguez.inscastellbisbal.net\/wp-content\/uploads\/2025\/09\/cropped-cropped-ChatGPT-Image-Sep-19-2025-08_40_26-AM.jpg","contentUrl":"https:\/\/irodriguez.inscastellbisbal.net\/wp-content\/uploads\/2025\/09\/cropped-cropped-ChatGPT-Image-Sep-19-2025-08_40_26-AM.jpg","width":1536,"height":1024,"caption":"Ivan Rodriguez Jimenez"},"image":{"@id":"https:\/\/irodriguez.inscastellbisbal.net\/#\/schema\/logo\/image\/"}}]}},"_links":{"self":[{"href":"https:\/\/irodriguez.inscastellbisbal.net\/index.php?rest_route=\/wp\/v2\/pages\/247","targetHints":{"allow":["GET"]}}],"collection":[{"href":"https:\/\/irodriguez.inscastellbisbal.net\/index.php?rest_route=\/wp\/v2\/pages"}],"about":[{"href":"https:\/\/irodriguez.inscastellbisbal.net\/index.php?rest_route=\/wp\/v2\/types\/page"}],"author":[{"embeddable":true,"href":"https:\/\/irodriguez.inscastellbisbal.net\/index.php?rest_route=\/wp\/v2\/users\/1"}],"replies":[{"embeddable":true,"href":"https:\/\/irodriguez.inscastellbisbal.net\/index.php?rest_route=%2Fwp%2Fv2%2Fcomments&post=247"}],"version-history":[{"count":5,"href":"https:\/\/irodriguez.inscastellbisbal.net\/index.php?rest_route=\/wp\/v2\/pages\/247\/revisions"}],"predecessor-version":[{"id":309,"href":"https:\/\/irodriguez.inscastellbisbal.net\/index.php?rest_route=\/wp\/v2\/pages\/247\/revisions\/309"}],"up":[{"embeddable":true,"href":"https:\/\/irodriguez.inscastellbisbal.net\/index.php?rest_route=\/wp\/v2\/pages\/1321"}],"wp:attachment":[{"href":"https:\/\/irodriguez.inscastellbisbal.net\/index.php?rest_route=%2Fwp%2Fv2%2Fmedia&parent=247"}],"curies":[{"name":"wp","href":"https:\/\/api.w.org\/{rel}","templated":true}]}}