{"id":345,"date":"2025-09-23T11:02:59","date_gmt":"2025-09-23T11:02:59","guid":{"rendered":"https:\/\/irodriguez.inscastellbisbal.net\/?page_id=345"},"modified":"2026-01-16T09:41:14","modified_gmt":"2026-01-16T09:41:14","slug":"creacio-dun-correu-per-temes-academics-i-professionals-identificatiu","status":"publish","type":"page","link":"https:\/\/irodriguez.inscastellbisbal.net\/?page_id=345","title":{"rendered":"Creaci\u00f3 d&#8217;un correu per temes acad\u00e8mics i professionals identificatiu"},"content":{"rendered":"\n<pre id=\"tw-target-text\" class=\"wp-block-preformatted\">He creat el meu correu professional<\/pre>\n\n\n\n<p>ir.jimenez112@gmail.com<\/p>\n\n\n\n<figure class=\"wp-block-image size-full\"><img fetchpriority=\"high\" decoding=\"async\" width=\"257\" height=\"261\" src=\"https:\/\/irodriguez.inscastellbisbal.net\/wp-content\/uploads\/2025\/10\/aaqa.png\" alt=\"\" class=\"wp-image-706\"\/><\/figure>\n\n\n\n<p><strong>COM FER-HO:<\/strong><\/p>\n\n\n\n<h4 class=\"wp-block-heading\">Ves a la p\u00e0gina \u201cGmail\u201d.<\/h4>\n\n\n\n<pre id=\"tw-target-text\" class=\"wp-block-preformatted\">A la p\u00e0gina d\u2019inici de sessi\u00f3, seleccioneu \u201cCrea una compte\u201d.<\/pre>\n\n\n\n<figure class=\"wp-block-image size-large\"><img decoding=\"async\" width=\"1024\" height=\"396\" src=\"https:\/\/irodriguez.inscastellbisbal.net\/wp-content\/uploads\/2025\/09\/image-27-1024x396.png\" alt=\"\" class=\"wp-image-446\" srcset=\"https:\/\/irodriguez.inscastellbisbal.net\/wp-content\/uploads\/2025\/09\/image-27-1024x396.png 1024w, https:\/\/irodriguez.inscastellbisbal.net\/wp-content\/uploads\/2025\/09\/image-27-300x116.png 300w, https:\/\/irodriguez.inscastellbisbal.net\/wp-content\/uploads\/2025\/09\/image-27-768x297.png 768w, https:\/\/irodriguez.inscastellbisbal.net\/wp-content\/uploads\/2025\/09\/image-27-221x85.png 221w, https:\/\/irodriguez.inscastellbisbal.net\/wp-content\/uploads\/2025\/09\/image-27.png 1040w\" sizes=\"(max-width: 1024px) 100vw, 1024px\" \/><\/figure>\n\n\n\n<pre id=\"tw-target-text\" class=\"wp-block-preformatted\">Ara escull si es per a tu o per a tu fill o filla o per a un negoci<\/pre>\n\n\n\n<figure class=\"wp-block-image size-full\"><img decoding=\"async\" width=\"269\" height=\"192\" src=\"https:\/\/irodriguez.inscastellbisbal.net\/wp-content\/uploads\/2025\/09\/image-28.png\" alt=\"\" class=\"wp-image-447\" srcset=\"https:\/\/irodriguez.inscastellbisbal.net\/wp-content\/uploads\/2025\/09\/image-28.png 269w, https:\/\/irodriguez.inscastellbisbal.net\/wp-content\/uploads\/2025\/09\/image-28-221x158.png 221w\" sizes=\"(max-width: 269px) 100vw, 269px\" \/><\/figure>\n\n\n\n<figure class=\"wp-block-image size-large\"><img loading=\"lazy\" decoding=\"async\" width=\"1024\" height=\"378\" src=\"https:\/\/irodriguez.inscastellbisbal.net\/wp-content\/uploads\/2025\/09\/image-29-1024x378.png\" alt=\"\" class=\"wp-image-448\" srcset=\"https:\/\/irodriguez.inscastellbisbal.net\/wp-content\/uploads\/2025\/09\/image-29-1024x378.png 1024w, https:\/\/irodriguez.inscastellbisbal.net\/wp-content\/uploads\/2025\/09\/image-29-300x111.png 300w, https:\/\/irodriguez.inscastellbisbal.net\/wp-content\/uploads\/2025\/09\/image-29-768x284.png 768w, https:\/\/irodriguez.inscastellbisbal.net\/wp-content\/uploads\/2025\/09\/image-29-221x82.png 221w, https:\/\/irodriguez.inscastellbisbal.net\/wp-content\/uploads\/2025\/09\/image-29.png 1040w\" sizes=\"(max-width: 1024px) 100vw, 1024px\" \/><\/figure>\n\n\n\n<figure class=\"wp-block-image size-large\"><img loading=\"lazy\" decoding=\"async\" width=\"1024\" height=\"397\" src=\"https:\/\/irodriguez.inscastellbisbal.net\/wp-content\/uploads\/2025\/09\/image-30-1024x397.png\" alt=\"\" class=\"wp-image-449\" srcset=\"https:\/\/irodriguez.inscastellbisbal.net\/wp-content\/uploads\/2025\/09\/image-30-1024x397.png 1024w, https:\/\/irodriguez.inscastellbisbal.net\/wp-content\/uploads\/2025\/09\/image-30-300x116.png 300w, https:\/\/irodriguez.inscastellbisbal.net\/wp-content\/uploads\/2025\/09\/image-30-768x298.png 768w, https:\/\/irodriguez.inscastellbisbal.net\/wp-content\/uploads\/2025\/09\/image-30-221x86.png 221w, https:\/\/irodriguez.inscastellbisbal.net\/wp-content\/uploads\/2025\/09\/image-30.png 1040w\" sizes=\"(max-width: 1024px) 100vw, 1024px\" \/><\/figure>\n\n\n\n<figure class=\"wp-block-image size-large\"><img loading=\"lazy\" decoding=\"async\" width=\"1024\" height=\"403\" src=\"https:\/\/irodriguez.inscastellbisbal.net\/wp-content\/uploads\/2025\/09\/image-31-1024x403.png\" alt=\"\" class=\"wp-image-450\" srcset=\"https:\/\/irodriguez.inscastellbisbal.net\/wp-content\/uploads\/2025\/09\/image-31-1024x403.png 1024w, https:\/\/irodriguez.inscastellbisbal.net\/wp-content\/uploads\/2025\/09\/image-31-300x118.png 300w, https:\/\/irodriguez.inscastellbisbal.net\/wp-content\/uploads\/2025\/09\/image-31-768x302.png 768w, https:\/\/irodriguez.inscastellbisbal.net\/wp-content\/uploads\/2025\/09\/image-31-221x87.png 221w, https:\/\/irodriguez.inscastellbisbal.net\/wp-content\/uploads\/2025\/09\/image-31.png 1040w\" sizes=\"(max-width: 1024px) 100vw, 1024px\" \/><\/figure>\n\n\n\n<figure class=\"wp-block-image size-large\"><img loading=\"lazy\" decoding=\"async\" width=\"1024\" height=\"413\" src=\"https:\/\/irodriguez.inscastellbisbal.net\/wp-content\/uploads\/2025\/09\/image-32-1024x413.png\" alt=\"\" class=\"wp-image-451\" srcset=\"https:\/\/irodriguez.inscastellbisbal.net\/wp-content\/uploads\/2025\/09\/image-32-1024x413.png 1024w, https:\/\/irodriguez.inscastellbisbal.net\/wp-content\/uploads\/2025\/09\/image-32-300x121.png 300w, https:\/\/irodriguez.inscastellbisbal.net\/wp-content\/uploads\/2025\/09\/image-32-768x309.png 768w, https:\/\/irodriguez.inscastellbisbal.net\/wp-content\/uploads\/2025\/09\/image-32-221x89.png 221w, https:\/\/irodriguez.inscastellbisbal.net\/wp-content\/uploads\/2025\/09\/image-32.png 1040w\" sizes=\"(max-width: 1024px) 100vw, 1024px\" \/><\/figure>\n\n\n\n<p>Omple la informaci\u00f3 opcional com el n\u00famero de tel\u00e8fon (per a la verificaci\u00f3), i adre\u00e7a de correu electr\u00f2nic de recuperaci\u00f3.<\/p>\n\n\n\n<figure class=\"wp-block-image size-large\"><img loading=\"lazy\" decoding=\"async\" width=\"1024\" height=\"383\" src=\"https:\/\/irodriguez.inscastellbisbal.net\/wp-content\/uploads\/2025\/09\/image-33-1024x383.png\" alt=\"\" class=\"wp-image-452\" srcset=\"https:\/\/irodriguez.inscastellbisbal.net\/wp-content\/uploads\/2025\/09\/image-33-1024x383.png 1024w, https:\/\/irodriguez.inscastellbisbal.net\/wp-content\/uploads\/2025\/09\/image-33-300x112.png 300w, https:\/\/irodriguez.inscastellbisbal.net\/wp-content\/uploads\/2025\/09\/image-33-768x287.png 768w, https:\/\/irodriguez.inscastellbisbal.net\/wp-content\/uploads\/2025\/09\/image-33-221x83.png 221w, https:\/\/irodriguez.inscastellbisbal.net\/wp-content\/uploads\/2025\/09\/image-33-800x300.png 800w, https:\/\/irodriguez.inscastellbisbal.net\/wp-content\/uploads\/2025\/09\/image-33.png 1040w\" sizes=\"(max-width: 1024px) 100vw, 1024px\" \/><\/figure>\n\n\n\n<pre id=\"tw-target-text\" class=\"wp-block-preformatted\">Ara t'hauria de llegar un codi de verificaci\u00f3 al correu i ja ho tindries<\/pre>\n\n\n\n<figure class=\"wp-block-image size-large\"><img loading=\"lazy\" decoding=\"async\" width=\"1024\" height=\"378\" src=\"https:\/\/irodriguez.inscastellbisbal.net\/wp-content\/uploads\/2025\/09\/image-34-1024x378.png\" alt=\"\" class=\"wp-image-453\" srcset=\"https:\/\/irodriguez.inscastellbisbal.net\/wp-content\/uploads\/2025\/09\/image-34-1024x378.png 1024w, https:\/\/irodriguez.inscastellbisbal.net\/wp-content\/uploads\/2025\/09\/image-34-300x111.png 300w, https:\/\/irodriguez.inscastellbisbal.net\/wp-content\/uploads\/2025\/09\/image-34-768x284.png 768w, https:\/\/irodriguez.inscastellbisbal.net\/wp-content\/uploads\/2025\/09\/image-34-221x82.png 221w, https:\/\/irodriguez.inscastellbisbal.net\/wp-content\/uploads\/2025\/09\/image-34.png 1040w\" sizes=\"(max-width: 1024px) 100vw, 1024px\" \/><\/figure>\n","protected":false},"excerpt":{"rendered":"<p>He creat el meu correu professional ir.jimenez112@gmail.com COM FER-HO: Ves a la p\u00e0gina \u201cGmail\u201d. A la p\u00e0gina d\u2019inici de sessi\u00f3, seleccioneu \u201cCrea una compte\u201d. Ara &hellip;<\/p>\n","protected":false},"author":1,"featured_media":0,"parent":1321,"menu_order":0,"comment_status":"closed","ping_status":"closed","template":"","meta":{"footnotes":""},"class_list":["post-345","page","type-page","status-publish","hentry"],"yoast_head":"<!-- This site is optimized with the Yoast SEO plugin v27.0 - https:\/\/yoast.com\/product\/yoast-seo-wordpress\/ -->\n<title>Creaci\u00f3 d&#039;un correu per temes acad\u00e8mics i professionals identificatiu - Ivan Rodriguez Jimenez<\/title>\n<meta name=\"robots\" content=\"index, follow, max-snippet:-1, max-image-preview:large, max-video-preview:-1\" \/>\n<link rel=\"canonical\" href=\"https:\/\/irodriguez.inscastellbisbal.net\/?page_id=345\" \/>\n<meta property=\"og:locale\" content=\"ca_ES\" \/>\n<meta property=\"og:type\" content=\"article\" \/>\n<meta property=\"og:title\" content=\"Creaci\u00f3 d&#039;un correu per temes acad\u00e8mics i professionals identificatiu - Ivan Rodriguez Jimenez\" \/>\n<meta property=\"og:description\" content=\"He creat el meu correu professional ir.jimenez112@gmail.com COM FER-HO: Ves a la p\u00e0gina \u201cGmail\u201d. A la p\u00e0gina d\u2019inici de sessi\u00f3, seleccioneu \u201cCrea una compte\u201d. Ara &hellip;\" \/>\n<meta property=\"og:url\" content=\"https:\/\/irodriguez.inscastellbisbal.net\/?page_id=345\" \/>\n<meta property=\"og:site_name\" content=\"Ivan Rodriguez Jimenez\" \/>\n<meta property=\"article:modified_time\" content=\"2026-01-16T09:41:14+00:00\" \/>\n<meta property=\"og:image\" content=\"https:\/\/irodriguez.inscastellbisbal.net\/wp-content\/uploads\/2025\/10\/aaqa.png\" \/>\n\t<meta property=\"og:image:width\" content=\"257\" \/>\n\t<meta property=\"og:image:height\" content=\"261\" \/>\n\t<meta property=\"og:image:type\" content=\"image\/png\" \/>\n<meta name=\"twitter:card\" content=\"summary_large_image\" \/>\n<meta name=\"twitter:label1\" content=\"Temps estimat de lectura\" \/>\n\t<meta name=\"twitter:data1\" content=\"2 minuts\" \/>\n<script type=\"application\/ld+json\" class=\"yoast-schema-graph\">{\"@context\":\"https:\/\/schema.org\",\"@graph\":[{\"@type\":\"WebPage\",\"@id\":\"https:\/\/irodriguez.inscastellbisbal.net\/?page_id=345\",\"url\":\"https:\/\/irodriguez.inscastellbisbal.net\/?page_id=345\",\"name\":\"Creaci\u00f3 d'un correu per temes acad\u00e8mics i professionals identificatiu - Ivan Rodriguez Jimenez\",\"isPartOf\":{\"@id\":\"https:\/\/irodriguez.inscastellbisbal.net\/#website\"},\"primaryImageOfPage\":{\"@id\":\"https:\/\/irodriguez.inscastellbisbal.net\/?page_id=345#primaryimage\"},\"image\":{\"@id\":\"https:\/\/irodriguez.inscastellbisbal.net\/?page_id=345#primaryimage\"},\"thumbnailUrl\":\"https:\/\/irodriguez.inscastellbisbal.net\/wp-content\/uploads\/2025\/10\/aaqa.png\",\"datePublished\":\"2025-09-23T11:02:59+00:00\",\"dateModified\":\"2026-01-16T09:41:14+00:00\",\"breadcrumb\":{\"@id\":\"https:\/\/irodriguez.inscastellbisbal.net\/?page_id=345#breadcrumb\"},\"inLanguage\":\"ca\",\"potentialAction\":[{\"@type\":\"ReadAction\",\"target\":[\"https:\/\/irodriguez.inscastellbisbal.net\/?page_id=345\"]}]},{\"@type\":\"ImageObject\",\"inLanguage\":\"ca\",\"@id\":\"https:\/\/irodriguez.inscastellbisbal.net\/?page_id=345#primaryimage\",\"url\":\"https:\/\/irodriguez.inscastellbisbal.net\/wp-content\/uploads\/2025\/10\/aaqa.png\",\"contentUrl\":\"https:\/\/irodriguez.inscastellbisbal.net\/wp-content\/uploads\/2025\/10\/aaqa.png\",\"width\":257,\"height\":261},{\"@type\":\"BreadcrumbList\",\"@id\":\"https:\/\/irodriguez.inscastellbisbal.net\/?page_id=345#breadcrumb\",\"itemListElement\":[{\"@type\":\"ListItem\",\"position\":1,\"name\":\"Inici\",\"item\":\"https:\/\/irodriguez.inscastellbisbal.net\/\"},{\"@type\":\"ListItem\",\"position\":2,\"name\":\"SMX1\",\"item\":\"https:\/\/irodriguez.inscastellbisbal.net\/?page_id=1205\"},{\"@type\":\"ListItem\",\"position\":3,\"name\":\"Repte 1.1\",\"item\":\"https:\/\/irodriguez.inscastellbisbal.net\/?page_id=245\"},{\"@type\":\"ListItem\",\"position\":4,\"name\":\"Correu profesional\",\"item\":\"https:\/\/irodriguez.inscastellbisbal.net\/?page_id=1321\"},{\"@type\":\"ListItem\",\"position\":5,\"name\":\"Creaci\u00f3 d&#8217;un correu per temes acad\u00e8mics i professionals identificatiu\"}]},{\"@type\":\"WebSite\",\"@id\":\"https:\/\/irodriguez.inscastellbisbal.net\/#website\",\"url\":\"https:\/\/irodriguez.inscastellbisbal.net\/\",\"name\":\"Ivan Rodriguez Jimenez\",\"description\":\"Hola, em dic Iv\u00e1n, tinc 16 anys i actualment estic cursant el meu primer any de cicle formatiu en inform\u00e0tica.  En aquest espai anir\u00e9 compartint el que aprenc: des de conceptes b\u00e0sics de maquinari i programari, fins a programaci\u00f3, xarxes i projectes personals. El meu objectiu \u00e9s anar creixent pas a pas en aquest m\u00f3n de la tecnologia i, al hora, deixar aqu\u00ed un registre del meu progr\u00e9s.  Espero que trobis interessant el contingut i que aquest rac\u00f3 sigui \u00fatil tant per a mi com per a qualsevol que tamb\u00e9 estigui comen\u00e7ant al cam\u00ed de la inform\u00e0tica.\",\"publisher\":{\"@id\":\"https:\/\/irodriguez.inscastellbisbal.net\/#organization\"},\"potentialAction\":[{\"@type\":\"SearchAction\",\"target\":{\"@type\":\"EntryPoint\",\"urlTemplate\":\"https:\/\/irodriguez.inscastellbisbal.net\/?s={search_term_string}\"},\"query-input\":{\"@type\":\"PropertyValueSpecification\",\"valueRequired\":true,\"valueName\":\"search_term_string\"}}],\"inLanguage\":\"ca\"},{\"@type\":\"Organization\",\"@id\":\"https:\/\/irodriguez.inscastellbisbal.net\/#organization\",\"name\":\"Ivan Rodriguez Jimenez\",\"url\":\"https:\/\/irodriguez.inscastellbisbal.net\/\",\"logo\":{\"@type\":\"ImageObject\",\"inLanguage\":\"ca\",\"@id\":\"https:\/\/irodriguez.inscastellbisbal.net\/#\/schema\/logo\/image\/\",\"url\":\"https:\/\/irodriguez.inscastellbisbal.net\/wp-content\/uploads\/2025\/09\/cropped-cropped-ChatGPT-Image-Sep-19-2025-08_40_26-AM.jpg\",\"contentUrl\":\"https:\/\/irodriguez.inscastellbisbal.net\/wp-content\/uploads\/2025\/09\/cropped-cropped-ChatGPT-Image-Sep-19-2025-08_40_26-AM.jpg\",\"width\":1536,\"height\":1024,\"caption\":\"Ivan Rodriguez Jimenez\"},\"image\":{\"@id\":\"https:\/\/irodriguez.inscastellbisbal.net\/#\/schema\/logo\/image\/\"}}]}<\/script>\n<!-- \/ Yoast SEO plugin. -->","yoast_head_json":{"title":"Creaci\u00f3 d'un correu per temes acad\u00e8mics i professionals identificatiu - Ivan Rodriguez Jimenez","robots":{"index":"index","follow":"follow","max-snippet":"max-snippet:-1","max-image-preview":"max-image-preview:large","max-video-preview":"max-video-preview:-1"},"canonical":"https:\/\/irodriguez.inscastellbisbal.net\/?page_id=345","og_locale":"ca_ES","og_type":"article","og_title":"Creaci\u00f3 d'un correu per temes acad\u00e8mics i professionals identificatiu - Ivan Rodriguez Jimenez","og_description":"He creat el meu correu professional ir.jimenez112@gmail.com COM FER-HO: Ves a la p\u00e0gina \u201cGmail\u201d. A la p\u00e0gina d\u2019inici de sessi\u00f3, seleccioneu \u201cCrea una compte\u201d. Ara &hellip;","og_url":"https:\/\/irodriguez.inscastellbisbal.net\/?page_id=345","og_site_name":"Ivan Rodriguez Jimenez","article_modified_time":"2026-01-16T09:41:14+00:00","og_image":[{"width":257,"height":261,"url":"https:\/\/irodriguez.inscastellbisbal.net\/wp-content\/uploads\/2025\/10\/aaqa.png","type":"image\/png"}],"twitter_card":"summary_large_image","twitter_misc":{"Temps estimat de lectura":"2 minuts"},"schema":{"@context":"https:\/\/schema.org","@graph":[{"@type":"WebPage","@id":"https:\/\/irodriguez.inscastellbisbal.net\/?page_id=345","url":"https:\/\/irodriguez.inscastellbisbal.net\/?page_id=345","name":"Creaci\u00f3 d'un correu per temes acad\u00e8mics i professionals identificatiu - Ivan Rodriguez Jimenez","isPartOf":{"@id":"https:\/\/irodriguez.inscastellbisbal.net\/#website"},"primaryImageOfPage":{"@id":"https:\/\/irodriguez.inscastellbisbal.net\/?page_id=345#primaryimage"},"image":{"@id":"https:\/\/irodriguez.inscastellbisbal.net\/?page_id=345#primaryimage"},"thumbnailUrl":"https:\/\/irodriguez.inscastellbisbal.net\/wp-content\/uploads\/2025\/10\/aaqa.png","datePublished":"2025-09-23T11:02:59+00:00","dateModified":"2026-01-16T09:41:14+00:00","breadcrumb":{"@id":"https:\/\/irodriguez.inscastellbisbal.net\/?page_id=345#breadcrumb"},"inLanguage":"ca","potentialAction":[{"@type":"ReadAction","target":["https:\/\/irodriguez.inscastellbisbal.net\/?page_id=345"]}]},{"@type":"ImageObject","inLanguage":"ca","@id":"https:\/\/irodriguez.inscastellbisbal.net\/?page_id=345#primaryimage","url":"https:\/\/irodriguez.inscastellbisbal.net\/wp-content\/uploads\/2025\/10\/aaqa.png","contentUrl":"https:\/\/irodriguez.inscastellbisbal.net\/wp-content\/uploads\/2025\/10\/aaqa.png","width":257,"height":261},{"@type":"BreadcrumbList","@id":"https:\/\/irodriguez.inscastellbisbal.net\/?page_id=345#breadcrumb","itemListElement":[{"@type":"ListItem","position":1,"name":"Inici","item":"https:\/\/irodriguez.inscastellbisbal.net\/"},{"@type":"ListItem","position":2,"name":"SMX1","item":"https:\/\/irodriguez.inscastellbisbal.net\/?page_id=1205"},{"@type":"ListItem","position":3,"name":"Repte 1.1","item":"https:\/\/irodriguez.inscastellbisbal.net\/?page_id=245"},{"@type":"ListItem","position":4,"name":"Correu profesional","item":"https:\/\/irodriguez.inscastellbisbal.net\/?page_id=1321"},{"@type":"ListItem","position":5,"name":"Creaci\u00f3 d&#8217;un correu per temes acad\u00e8mics i professionals identificatiu"}]},{"@type":"WebSite","@id":"https:\/\/irodriguez.inscastellbisbal.net\/#website","url":"https:\/\/irodriguez.inscastellbisbal.net\/","name":"Ivan Rodriguez Jimenez","description":"Hola, em dic Iv\u00e1n, tinc 16 anys i actualment estic cursant el meu primer any de cicle formatiu en inform\u00e0tica.  En aquest espai anir\u00e9 compartint el que aprenc: des de conceptes b\u00e0sics de maquinari i programari, fins a programaci\u00f3, xarxes i projectes personals. El meu objectiu \u00e9s anar creixent pas a pas en aquest m\u00f3n de la tecnologia i, al hora, deixar aqu\u00ed un registre del meu progr\u00e9s.  Espero que trobis interessant el contingut i que aquest rac\u00f3 sigui \u00fatil tant per a mi com per a qualsevol que tamb\u00e9 estigui comen\u00e7ant al cam\u00ed de la inform\u00e0tica.","publisher":{"@id":"https:\/\/irodriguez.inscastellbisbal.net\/#organization"},"potentialAction":[{"@type":"SearchAction","target":{"@type":"EntryPoint","urlTemplate":"https:\/\/irodriguez.inscastellbisbal.net\/?s={search_term_string}"},"query-input":{"@type":"PropertyValueSpecification","valueRequired":true,"valueName":"search_term_string"}}],"inLanguage":"ca"},{"@type":"Organization","@id":"https:\/\/irodriguez.inscastellbisbal.net\/#organization","name":"Ivan Rodriguez Jimenez","url":"https:\/\/irodriguez.inscastellbisbal.net\/","logo":{"@type":"ImageObject","inLanguage":"ca","@id":"https:\/\/irodriguez.inscastellbisbal.net\/#\/schema\/logo\/image\/","url":"https:\/\/irodriguez.inscastellbisbal.net\/wp-content\/uploads\/2025\/09\/cropped-cropped-ChatGPT-Image-Sep-19-2025-08_40_26-AM.jpg","contentUrl":"https:\/\/irodriguez.inscastellbisbal.net\/wp-content\/uploads\/2025\/09\/cropped-cropped-ChatGPT-Image-Sep-19-2025-08_40_26-AM.jpg","width":1536,"height":1024,"caption":"Ivan Rodriguez Jimenez"},"image":{"@id":"https:\/\/irodriguez.inscastellbisbal.net\/#\/schema\/logo\/image\/"}}]}},"_links":{"self":[{"href":"https:\/\/irodriguez.inscastellbisbal.net\/index.php?rest_route=\/wp\/v2\/pages\/345","targetHints":{"allow":["GET"]}}],"collection":[{"href":"https:\/\/irodriguez.inscastellbisbal.net\/index.php?rest_route=\/wp\/v2\/pages"}],"about":[{"href":"https:\/\/irodriguez.inscastellbisbal.net\/index.php?rest_route=\/wp\/v2\/types\/page"}],"author":[{"embeddable":true,"href":"https:\/\/irodriguez.inscastellbisbal.net\/index.php?rest_route=\/wp\/v2\/users\/1"}],"replies":[{"embeddable":true,"href":"https:\/\/irodriguez.inscastellbisbal.net\/index.php?rest_route=%2Fwp%2Fv2%2Fcomments&post=345"}],"version-history":[{"count":6,"href":"https:\/\/irodriguez.inscastellbisbal.net\/index.php?rest_route=\/wp\/v2\/pages\/345\/revisions"}],"predecessor-version":[{"id":1266,"href":"https:\/\/irodriguez.inscastellbisbal.net\/index.php?rest_route=\/wp\/v2\/pages\/345\/revisions\/1266"}],"up":[{"embeddable":true,"href":"https:\/\/irodriguez.inscastellbisbal.net\/index.php?rest_route=\/wp\/v2\/pages\/1321"}],"wp:attachment":[{"href":"https:\/\/irodriguez.inscastellbisbal.net\/index.php?rest_route=%2Fwp%2Fv2%2Fmedia&parent=345"}],"curies":[{"name":"wp","href":"https:\/\/api.w.org\/{rel}","templated":true}]}}