{"id":372,"date":"2025-09-23T11:28:54","date_gmt":"2025-09-23T11:28:54","guid":{"rendered":"https:\/\/irodriguez.inscastellbisbal.net\/?page_id=372"},"modified":"2026-01-16T07:43:29","modified_gmt":"2026-01-16T07:43:29","slug":"installacio-de-visual-studio-code-i-python","status":"publish","type":"page","link":"https:\/\/irodriguez.inscastellbisbal.net\/?page_id=372","title":{"rendered":"Instal\u00b7laci\u00f3 de Visual Studio Code i Python"},"content":{"rendered":"\n<p>Per instal\u00b7lar <strong>Visual Studio Code<\/strong>, ves a la p\u00e0gina oficial <a href=\"http:\/\/code.visualstudio.com\" target=\"_blank\" rel=\"noreferrer noopener\">code.visualstudio.com<\/a> i fes clic a \u201cDownload\u201d per descarregar la versi\u00f3 adequada per al teu sistema operatiu (Windows, macOS o Linux). Un cop descarregat, obre l\u2019instal\u00b7lador i segueix els passos (acceptant termes i opcions per defecte). A Windows pots marcar l\u2019opci\u00f3 \u201cAdd. to PATH\u201d per facilitar-ne l\u2019\u00fas des del terminal.<\/p>\n\n\n\n<figure class=\"wp-block-image size-large\"><img fetchpriority=\"high\" decoding=\"async\" width=\"1136\" height=\"639\" src=\"https:\/\/irodriguez.inscastellbisbal.net\/wp-content\/uploads\/2025\/10\/image-33-edited.png\" alt=\"\" class=\"wp-image-778\" srcset=\"https:\/\/irodriguez.inscastellbisbal.net\/wp-content\/uploads\/2025\/10\/image-33-edited.png 1136w, https:\/\/irodriguez.inscastellbisbal.net\/wp-content\/uploads\/2025\/10\/image-33-edited-300x169.png 300w, https:\/\/irodriguez.inscastellbisbal.net\/wp-content\/uploads\/2025\/10\/image-33-edited-1024x576.png 1024w, https:\/\/irodriguez.inscastellbisbal.net\/wp-content\/uploads\/2025\/10\/image-33-edited-768x432.png 768w, https:\/\/irodriguez.inscastellbisbal.net\/wp-content\/uploads\/2025\/10\/image-33-edited-496x279.png 496w\" sizes=\"(max-width: 1136px) 100vw, 1136px\" \/><\/figure>\n\n\n\n<figure class=\"wp-block-image size-large is-resized\"><img decoding=\"async\" width=\"1185\" height=\"667\" src=\"https:\/\/irodriguez.inscastellbisbal.net\/wp-content\/uploads\/2025\/10\/image-34-edited.png\" alt=\"\" class=\"wp-image-781\" style=\"width:1240px;height:auto\" srcset=\"https:\/\/irodriguez.inscastellbisbal.net\/wp-content\/uploads\/2025\/10\/image-34-edited.png 1185w, https:\/\/irodriguez.inscastellbisbal.net\/wp-content\/uploads\/2025\/10\/image-34-edited-300x169.png 300w, https:\/\/irodriguez.inscastellbisbal.net\/wp-content\/uploads\/2025\/10\/image-34-edited-1024x576.png 1024w, https:\/\/irodriguez.inscastellbisbal.net\/wp-content\/uploads\/2025\/10\/image-34-edited-768x432.png 768w, https:\/\/irodriguez.inscastellbisbal.net\/wp-content\/uploads\/2025\/10\/image-34-edited-496x279.png 496w\" sizes=\"(max-width: 1185px) 100vw, 1185px\" \/><\/figure>\n\n\n\n<figure class=\"wp-block-image size-large\"><img decoding=\"async\" width=\"1024\" height=\"576\" src=\"https:\/\/irodriguez.inscastellbisbal.net\/wp-content\/uploads\/2025\/10\/image-36-1024x576.png\" alt=\"\" class=\"wp-image-783\" srcset=\"https:\/\/irodriguez.inscastellbisbal.net\/wp-content\/uploads\/2025\/10\/image-36-1024x576.png 1024w, https:\/\/irodriguez.inscastellbisbal.net\/wp-content\/uploads\/2025\/10\/image-36-300x169.png 300w, https:\/\/irodriguez.inscastellbisbal.net\/wp-content\/uploads\/2025\/10\/image-36-768x432.png 768w, https:\/\/irodriguez.inscastellbisbal.net\/wp-content\/uploads\/2025\/10\/image-36-1536x864.png 1536w, https:\/\/irodriguez.inscastellbisbal.net\/wp-content\/uploads\/2025\/10\/image-36-496x279.png 496w, https:\/\/irodriguez.inscastellbisbal.net\/wp-content\/uploads\/2025\/10\/image-36.png 1920w\" sizes=\"(max-width: 1024px) 100vw, 1024px\" \/><\/figure>\n\n\n\n<figure class=\"wp-block-image size-large\"><img loading=\"lazy\" decoding=\"async\" width=\"1024\" height=\"576\" src=\"https:\/\/irodriguez.inscastellbisbal.net\/wp-content\/uploads\/2025\/10\/image-37-1024x576.png\" alt=\"\" class=\"wp-image-784\" srcset=\"https:\/\/irodriguez.inscastellbisbal.net\/wp-content\/uploads\/2025\/10\/image-37-1024x576.png 1024w, https:\/\/irodriguez.inscastellbisbal.net\/wp-content\/uploads\/2025\/10\/image-37-300x169.png 300w, https:\/\/irodriguez.inscastellbisbal.net\/wp-content\/uploads\/2025\/10\/image-37-768x432.png 768w, https:\/\/irodriguez.inscastellbisbal.net\/wp-content\/uploads\/2025\/10\/image-37-1536x864.png 1536w, https:\/\/irodriguez.inscastellbisbal.net\/wp-content\/uploads\/2025\/10\/image-37-496x279.png 496w, https:\/\/irodriguez.inscastellbisbal.net\/wp-content\/uploads\/2025\/10\/image-37.png 1920w\" sizes=\"(max-width: 1024px) 100vw, 1024px\" \/><\/figure>\n\n\n\n<figure class=\"wp-block-image size-large\"><img loading=\"lazy\" decoding=\"async\" width=\"1136\" height=\"639\" src=\"https:\/\/irodriguez.inscastellbisbal.net\/wp-content\/uploads\/2025\/10\/image-38-edited.png\" alt=\"\" class=\"wp-image-786\" srcset=\"https:\/\/irodriguez.inscastellbisbal.net\/wp-content\/uploads\/2025\/10\/image-38-edited.png 1136w, https:\/\/irodriguez.inscastellbisbal.net\/wp-content\/uploads\/2025\/10\/image-38-edited-300x169.png 300w, https:\/\/irodriguez.inscastellbisbal.net\/wp-content\/uploads\/2025\/10\/image-38-edited-1024x576.png 1024w, https:\/\/irodriguez.inscastellbisbal.net\/wp-content\/uploads\/2025\/10\/image-38-edited-768x432.png 768w, https:\/\/irodriguez.inscastellbisbal.net\/wp-content\/uploads\/2025\/10\/image-38-edited-496x279.png 496w\" sizes=\"(max-width: 1136px) 100vw, 1136px\" \/><\/figure>\n\n\n\n<p>Per instal\u00b7lar Python, accedeix a la p\u00e0gina oficial <a href=\"https:\/\/www.python.org\">python.org<\/a> i dirigeix-te a la secci\u00f3 <strong>\u201cDownloads\u201d<\/strong>. El lloc web reconeixer\u00e0 autom\u00e0ticament el teu sistema operatiu (Windows, macOS o Linux) i et proposar\u00e0 la darrera versi\u00f3 estable per descarregar.<\/p>\n\n\n\n<figure class=\"wp-block-image size-large\"><img loading=\"lazy\" decoding=\"async\" width=\"1024\" height=\"576\" src=\"https:\/\/irodriguez.inscastellbisbal.net\/wp-content\/uploads\/2025\/10\/image-39-1024x576.png\" alt=\"\" class=\"wp-image-787\" srcset=\"https:\/\/irodriguez.inscastellbisbal.net\/wp-content\/uploads\/2025\/10\/image-39-1024x576.png 1024w, https:\/\/irodriguez.inscastellbisbal.net\/wp-content\/uploads\/2025\/10\/image-39-300x169.png 300w, https:\/\/irodriguez.inscastellbisbal.net\/wp-content\/uploads\/2025\/10\/image-39-768x432.png 768w, https:\/\/irodriguez.inscastellbisbal.net\/wp-content\/uploads\/2025\/10\/image-39-1536x864.png 1536w, https:\/\/irodriguez.inscastellbisbal.net\/wp-content\/uploads\/2025\/10\/image-39-496x279.png 496w, https:\/\/irodriguez.inscastellbisbal.net\/wp-content\/uploads\/2025\/10\/image-39.png 1920w\" sizes=\"(max-width: 1024px) 100vw, 1024px\" \/><\/figure>\n\n\n\n<figure class=\"wp-block-image size-large\"><img loading=\"lazy\" decoding=\"async\" width=\"1024\" height=\"576\" src=\"https:\/\/irodriguez.inscastellbisbal.net\/wp-content\/uploads\/2025\/10\/image-40-1024x576.png\" alt=\"\" class=\"wp-image-788\" srcset=\"https:\/\/irodriguez.inscastellbisbal.net\/wp-content\/uploads\/2025\/10\/image-40-1024x576.png 1024w, https:\/\/irodriguez.inscastellbisbal.net\/wp-content\/uploads\/2025\/10\/image-40-300x169.png 300w, https:\/\/irodriguez.inscastellbisbal.net\/wp-content\/uploads\/2025\/10\/image-40-768x432.png 768w, https:\/\/irodriguez.inscastellbisbal.net\/wp-content\/uploads\/2025\/10\/image-40-1536x864.png 1536w, https:\/\/irodriguez.inscastellbisbal.net\/wp-content\/uploads\/2025\/10\/image-40-496x279.png 496w, https:\/\/irodriguez.inscastellbisbal.net\/wp-content\/uploads\/2025\/10\/image-40.png 1920w\" sizes=\"(max-width: 1024px) 100vw, 1024px\" \/><\/figure>\n\n\n\n<figure class=\"wp-block-image size-large\"><img loading=\"lazy\" decoding=\"async\" width=\"1024\" height=\"576\" src=\"https:\/\/irodriguez.inscastellbisbal.net\/wp-content\/uploads\/2025\/10\/image-41-1024x576.png\" alt=\"\" class=\"wp-image-789\" srcset=\"https:\/\/irodriguez.inscastellbisbal.net\/wp-content\/uploads\/2025\/10\/image-41-1024x576.png 1024w, https:\/\/irodriguez.inscastellbisbal.net\/wp-content\/uploads\/2025\/10\/image-41-300x169.png 300w, https:\/\/irodriguez.inscastellbisbal.net\/wp-content\/uploads\/2025\/10\/image-41-768x432.png 768w, https:\/\/irodriguez.inscastellbisbal.net\/wp-content\/uploads\/2025\/10\/image-41-1536x864.png 1536w, https:\/\/irodriguez.inscastellbisbal.net\/wp-content\/uploads\/2025\/10\/image-41-496x279.png 496w, https:\/\/irodriguez.inscastellbisbal.net\/wp-content\/uploads\/2025\/10\/image-41.png 1920w\" sizes=\"(max-width: 1024px) 100vw, 1024px\" \/><\/figure>\n\n\n\n<figure class=\"wp-block-image size-large\"><img loading=\"lazy\" decoding=\"async\" width=\"1024\" height=\"576\" src=\"https:\/\/irodriguez.inscastellbisbal.net\/wp-content\/uploads\/2025\/10\/image-42-1024x576.png\" alt=\"\" class=\"wp-image-790\" srcset=\"https:\/\/irodriguez.inscastellbisbal.net\/wp-content\/uploads\/2025\/10\/image-42-1024x576.png 1024w, https:\/\/irodriguez.inscastellbisbal.net\/wp-content\/uploads\/2025\/10\/image-42-300x169.png 300w, https:\/\/irodriguez.inscastellbisbal.net\/wp-content\/uploads\/2025\/10\/image-42-768x432.png 768w, https:\/\/irodriguez.inscastellbisbal.net\/wp-content\/uploads\/2025\/10\/image-42-1536x864.png 1536w, https:\/\/irodriguez.inscastellbisbal.net\/wp-content\/uploads\/2025\/10\/image-42-496x279.png 496w, https:\/\/irodriguez.inscastellbisbal.net\/wp-content\/uploads\/2025\/10\/image-42.png 1920w\" sizes=\"(max-width: 1024px) 100vw, 1024px\" \/><\/figure>\n","protected":false},"excerpt":{"rendered":"<p>Per instal\u00b7lar Visual Studio Code, ves a la p\u00e0gina oficial code.visualstudio.com i fes clic a \u201cDownload\u201d per descarregar la versi\u00f3 adequada per al teu sistema &hellip;<\/p>\n","protected":false},"author":1,"featured_media":0,"parent":262,"menu_order":0,"comment_status":"closed","ping_status":"closed","template":"","meta":{"footnotes":""},"class_list":["post-372","page","type-page","status-publish","hentry"],"yoast_head":"<!-- This site is optimized with the Yoast SEO plugin v27.0 - https:\/\/yoast.com\/product\/yoast-seo-wordpress\/ -->\n<title>Instal\u00b7laci\u00f3 de Visual Studio Code i Python - Ivan Rodriguez Jimenez<\/title>\n<meta name=\"robots\" content=\"index, follow, max-snippet:-1, max-image-preview:large, max-video-preview:-1\" \/>\n<link rel=\"canonical\" href=\"https:\/\/irodriguez.inscastellbisbal.net\/?page_id=372\" \/>\n<meta property=\"og:locale\" content=\"ca_ES\" \/>\n<meta property=\"og:type\" content=\"article\" \/>\n<meta property=\"og:title\" content=\"Instal\u00b7laci\u00f3 de Visual Studio Code i Python - Ivan Rodriguez Jimenez\" \/>\n<meta property=\"og:description\" content=\"Per instal\u00b7lar Visual Studio Code, ves a la p\u00e0gina oficial code.visualstudio.com i fes clic a \u201cDownload\u201d per descarregar la versi\u00f3 adequada per al teu sistema &hellip;\" \/>\n<meta property=\"og:url\" content=\"https:\/\/irodriguez.inscastellbisbal.net\/?page_id=372\" \/>\n<meta property=\"og:site_name\" content=\"Ivan Rodriguez Jimenez\" \/>\n<meta property=\"article:modified_time\" content=\"2026-01-16T07:43:29+00:00\" \/>\n<meta property=\"og:image\" content=\"https:\/\/irodriguez.inscastellbisbal.net\/wp-content\/uploads\/2025\/10\/image-33-edited.png\" \/>\n\t<meta property=\"og:image:width\" content=\"1136\" \/>\n\t<meta property=\"og:image:height\" content=\"639\" \/>\n\t<meta property=\"og:image:type\" content=\"image\/png\" \/>\n<meta name=\"twitter:card\" content=\"summary_large_image\" \/>\n<meta name=\"twitter:label1\" content=\"Temps estimat de lectura\" \/>\n\t<meta name=\"twitter:data1\" content=\"3 minuts\" \/>\n<script type=\"application\/ld+json\" class=\"yoast-schema-graph\">{\"@context\":\"https:\/\/schema.org\",\"@graph\":[{\"@type\":\"WebPage\",\"@id\":\"https:\/\/irodriguez.inscastellbisbal.net\/?page_id=372\",\"url\":\"https:\/\/irodriguez.inscastellbisbal.net\/?page_id=372\",\"name\":\"Instal\u00b7laci\u00f3 de Visual Studio Code i Python - Ivan Rodriguez Jimenez\",\"isPartOf\":{\"@id\":\"https:\/\/irodriguez.inscastellbisbal.net\/#website\"},\"primaryImageOfPage\":{\"@id\":\"https:\/\/irodriguez.inscastellbisbal.net\/?page_id=372#primaryimage\"},\"image\":{\"@id\":\"https:\/\/irodriguez.inscastellbisbal.net\/?page_id=372#primaryimage\"},\"thumbnailUrl\":\"https:\/\/irodriguez.inscastellbisbal.net\/wp-content\/uploads\/2025\/10\/image-33-edited.png\",\"datePublished\":\"2025-09-23T11:28:54+00:00\",\"dateModified\":\"2026-01-16T07:43:29+00:00\",\"breadcrumb\":{\"@id\":\"https:\/\/irodriguez.inscastellbisbal.net\/?page_id=372#breadcrumb\"},\"inLanguage\":\"ca\",\"potentialAction\":[{\"@type\":\"ReadAction\",\"target\":[\"https:\/\/irodriguez.inscastellbisbal.net\/?page_id=372\"]}]},{\"@type\":\"ImageObject\",\"inLanguage\":\"ca\",\"@id\":\"https:\/\/irodriguez.inscastellbisbal.net\/?page_id=372#primaryimage\",\"url\":\"https:\/\/irodriguez.inscastellbisbal.net\/wp-content\/uploads\/2025\/10\/image-33-edited.png\",\"contentUrl\":\"https:\/\/irodriguez.inscastellbisbal.net\/wp-content\/uploads\/2025\/10\/image-33-edited.png\",\"width\":1136,\"height\":639},{\"@type\":\"BreadcrumbList\",\"@id\":\"https:\/\/irodriguez.inscastellbisbal.net\/?page_id=372#breadcrumb\",\"itemListElement\":[{\"@type\":\"ListItem\",\"position\":1,\"name\":\"Inici\",\"item\":\"https:\/\/irodriguez.inscastellbisbal.net\/\"},{\"@type\":\"ListItem\",\"position\":2,\"name\":\"SMX1\",\"item\":\"https:\/\/irodriguez.inscastellbisbal.net\/?page_id=1205\"},{\"@type\":\"ListItem\",\"position\":3,\"name\":\"Repte 1.1\",\"item\":\"https:\/\/irodriguez.inscastellbisbal.net\/?page_id=245\"},{\"@type\":\"ListItem\",\"position\":4,\"name\":\"Espai de treball a casa\",\"item\":\"https:\/\/irodriguez.inscastellbisbal.net\/?page_id=262\"},{\"@type\":\"ListItem\",\"position\":5,\"name\":\"Instal\u00b7laci\u00f3 de Visual Studio Code i Python\"}]},{\"@type\":\"WebSite\",\"@id\":\"https:\/\/irodriguez.inscastellbisbal.net\/#website\",\"url\":\"https:\/\/irodriguez.inscastellbisbal.net\/\",\"name\":\"Ivan Rodriguez Jimenez\",\"description\":\"Hola, em dic Iv\u00e1n, tinc 16 anys i actualment estic cursant el meu primer any de cicle formatiu en inform\u00e0tica.  En aquest espai anir\u00e9 compartint el que aprenc: des de conceptes b\u00e0sics de maquinari i programari, fins a programaci\u00f3, xarxes i projectes personals. El meu objectiu \u00e9s anar creixent pas a pas en aquest m\u00f3n de la tecnologia i, al hora, deixar aqu\u00ed un registre del meu progr\u00e9s.  Espero que trobis interessant el contingut i que aquest rac\u00f3 sigui \u00fatil tant per a mi com per a qualsevol que tamb\u00e9 estigui comen\u00e7ant al cam\u00ed de la inform\u00e0tica.\",\"publisher\":{\"@id\":\"https:\/\/irodriguez.inscastellbisbal.net\/#organization\"},\"potentialAction\":[{\"@type\":\"SearchAction\",\"target\":{\"@type\":\"EntryPoint\",\"urlTemplate\":\"https:\/\/irodriguez.inscastellbisbal.net\/?s={search_term_string}\"},\"query-input\":{\"@type\":\"PropertyValueSpecification\",\"valueRequired\":true,\"valueName\":\"search_term_string\"}}],\"inLanguage\":\"ca\"},{\"@type\":\"Organization\",\"@id\":\"https:\/\/irodriguez.inscastellbisbal.net\/#organization\",\"name\":\"Ivan Rodriguez Jimenez\",\"url\":\"https:\/\/irodriguez.inscastellbisbal.net\/\",\"logo\":{\"@type\":\"ImageObject\",\"inLanguage\":\"ca\",\"@id\":\"https:\/\/irodriguez.inscastellbisbal.net\/#\/schema\/logo\/image\/\",\"url\":\"https:\/\/irodriguez.inscastellbisbal.net\/wp-content\/uploads\/2025\/09\/cropped-cropped-ChatGPT-Image-Sep-19-2025-08_40_26-AM.jpg\",\"contentUrl\":\"https:\/\/irodriguez.inscastellbisbal.net\/wp-content\/uploads\/2025\/09\/cropped-cropped-ChatGPT-Image-Sep-19-2025-08_40_26-AM.jpg\",\"width\":1536,\"height\":1024,\"caption\":\"Ivan Rodriguez Jimenez\"},\"image\":{\"@id\":\"https:\/\/irodriguez.inscastellbisbal.net\/#\/schema\/logo\/image\/\"}}]}<\/script>\n<!-- \/ Yoast SEO plugin. -->","yoast_head_json":{"title":"Instal\u00b7laci\u00f3 de Visual Studio Code i Python - Ivan Rodriguez Jimenez","robots":{"index":"index","follow":"follow","max-snippet":"max-snippet:-1","max-image-preview":"max-image-preview:large","max-video-preview":"max-video-preview:-1"},"canonical":"https:\/\/irodriguez.inscastellbisbal.net\/?page_id=372","og_locale":"ca_ES","og_type":"article","og_title":"Instal\u00b7laci\u00f3 de Visual Studio Code i Python - Ivan Rodriguez Jimenez","og_description":"Per instal\u00b7lar Visual Studio Code, ves a la p\u00e0gina oficial code.visualstudio.com i fes clic a \u201cDownload\u201d per descarregar la versi\u00f3 adequada per al teu sistema &hellip;","og_url":"https:\/\/irodriguez.inscastellbisbal.net\/?page_id=372","og_site_name":"Ivan Rodriguez Jimenez","article_modified_time":"2026-01-16T07:43:29+00:00","og_image":[{"width":1136,"height":639,"url":"https:\/\/irodriguez.inscastellbisbal.net\/wp-content\/uploads\/2025\/10\/image-33-edited.png","type":"image\/png"}],"twitter_card":"summary_large_image","twitter_misc":{"Temps estimat de lectura":"3 minuts"},"schema":{"@context":"https:\/\/schema.org","@graph":[{"@type":"WebPage","@id":"https:\/\/irodriguez.inscastellbisbal.net\/?page_id=372","url":"https:\/\/irodriguez.inscastellbisbal.net\/?page_id=372","name":"Instal\u00b7laci\u00f3 de Visual Studio Code i Python - Ivan Rodriguez Jimenez","isPartOf":{"@id":"https:\/\/irodriguez.inscastellbisbal.net\/#website"},"primaryImageOfPage":{"@id":"https:\/\/irodriguez.inscastellbisbal.net\/?page_id=372#primaryimage"},"image":{"@id":"https:\/\/irodriguez.inscastellbisbal.net\/?page_id=372#primaryimage"},"thumbnailUrl":"https:\/\/irodriguez.inscastellbisbal.net\/wp-content\/uploads\/2025\/10\/image-33-edited.png","datePublished":"2025-09-23T11:28:54+00:00","dateModified":"2026-01-16T07:43:29+00:00","breadcrumb":{"@id":"https:\/\/irodriguez.inscastellbisbal.net\/?page_id=372#breadcrumb"},"inLanguage":"ca","potentialAction":[{"@type":"ReadAction","target":["https:\/\/irodriguez.inscastellbisbal.net\/?page_id=372"]}]},{"@type":"ImageObject","inLanguage":"ca","@id":"https:\/\/irodriguez.inscastellbisbal.net\/?page_id=372#primaryimage","url":"https:\/\/irodriguez.inscastellbisbal.net\/wp-content\/uploads\/2025\/10\/image-33-edited.png","contentUrl":"https:\/\/irodriguez.inscastellbisbal.net\/wp-content\/uploads\/2025\/10\/image-33-edited.png","width":1136,"height":639},{"@type":"BreadcrumbList","@id":"https:\/\/irodriguez.inscastellbisbal.net\/?page_id=372#breadcrumb","itemListElement":[{"@type":"ListItem","position":1,"name":"Inici","item":"https:\/\/irodriguez.inscastellbisbal.net\/"},{"@type":"ListItem","position":2,"name":"SMX1","item":"https:\/\/irodriguez.inscastellbisbal.net\/?page_id=1205"},{"@type":"ListItem","position":3,"name":"Repte 1.1","item":"https:\/\/irodriguez.inscastellbisbal.net\/?page_id=245"},{"@type":"ListItem","position":4,"name":"Espai de treball a casa","item":"https:\/\/irodriguez.inscastellbisbal.net\/?page_id=262"},{"@type":"ListItem","position":5,"name":"Instal\u00b7laci\u00f3 de Visual Studio Code i Python"}]},{"@type":"WebSite","@id":"https:\/\/irodriguez.inscastellbisbal.net\/#website","url":"https:\/\/irodriguez.inscastellbisbal.net\/","name":"Ivan Rodriguez Jimenez","description":"Hola, em dic Iv\u00e1n, tinc 16 anys i actualment estic cursant el meu primer any de cicle formatiu en inform\u00e0tica.  En aquest espai anir\u00e9 compartint el que aprenc: des de conceptes b\u00e0sics de maquinari i programari, fins a programaci\u00f3, xarxes i projectes personals. El meu objectiu \u00e9s anar creixent pas a pas en aquest m\u00f3n de la tecnologia i, al hora, deixar aqu\u00ed un registre del meu progr\u00e9s.  Espero que trobis interessant el contingut i que aquest rac\u00f3 sigui \u00fatil tant per a mi com per a qualsevol que tamb\u00e9 estigui comen\u00e7ant al cam\u00ed de la inform\u00e0tica.","publisher":{"@id":"https:\/\/irodriguez.inscastellbisbal.net\/#organization"},"potentialAction":[{"@type":"SearchAction","target":{"@type":"EntryPoint","urlTemplate":"https:\/\/irodriguez.inscastellbisbal.net\/?s={search_term_string}"},"query-input":{"@type":"PropertyValueSpecification","valueRequired":true,"valueName":"search_term_string"}}],"inLanguage":"ca"},{"@type":"Organization","@id":"https:\/\/irodriguez.inscastellbisbal.net\/#organization","name":"Ivan Rodriguez Jimenez","url":"https:\/\/irodriguez.inscastellbisbal.net\/","logo":{"@type":"ImageObject","inLanguage":"ca","@id":"https:\/\/irodriguez.inscastellbisbal.net\/#\/schema\/logo\/image\/","url":"https:\/\/irodriguez.inscastellbisbal.net\/wp-content\/uploads\/2025\/09\/cropped-cropped-ChatGPT-Image-Sep-19-2025-08_40_26-AM.jpg","contentUrl":"https:\/\/irodriguez.inscastellbisbal.net\/wp-content\/uploads\/2025\/09\/cropped-cropped-ChatGPT-Image-Sep-19-2025-08_40_26-AM.jpg","width":1536,"height":1024,"caption":"Ivan Rodriguez Jimenez"},"image":{"@id":"https:\/\/irodriguez.inscastellbisbal.net\/#\/schema\/logo\/image\/"}}]}},"_links":{"self":[{"href":"https:\/\/irodriguez.inscastellbisbal.net\/index.php?rest_route=\/wp\/v2\/pages\/372","targetHints":{"allow":["GET"]}}],"collection":[{"href":"https:\/\/irodriguez.inscastellbisbal.net\/index.php?rest_route=\/wp\/v2\/pages"}],"about":[{"href":"https:\/\/irodriguez.inscastellbisbal.net\/index.php?rest_route=\/wp\/v2\/types\/page"}],"author":[{"embeddable":true,"href":"https:\/\/irodriguez.inscastellbisbal.net\/index.php?rest_route=\/wp\/v2\/users\/1"}],"replies":[{"embeddable":true,"href":"https:\/\/irodriguez.inscastellbisbal.net\/index.php?rest_route=%2Fwp%2Fv2%2Fcomments&post=372"}],"version-history":[{"count":3,"href":"https:\/\/irodriguez.inscastellbisbal.net\/index.php?rest_route=\/wp\/v2\/pages\/372\/revisions"}],"predecessor-version":[{"id":1288,"href":"https:\/\/irodriguez.inscastellbisbal.net\/index.php?rest_route=\/wp\/v2\/pages\/372\/revisions\/1288"}],"up":[{"embeddable":true,"href":"https:\/\/irodriguez.inscastellbisbal.net\/index.php?rest_route=\/wp\/v2\/pages\/262"}],"wp:attachment":[{"href":"https:\/\/irodriguez.inscastellbisbal.net\/index.php?rest_route=%2Fwp%2Fv2%2Fmedia&parent=372"}],"curies":[{"name":"wp","href":"https:\/\/api.w.org\/{rel}","templated":true}]}}