{"id":382,"date":"2025-09-23T11:31:27","date_gmt":"2025-09-23T11:31:27","guid":{"rendered":"https:\/\/irodriguez.inscastellbisbal.net\/?page_id=382"},"modified":"2026-01-16T07:44:23","modified_gmt":"2026-01-16T07:44:23","slug":"instalacio-dun-programa-per-fer-i-editar-captures-de-pantalla","status":"publish","type":"page","link":"https:\/\/irodriguez.inscastellbisbal.net\/?page_id=382","title":{"rendered":"Instalaci\u00f3 d\u2019un programa per fer i editar captures de pantalla"},"content":{"rendered":"\n<p>Inicia el navegador Brave i dirigeix-te a la Chrome Web Store utilitzant l&#8217;adre\u00e7a <a href=\"http:\/\/chrome.google.com\/webstore.Localitzaci\u00f3\" target=\"_blank\" rel=\"noreferrer noopener\">chrome.google.com\/webstore.Localitzaci\u00f3<\/a>: A la barra de cerca de la botiga, introdueix &#8220;Awesome Screenshot&#8221;. Quan apareguin els resultats, selecciona l&#8217;opci\u00f3 oficial anomenada &#8220;Awesome Screenshot &amp; Screen Recorder&#8221;. Proc\u00e9s d&#8217;Instal\u00b7laci\u00f3: Fes clic al bot\u00f3 que indica &#8220;Afegeix a Chrome&#8221; (recorda, funciona perfectament amb Brave). Tot seguit, confirma l&#8217;acci\u00f3 fent clic a &#8220;Afegeix l\u2019extensi\u00f3&#8221; a la finestra de di\u00e0leg emergent. Activaci\u00f3: Un cop el navegador hagi completat la desc\u00e0rrega, la icona de l&#8217;extensi\u00f3 apareixer\u00e0 autom\u00e0ticament a la cantonada superior dreta de Brave, llesta per capturar o gravar la teva pantalla.<\/p>\n\n\n\n<figure class=\"wp-block-image size-full\"><img fetchpriority=\"high\" decoding=\"async\" width=\"1024\" height=\"267\" src=\"https:\/\/irodriguez.inscastellbisbal.net\/wp-content\/uploads\/2025\/12\/image-15.png\" alt=\"\" class=\"wp-image-1164\" srcset=\"https:\/\/irodriguez.inscastellbisbal.net\/wp-content\/uploads\/2025\/12\/image-15.png 1024w, https:\/\/irodriguez.inscastellbisbal.net\/wp-content\/uploads\/2025\/12\/image-15-300x78.png 300w, https:\/\/irodriguez.inscastellbisbal.net\/wp-content\/uploads\/2025\/12\/image-15-768x200.png 768w, https:\/\/irodriguez.inscastellbisbal.net\/wp-content\/uploads\/2025\/12\/image-15-496x129.png 496w\" sizes=\"(max-width: 1024px) 100vw, 1024px\" \/><\/figure>\n\n\n\n<figure class=\"wp-block-image size-full\"><img decoding=\"async\" width=\"330\" height=\"442\" src=\"https:\/\/irodriguez.inscastellbisbal.net\/wp-content\/uploads\/2025\/12\/image-14.png\" alt=\"\" class=\"wp-image-1163\" srcset=\"https:\/\/irodriguez.inscastellbisbal.net\/wp-content\/uploads\/2025\/12\/image-14.png 330w, https:\/\/irodriguez.inscastellbisbal.net\/wp-content\/uploads\/2025\/12\/image-14-224x300.png 224w\" sizes=\"(max-width: 330px) 100vw, 330px\" \/><\/figure>\n","protected":false},"excerpt":{"rendered":"<p>Inicia el navegador Brave i dirigeix-te a la Chrome Web Store utilitzant l&#8217;adre\u00e7a chrome.google.com\/webstore.Localitzaci\u00f3: A la barra de cerca de la botiga, introdueix &#8220;Awesome Screenshot&#8221;. &hellip;<\/p>\n","protected":false},"author":1,"featured_media":0,"parent":262,"menu_order":0,"comment_status":"closed","ping_status":"closed","template":"","meta":{"footnotes":""},"class_list":["post-382","page","type-page","status-publish","hentry"],"yoast_head":"<!-- This site is optimized with the Yoast SEO plugin v27.0 - https:\/\/yoast.com\/product\/yoast-seo-wordpress\/ -->\n<title>Instalaci\u00f3 d\u2019un programa per fer i editar captures de pantalla - Ivan Rodriguez Jimenez<\/title>\n<meta name=\"robots\" content=\"index, follow, max-snippet:-1, max-image-preview:large, max-video-preview:-1\" \/>\n<link rel=\"canonical\" href=\"https:\/\/irodriguez.inscastellbisbal.net\/?page_id=382\" \/>\n<meta property=\"og:locale\" content=\"ca_ES\" \/>\n<meta property=\"og:type\" content=\"article\" \/>\n<meta property=\"og:title\" content=\"Instalaci\u00f3 d\u2019un programa per fer i editar captures de pantalla - Ivan Rodriguez Jimenez\" \/>\n<meta property=\"og:description\" content=\"Inicia el navegador Brave i dirigeix-te a la Chrome Web Store utilitzant l&#8217;adre\u00e7a chrome.google.com\/webstore.Localitzaci\u00f3: A la barra de cerca de la botiga, introdueix &#8220;Awesome Screenshot&#8221;. &hellip;\" \/>\n<meta property=\"og:url\" content=\"https:\/\/irodriguez.inscastellbisbal.net\/?page_id=382\" \/>\n<meta property=\"og:site_name\" content=\"Ivan Rodriguez Jimenez\" \/>\n<meta property=\"article:modified_time\" content=\"2026-01-16T07:44:23+00:00\" \/>\n<meta property=\"og:image\" content=\"https:\/\/irodriguez.inscastellbisbal.net\/wp-content\/uploads\/2025\/12\/image-15.png\" \/>\n\t<meta property=\"og:image:width\" content=\"1024\" \/>\n\t<meta property=\"og:image:height\" content=\"267\" \/>\n\t<meta property=\"og:image:type\" content=\"image\/png\" \/>\n<meta name=\"twitter:card\" content=\"summary_large_image\" \/>\n<meta name=\"twitter:label1\" content=\"Temps estimat de lectura\" \/>\n\t<meta name=\"twitter:data1\" content=\"1 minut\" \/>\n<script type=\"application\/ld+json\" class=\"yoast-schema-graph\">{\"@context\":\"https:\/\/schema.org\",\"@graph\":[{\"@type\":\"WebPage\",\"@id\":\"https:\/\/irodriguez.inscastellbisbal.net\/?page_id=382\",\"url\":\"https:\/\/irodriguez.inscastellbisbal.net\/?page_id=382\",\"name\":\"Instalaci\u00f3 d\u2019un programa per fer i editar captures de pantalla - Ivan Rodriguez Jimenez\",\"isPartOf\":{\"@id\":\"https:\/\/irodriguez.inscastellbisbal.net\/#website\"},\"primaryImageOfPage\":{\"@id\":\"https:\/\/irodriguez.inscastellbisbal.net\/?page_id=382#primaryimage\"},\"image\":{\"@id\":\"https:\/\/irodriguez.inscastellbisbal.net\/?page_id=382#primaryimage\"},\"thumbnailUrl\":\"https:\/\/irodriguez.inscastellbisbal.net\/wp-content\/uploads\/2025\/12\/image-15.png\",\"datePublished\":\"2025-09-23T11:31:27+00:00\",\"dateModified\":\"2026-01-16T07:44:23+00:00\",\"breadcrumb\":{\"@id\":\"https:\/\/irodriguez.inscastellbisbal.net\/?page_id=382#breadcrumb\"},\"inLanguage\":\"ca\",\"potentialAction\":[{\"@type\":\"ReadAction\",\"target\":[\"https:\/\/irodriguez.inscastellbisbal.net\/?page_id=382\"]}]},{\"@type\":\"ImageObject\",\"inLanguage\":\"ca\",\"@id\":\"https:\/\/irodriguez.inscastellbisbal.net\/?page_id=382#primaryimage\",\"url\":\"https:\/\/irodriguez.inscastellbisbal.net\/wp-content\/uploads\/2025\/12\/image-15.png\",\"contentUrl\":\"https:\/\/irodriguez.inscastellbisbal.net\/wp-content\/uploads\/2025\/12\/image-15.png\",\"width\":1024,\"height\":267},{\"@type\":\"BreadcrumbList\",\"@id\":\"https:\/\/irodriguez.inscastellbisbal.net\/?page_id=382#breadcrumb\",\"itemListElement\":[{\"@type\":\"ListItem\",\"position\":1,\"name\":\"Inici\",\"item\":\"https:\/\/irodriguez.inscastellbisbal.net\/\"},{\"@type\":\"ListItem\",\"position\":2,\"name\":\"SMX1\",\"item\":\"https:\/\/irodriguez.inscastellbisbal.net\/?page_id=1205\"},{\"@type\":\"ListItem\",\"position\":3,\"name\":\"Repte 1.1\",\"item\":\"https:\/\/irodriguez.inscastellbisbal.net\/?page_id=245\"},{\"@type\":\"ListItem\",\"position\":4,\"name\":\"Espai de treball a casa\",\"item\":\"https:\/\/irodriguez.inscastellbisbal.net\/?page_id=262\"},{\"@type\":\"ListItem\",\"position\":5,\"name\":\"Instalaci\u00f3 d\u2019un programa per fer i editar captures de pantalla\"}]},{\"@type\":\"WebSite\",\"@id\":\"https:\/\/irodriguez.inscastellbisbal.net\/#website\",\"url\":\"https:\/\/irodriguez.inscastellbisbal.net\/\",\"name\":\"Ivan Rodriguez Jimenez\",\"description\":\"Hola, em dic Iv\u00e1n, tinc 16 anys i actualment estic cursant el meu primer any de cicle formatiu en inform\u00e0tica.  En aquest espai anir\u00e9 compartint el que aprenc: des de conceptes b\u00e0sics de maquinari i programari, fins a programaci\u00f3, xarxes i projectes personals. El meu objectiu \u00e9s anar creixent pas a pas en aquest m\u00f3n de la tecnologia i, al hora, deixar aqu\u00ed un registre del meu progr\u00e9s.  Espero que trobis interessant el contingut i que aquest rac\u00f3 sigui \u00fatil tant per a mi com per a qualsevol que tamb\u00e9 estigui comen\u00e7ant al cam\u00ed de la inform\u00e0tica.\",\"publisher\":{\"@id\":\"https:\/\/irodriguez.inscastellbisbal.net\/#organization\"},\"potentialAction\":[{\"@type\":\"SearchAction\",\"target\":{\"@type\":\"EntryPoint\",\"urlTemplate\":\"https:\/\/irodriguez.inscastellbisbal.net\/?s={search_term_string}\"},\"query-input\":{\"@type\":\"PropertyValueSpecification\",\"valueRequired\":true,\"valueName\":\"search_term_string\"}}],\"inLanguage\":\"ca\"},{\"@type\":\"Organization\",\"@id\":\"https:\/\/irodriguez.inscastellbisbal.net\/#organization\",\"name\":\"Ivan Rodriguez Jimenez\",\"url\":\"https:\/\/irodriguez.inscastellbisbal.net\/\",\"logo\":{\"@type\":\"ImageObject\",\"inLanguage\":\"ca\",\"@id\":\"https:\/\/irodriguez.inscastellbisbal.net\/#\/schema\/logo\/image\/\",\"url\":\"https:\/\/irodriguez.inscastellbisbal.net\/wp-content\/uploads\/2025\/09\/cropped-cropped-ChatGPT-Image-Sep-19-2025-08_40_26-AM.jpg\",\"contentUrl\":\"https:\/\/irodriguez.inscastellbisbal.net\/wp-content\/uploads\/2025\/09\/cropped-cropped-ChatGPT-Image-Sep-19-2025-08_40_26-AM.jpg\",\"width\":1536,\"height\":1024,\"caption\":\"Ivan Rodriguez Jimenez\"},\"image\":{\"@id\":\"https:\/\/irodriguez.inscastellbisbal.net\/#\/schema\/logo\/image\/\"}}]}<\/script>\n<!-- \/ Yoast SEO plugin. -->","yoast_head_json":{"title":"Instalaci\u00f3 d\u2019un programa per fer i editar captures de pantalla - Ivan Rodriguez Jimenez","robots":{"index":"index","follow":"follow","max-snippet":"max-snippet:-1","max-image-preview":"max-image-preview:large","max-video-preview":"max-video-preview:-1"},"canonical":"https:\/\/irodriguez.inscastellbisbal.net\/?page_id=382","og_locale":"ca_ES","og_type":"article","og_title":"Instalaci\u00f3 d\u2019un programa per fer i editar captures de pantalla - Ivan Rodriguez Jimenez","og_description":"Inicia el navegador Brave i dirigeix-te a la Chrome Web Store utilitzant l&#8217;adre\u00e7a chrome.google.com\/webstore.Localitzaci\u00f3: A la barra de cerca de la botiga, introdueix &#8220;Awesome Screenshot&#8221;. &hellip;","og_url":"https:\/\/irodriguez.inscastellbisbal.net\/?page_id=382","og_site_name":"Ivan Rodriguez Jimenez","article_modified_time":"2026-01-16T07:44:23+00:00","og_image":[{"width":1024,"height":267,"url":"https:\/\/irodriguez.inscastellbisbal.net\/wp-content\/uploads\/2025\/12\/image-15.png","type":"image\/png"}],"twitter_card":"summary_large_image","twitter_misc":{"Temps estimat de lectura":"1 minut"},"schema":{"@context":"https:\/\/schema.org","@graph":[{"@type":"WebPage","@id":"https:\/\/irodriguez.inscastellbisbal.net\/?page_id=382","url":"https:\/\/irodriguez.inscastellbisbal.net\/?page_id=382","name":"Instalaci\u00f3 d\u2019un programa per fer i editar captures de pantalla - Ivan Rodriguez Jimenez","isPartOf":{"@id":"https:\/\/irodriguez.inscastellbisbal.net\/#website"},"primaryImageOfPage":{"@id":"https:\/\/irodriguez.inscastellbisbal.net\/?page_id=382#primaryimage"},"image":{"@id":"https:\/\/irodriguez.inscastellbisbal.net\/?page_id=382#primaryimage"},"thumbnailUrl":"https:\/\/irodriguez.inscastellbisbal.net\/wp-content\/uploads\/2025\/12\/image-15.png","datePublished":"2025-09-23T11:31:27+00:00","dateModified":"2026-01-16T07:44:23+00:00","breadcrumb":{"@id":"https:\/\/irodriguez.inscastellbisbal.net\/?page_id=382#breadcrumb"},"inLanguage":"ca","potentialAction":[{"@type":"ReadAction","target":["https:\/\/irodriguez.inscastellbisbal.net\/?page_id=382"]}]},{"@type":"ImageObject","inLanguage":"ca","@id":"https:\/\/irodriguez.inscastellbisbal.net\/?page_id=382#primaryimage","url":"https:\/\/irodriguez.inscastellbisbal.net\/wp-content\/uploads\/2025\/12\/image-15.png","contentUrl":"https:\/\/irodriguez.inscastellbisbal.net\/wp-content\/uploads\/2025\/12\/image-15.png","width":1024,"height":267},{"@type":"BreadcrumbList","@id":"https:\/\/irodriguez.inscastellbisbal.net\/?page_id=382#breadcrumb","itemListElement":[{"@type":"ListItem","position":1,"name":"Inici","item":"https:\/\/irodriguez.inscastellbisbal.net\/"},{"@type":"ListItem","position":2,"name":"SMX1","item":"https:\/\/irodriguez.inscastellbisbal.net\/?page_id=1205"},{"@type":"ListItem","position":3,"name":"Repte 1.1","item":"https:\/\/irodriguez.inscastellbisbal.net\/?page_id=245"},{"@type":"ListItem","position":4,"name":"Espai de treball a casa","item":"https:\/\/irodriguez.inscastellbisbal.net\/?page_id=262"},{"@type":"ListItem","position":5,"name":"Instalaci\u00f3 d\u2019un programa per fer i editar captures de pantalla"}]},{"@type":"WebSite","@id":"https:\/\/irodriguez.inscastellbisbal.net\/#website","url":"https:\/\/irodriguez.inscastellbisbal.net\/","name":"Ivan Rodriguez Jimenez","description":"Hola, em dic Iv\u00e1n, tinc 16 anys i actualment estic cursant el meu primer any de cicle formatiu en inform\u00e0tica.  En aquest espai anir\u00e9 compartint el que aprenc: des de conceptes b\u00e0sics de maquinari i programari, fins a programaci\u00f3, xarxes i projectes personals. El meu objectiu \u00e9s anar creixent pas a pas en aquest m\u00f3n de la tecnologia i, al hora, deixar aqu\u00ed un registre del meu progr\u00e9s.  Espero que trobis interessant el contingut i que aquest rac\u00f3 sigui \u00fatil tant per a mi com per a qualsevol que tamb\u00e9 estigui comen\u00e7ant al cam\u00ed de la inform\u00e0tica.","publisher":{"@id":"https:\/\/irodriguez.inscastellbisbal.net\/#organization"},"potentialAction":[{"@type":"SearchAction","target":{"@type":"EntryPoint","urlTemplate":"https:\/\/irodriguez.inscastellbisbal.net\/?s={search_term_string}"},"query-input":{"@type":"PropertyValueSpecification","valueRequired":true,"valueName":"search_term_string"}}],"inLanguage":"ca"},{"@type":"Organization","@id":"https:\/\/irodriguez.inscastellbisbal.net\/#organization","name":"Ivan Rodriguez Jimenez","url":"https:\/\/irodriguez.inscastellbisbal.net\/","logo":{"@type":"ImageObject","inLanguage":"ca","@id":"https:\/\/irodriguez.inscastellbisbal.net\/#\/schema\/logo\/image\/","url":"https:\/\/irodriguez.inscastellbisbal.net\/wp-content\/uploads\/2025\/09\/cropped-cropped-ChatGPT-Image-Sep-19-2025-08_40_26-AM.jpg","contentUrl":"https:\/\/irodriguez.inscastellbisbal.net\/wp-content\/uploads\/2025\/09\/cropped-cropped-ChatGPT-Image-Sep-19-2025-08_40_26-AM.jpg","width":1536,"height":1024,"caption":"Ivan Rodriguez Jimenez"},"image":{"@id":"https:\/\/irodriguez.inscastellbisbal.net\/#\/schema\/logo\/image\/"}}]}},"_links":{"self":[{"href":"https:\/\/irodriguez.inscastellbisbal.net\/index.php?rest_route=\/wp\/v2\/pages\/382","targetHints":{"allow":["GET"]}}],"collection":[{"href":"https:\/\/irodriguez.inscastellbisbal.net\/index.php?rest_route=\/wp\/v2\/pages"}],"about":[{"href":"https:\/\/irodriguez.inscastellbisbal.net\/index.php?rest_route=\/wp\/v2\/types\/page"}],"author":[{"embeddable":true,"href":"https:\/\/irodriguez.inscastellbisbal.net\/index.php?rest_route=\/wp\/v2\/users\/1"}],"replies":[{"embeddable":true,"href":"https:\/\/irodriguez.inscastellbisbal.net\/index.php?rest_route=%2Fwp%2Fv2%2Fcomments&post=382"}],"version-history":[{"count":3,"href":"https:\/\/irodriguez.inscastellbisbal.net\/index.php?rest_route=\/wp\/v2\/pages\/382\/revisions"}],"predecessor-version":[{"id":1289,"href":"https:\/\/irodriguez.inscastellbisbal.net\/index.php?rest_route=\/wp\/v2\/pages\/382\/revisions\/1289"}],"up":[{"embeddable":true,"href":"https:\/\/irodriguez.inscastellbisbal.net\/index.php?rest_route=\/wp\/v2\/pages\/262"}],"wp:attachment":[{"href":"https:\/\/irodriguez.inscastellbisbal.net\/index.php?rest_route=%2Fwp%2Fv2%2Fmedia&parent=382"}],"curies":[{"name":"wp","href":"https:\/\/api.w.org\/{rel}","templated":true}]}}