{"id":392,"date":"2025-09-23T11:36:07","date_gmt":"2025-09-23T11:36:07","guid":{"rendered":"https:\/\/irodriguez.inscastellbisbal.net\/?page_id=392"},"modified":"2025-09-30T06:26:06","modified_gmt":"2025-09-30T06:26:06","slug":"tipus-de-lletres-utilitzades","status":"publish","type":"page","link":"https:\/\/irodriguez.inscastellbisbal.net\/?page_id=392","title":{"rendered":"Tipus de lletres utilitzades"},"content":{"rendered":"\n<pre id=\"tw-target-text\" class=\"wp-block-preformatted\">Aquesta \u00e9s la lletra que utilitzo per al meu text<\/pre>\n\n\n\n<figure class=\"wp-block-image size-full is-resized\"><img fetchpriority=\"high\" decoding=\"async\" width=\"345\" height=\"535\" src=\"https:\/\/irodriguez.inscastellbisbal.net\/wp-content\/uploads\/2025\/09\/image-97.png\" alt=\"\" class=\"wp-image-654\" style=\"width:226px;height:auto\" srcset=\"https:\/\/irodriguez.inscastellbisbal.net\/wp-content\/uploads\/2025\/09\/image-97.png 345w, https:\/\/irodriguez.inscastellbisbal.net\/wp-content\/uploads\/2025\/09\/image-97-193x300.png 193w\" sizes=\"(max-width: 345px) 100vw, 345px\" \/><\/figure>\n\n\n\n<pre id=\"tw-target-text\" class=\"wp-block-preformatted\">Aquesta \u00e9s la lletra que utilitzo per als meus t\u00edtols<\/pre>\n\n\n\n<figure class=\"wp-block-image size-full is-resized\"><img decoding=\"async\" width=\"345\" height=\"567\" src=\"https:\/\/irodriguez.inscastellbisbal.net\/wp-content\/uploads\/2025\/09\/image-98.png\" alt=\"\" class=\"wp-image-656\" style=\"width:238px;height:auto\" srcset=\"https:\/\/irodriguez.inscastellbisbal.net\/wp-content\/uploads\/2025\/09\/image-98.png 345w, https:\/\/irodriguez.inscastellbisbal.net\/wp-content\/uploads\/2025\/09\/image-98-183x300.png 183w\" sizes=\"(max-width: 345px) 100vw, 345px\" \/><\/figure>\n\n\n\n<p><\/p>\n","protected":false},"excerpt":{"rendered":"<p>Aquesta \u00e9s la lletra que utilitzo per al meu text Aquesta \u00e9s la lletra que utilitzo per als meus t\u00edtols<\/p>\n","protected":false},"author":1,"featured_media":0,"parent":268,"menu_order":0,"comment_status":"closed","ping_status":"closed","template":"","meta":{"footnotes":""},"class_list":["post-392","page","type-page","status-publish","hentry"],"yoast_head":"<!-- This site is optimized with the Yoast SEO plugin v27.0 - https:\/\/yoast.com\/product\/yoast-seo-wordpress\/ -->\n<title>Tipus de lletres utilitzades - Ivan Rodriguez Jimenez<\/title>\n<meta name=\"robots\" content=\"index, follow, max-snippet:-1, max-image-preview:large, max-video-preview:-1\" \/>\n<link rel=\"canonical\" href=\"https:\/\/irodriguez.inscastellbisbal.net\/?page_id=392\" \/>\n<meta property=\"og:locale\" content=\"ca_ES\" \/>\n<meta property=\"og:type\" content=\"article\" \/>\n<meta property=\"og:title\" content=\"Tipus de lletres utilitzades - Ivan Rodriguez Jimenez\" \/>\n<meta property=\"og:description\" content=\"Aquesta \u00e9s la lletra que utilitzo per al meu text Aquesta \u00e9s la lletra que utilitzo per als meus t\u00edtols\" \/>\n<meta property=\"og:url\" content=\"https:\/\/irodriguez.inscastellbisbal.net\/?page_id=392\" \/>\n<meta property=\"og:site_name\" content=\"Ivan Rodriguez Jimenez\" \/>\n<meta property=\"article:modified_time\" content=\"2025-09-30T06:26:06+00:00\" \/>\n<meta property=\"og:image\" content=\"https:\/\/irodriguez.inscastellbisbal.net\/wp-content\/uploads\/2025\/09\/image-97.png\" \/>\n\t<meta property=\"og:image:width\" content=\"345\" \/>\n\t<meta property=\"og:image:height\" content=\"535\" \/>\n\t<meta property=\"og:image:type\" content=\"image\/png\" \/>\n<meta name=\"twitter:card\" content=\"summary_large_image\" \/>\n<script type=\"application\/ld+json\" class=\"yoast-schema-graph\">{\"@context\":\"https:\/\/schema.org\",\"@graph\":[{\"@type\":\"WebPage\",\"@id\":\"https:\/\/irodriguez.inscastellbisbal.net\/?page_id=392\",\"url\":\"https:\/\/irodriguez.inscastellbisbal.net\/?page_id=392\",\"name\":\"Tipus de lletres utilitzades - Ivan Rodriguez Jimenez\",\"isPartOf\":{\"@id\":\"https:\/\/irodriguez.inscastellbisbal.net\/#website\"},\"primaryImageOfPage\":{\"@id\":\"https:\/\/irodriguez.inscastellbisbal.net\/?page_id=392#primaryimage\"},\"image\":{\"@id\":\"https:\/\/irodriguez.inscastellbisbal.net\/?page_id=392#primaryimage\"},\"thumbnailUrl\":\"https:\/\/irodriguez.inscastellbisbal.net\/wp-content\/uploads\/2025\/09\/image-97.png\",\"datePublished\":\"2025-09-23T11:36:07+00:00\",\"dateModified\":\"2025-09-30T06:26:06+00:00\",\"breadcrumb\":{\"@id\":\"https:\/\/irodriguez.inscastellbisbal.net\/?page_id=392#breadcrumb\"},\"inLanguage\":\"ca\",\"potentialAction\":[{\"@type\":\"ReadAction\",\"target\":[\"https:\/\/irodriguez.inscastellbisbal.net\/?page_id=392\"]}]},{\"@type\":\"ImageObject\",\"inLanguage\":\"ca\",\"@id\":\"https:\/\/irodriguez.inscastellbisbal.net\/?page_id=392#primaryimage\",\"url\":\"https:\/\/irodriguez.inscastellbisbal.net\/wp-content\/uploads\/2025\/09\/image-97.png\",\"contentUrl\":\"https:\/\/irodriguez.inscastellbisbal.net\/wp-content\/uploads\/2025\/09\/image-97.png\",\"width\":345,\"height\":535},{\"@type\":\"BreadcrumbList\",\"@id\":\"https:\/\/irodriguez.inscastellbisbal.net\/?page_id=392#breadcrumb\",\"itemListElement\":[{\"@type\":\"ListItem\",\"position\":1,\"name\":\"Inici\",\"item\":\"https:\/\/irodriguez.inscastellbisbal.net\/\"},{\"@type\":\"ListItem\",\"position\":2,\"name\":\"Repte 1.1\",\"item\":\"https:\/\/irodriguez.inscastellbisbal.net\/?page_id=245\"},{\"@type\":\"ListItem\",\"position\":3,\"name\":\"Llibre d&#8217;estil\",\"item\":\"https:\/\/irodriguez.inscastellbisbal.net\/?page_id=268\"},{\"@type\":\"ListItem\",\"position\":4,\"name\":\"Tipus de lletres utilitzades\"}]},{\"@type\":\"WebSite\",\"@id\":\"https:\/\/irodriguez.inscastellbisbal.net\/#website\",\"url\":\"https:\/\/irodriguez.inscastellbisbal.net\/\",\"name\":\"Ivan Rodriguez Jimenez\",\"description\":\"Hola, em dic Iv\u00e1n, tinc 16 anys i actualment estic cursant el meu primer any de cicle formatiu en inform\u00e0tica.  En aquest espai anir\u00e9 compartint el que aprenc: des de conceptes b\u00e0sics de maquinari i programari, fins a programaci\u00f3, xarxes i projectes personals. El meu objectiu \u00e9s anar creixent pas a pas en aquest m\u00f3n de la tecnologia i, al hora, deixar aqu\u00ed un registre del meu progr\u00e9s.  Espero que trobis interessant el contingut i que aquest rac\u00f3 sigui \u00fatil tant per a mi com per a qualsevol que tamb\u00e9 estigui comen\u00e7ant al cam\u00ed de la inform\u00e0tica.\",\"publisher\":{\"@id\":\"https:\/\/irodriguez.inscastellbisbal.net\/#organization\"},\"potentialAction\":[{\"@type\":\"SearchAction\",\"target\":{\"@type\":\"EntryPoint\",\"urlTemplate\":\"https:\/\/irodriguez.inscastellbisbal.net\/?s={search_term_string}\"},\"query-input\":{\"@type\":\"PropertyValueSpecification\",\"valueRequired\":true,\"valueName\":\"search_term_string\"}}],\"inLanguage\":\"ca\"},{\"@type\":\"Organization\",\"@id\":\"https:\/\/irodriguez.inscastellbisbal.net\/#organization\",\"name\":\"Ivan Rodriguez Jimenez\",\"url\":\"https:\/\/irodriguez.inscastellbisbal.net\/\",\"logo\":{\"@type\":\"ImageObject\",\"inLanguage\":\"ca\",\"@id\":\"https:\/\/irodriguez.inscastellbisbal.net\/#\/schema\/logo\/image\/\",\"url\":\"https:\/\/irodriguez.inscastellbisbal.net\/wp-content\/uploads\/2025\/09\/cropped-cropped-ChatGPT-Image-Sep-19-2025-08_40_26-AM.jpg\",\"contentUrl\":\"https:\/\/irodriguez.inscastellbisbal.net\/wp-content\/uploads\/2025\/09\/cropped-cropped-ChatGPT-Image-Sep-19-2025-08_40_26-AM.jpg\",\"width\":1536,\"height\":1024,\"caption\":\"Ivan Rodriguez Jimenez\"},\"image\":{\"@id\":\"https:\/\/irodriguez.inscastellbisbal.net\/#\/schema\/logo\/image\/\"}}]}<\/script>\n<!-- \/ Yoast SEO plugin. -->","yoast_head_json":{"title":"Tipus de lletres utilitzades - Ivan Rodriguez Jimenez","robots":{"index":"index","follow":"follow","max-snippet":"max-snippet:-1","max-image-preview":"max-image-preview:large","max-video-preview":"max-video-preview:-1"},"canonical":"https:\/\/irodriguez.inscastellbisbal.net\/?page_id=392","og_locale":"ca_ES","og_type":"article","og_title":"Tipus de lletres utilitzades - Ivan Rodriguez Jimenez","og_description":"Aquesta \u00e9s la lletra que utilitzo per al meu text Aquesta \u00e9s la lletra que utilitzo per als meus t\u00edtols","og_url":"https:\/\/irodriguez.inscastellbisbal.net\/?page_id=392","og_site_name":"Ivan Rodriguez Jimenez","article_modified_time":"2025-09-30T06:26:06+00:00","og_image":[{"width":345,"height":535,"url":"https:\/\/irodriguez.inscastellbisbal.net\/wp-content\/uploads\/2025\/09\/image-97.png","type":"image\/png"}],"twitter_card":"summary_large_image","schema":{"@context":"https:\/\/schema.org","@graph":[{"@type":"WebPage","@id":"https:\/\/irodriguez.inscastellbisbal.net\/?page_id=392","url":"https:\/\/irodriguez.inscastellbisbal.net\/?page_id=392","name":"Tipus de lletres utilitzades - Ivan Rodriguez Jimenez","isPartOf":{"@id":"https:\/\/irodriguez.inscastellbisbal.net\/#website"},"primaryImageOfPage":{"@id":"https:\/\/irodriguez.inscastellbisbal.net\/?page_id=392#primaryimage"},"image":{"@id":"https:\/\/irodriguez.inscastellbisbal.net\/?page_id=392#primaryimage"},"thumbnailUrl":"https:\/\/irodriguez.inscastellbisbal.net\/wp-content\/uploads\/2025\/09\/image-97.png","datePublished":"2025-09-23T11:36:07+00:00","dateModified":"2025-09-30T06:26:06+00:00","breadcrumb":{"@id":"https:\/\/irodriguez.inscastellbisbal.net\/?page_id=392#breadcrumb"},"inLanguage":"ca","potentialAction":[{"@type":"ReadAction","target":["https:\/\/irodriguez.inscastellbisbal.net\/?page_id=392"]}]},{"@type":"ImageObject","inLanguage":"ca","@id":"https:\/\/irodriguez.inscastellbisbal.net\/?page_id=392#primaryimage","url":"https:\/\/irodriguez.inscastellbisbal.net\/wp-content\/uploads\/2025\/09\/image-97.png","contentUrl":"https:\/\/irodriguez.inscastellbisbal.net\/wp-content\/uploads\/2025\/09\/image-97.png","width":345,"height":535},{"@type":"BreadcrumbList","@id":"https:\/\/irodriguez.inscastellbisbal.net\/?page_id=392#breadcrumb","itemListElement":[{"@type":"ListItem","position":1,"name":"Inici","item":"https:\/\/irodriguez.inscastellbisbal.net\/"},{"@type":"ListItem","position":2,"name":"Repte 1.1","item":"https:\/\/irodriguez.inscastellbisbal.net\/?page_id=245"},{"@type":"ListItem","position":3,"name":"Llibre d&#8217;estil","item":"https:\/\/irodriguez.inscastellbisbal.net\/?page_id=268"},{"@type":"ListItem","position":4,"name":"Tipus de lletres utilitzades"}]},{"@type":"WebSite","@id":"https:\/\/irodriguez.inscastellbisbal.net\/#website","url":"https:\/\/irodriguez.inscastellbisbal.net\/","name":"Ivan Rodriguez Jimenez","description":"Hola, em dic Iv\u00e1n, tinc 16 anys i actualment estic cursant el meu primer any de cicle formatiu en inform\u00e0tica.  En aquest espai anir\u00e9 compartint el que aprenc: des de conceptes b\u00e0sics de maquinari i programari, fins a programaci\u00f3, xarxes i projectes personals. El meu objectiu \u00e9s anar creixent pas a pas en aquest m\u00f3n de la tecnologia i, al hora, deixar aqu\u00ed un registre del meu progr\u00e9s.  Espero que trobis interessant el contingut i que aquest rac\u00f3 sigui \u00fatil tant per a mi com per a qualsevol que tamb\u00e9 estigui comen\u00e7ant al cam\u00ed de la inform\u00e0tica.","publisher":{"@id":"https:\/\/irodriguez.inscastellbisbal.net\/#organization"},"potentialAction":[{"@type":"SearchAction","target":{"@type":"EntryPoint","urlTemplate":"https:\/\/irodriguez.inscastellbisbal.net\/?s={search_term_string}"},"query-input":{"@type":"PropertyValueSpecification","valueRequired":true,"valueName":"search_term_string"}}],"inLanguage":"ca"},{"@type":"Organization","@id":"https:\/\/irodriguez.inscastellbisbal.net\/#organization","name":"Ivan Rodriguez Jimenez","url":"https:\/\/irodriguez.inscastellbisbal.net\/","logo":{"@type":"ImageObject","inLanguage":"ca","@id":"https:\/\/irodriguez.inscastellbisbal.net\/#\/schema\/logo\/image\/","url":"https:\/\/irodriguez.inscastellbisbal.net\/wp-content\/uploads\/2025\/09\/cropped-cropped-ChatGPT-Image-Sep-19-2025-08_40_26-AM.jpg","contentUrl":"https:\/\/irodriguez.inscastellbisbal.net\/wp-content\/uploads\/2025\/09\/cropped-cropped-ChatGPT-Image-Sep-19-2025-08_40_26-AM.jpg","width":1536,"height":1024,"caption":"Ivan Rodriguez Jimenez"},"image":{"@id":"https:\/\/irodriguez.inscastellbisbal.net\/#\/schema\/logo\/image\/"}}]}},"_links":{"self":[{"href":"https:\/\/irodriguez.inscastellbisbal.net\/index.php?rest_route=\/wp\/v2\/pages\/392","targetHints":{"allow":["GET"]}}],"collection":[{"href":"https:\/\/irodriguez.inscastellbisbal.net\/index.php?rest_route=\/wp\/v2\/pages"}],"about":[{"href":"https:\/\/irodriguez.inscastellbisbal.net\/index.php?rest_route=\/wp\/v2\/types\/page"}],"author":[{"embeddable":true,"href":"https:\/\/irodriguez.inscastellbisbal.net\/index.php?rest_route=\/wp\/v2\/users\/1"}],"replies":[{"embeddable":true,"href":"https:\/\/irodriguez.inscastellbisbal.net\/index.php?rest_route=%2Fwp%2Fv2%2Fcomments&post=392"}],"version-history":[{"count":2,"href":"https:\/\/irodriguez.inscastellbisbal.net\/index.php?rest_route=\/wp\/v2\/pages\/392\/revisions"}],"predecessor-version":[{"id":657,"href":"https:\/\/irodriguez.inscastellbisbal.net\/index.php?rest_route=\/wp\/v2\/pages\/392\/revisions\/657"}],"up":[{"embeddable":true,"href":"https:\/\/irodriguez.inscastellbisbal.net\/index.php?rest_route=\/wp\/v2\/pages\/268"}],"wp:attachment":[{"href":"https:\/\/irodriguez.inscastellbisbal.net\/index.php?rest_route=%2Fwp%2Fv2%2Fmedia&parent=392"}],"curies":[{"name":"wp","href":"https:\/\/api.w.org\/{rel}","templated":true}]}}