{"id":416,"date":"2025-09-23T11:44:09","date_gmt":"2025-09-23T11:44:09","guid":{"rendered":"https:\/\/irodriguez.inscastellbisbal.net\/?page_id=416"},"modified":"2025-10-03T06:15:06","modified_gmt":"2025-10-03T06:15:06","slug":"punt-de-restauracio-del-so","status":"publish","type":"page","link":"https:\/\/irodriguez.inscastellbisbal.net\/?page_id=416","title":{"rendered":"Securitzaci\u00f3 del WordPress"},"content":{"rendered":"\n<pre id=\"tw-target-text\" class=\"wp-block-preformatted\">Cerques al teu navegador web word press clicques al primer enlla\u00e7 que et surt i a dalt a la dreta tens iniciar seri\u00f3 la inicies i quan entres vas a l'esquerra a extensions i busques wps hide login llavors la instal\u00b7les i l'actives.<\/pre>\n\n\n\n<figure class=\"wp-block-image size-large\"><img fetchpriority=\"high\" decoding=\"async\" width=\"1024\" height=\"482\" src=\"https:\/\/irodriguez.inscastellbisbal.net\/wp-content\/uploads\/2025\/09\/image-69-1024x482.png\" alt=\"\" class=\"wp-image-583\" srcset=\"https:\/\/irodriguez.inscastellbisbal.net\/wp-content\/uploads\/2025\/09\/image-69-1024x482.png 1024w, https:\/\/irodriguez.inscastellbisbal.net\/wp-content\/uploads\/2025\/09\/image-69-300x141.png 300w, https:\/\/irodriguez.inscastellbisbal.net\/wp-content\/uploads\/2025\/09\/image-69-768x362.png 768w, https:\/\/irodriguez.inscastellbisbal.net\/wp-content\/uploads\/2025\/09\/image-69-1536x723.png 1536w, https:\/\/irodriguez.inscastellbisbal.net\/wp-content\/uploads\/2025\/09\/image-69-496x234.png 496w, https:\/\/irodriguez.inscastellbisbal.net\/wp-content\/uploads\/2025\/09\/image-69.png 1890w\" sizes=\"(max-width: 1024px) 100vw, 1024px\" \/><\/figure>\n\n\n\n<figure class=\"wp-block-image size-large\"><img decoding=\"async\" width=\"1024\" height=\"470\" src=\"https:\/\/irodriguez.inscastellbisbal.net\/wp-content\/uploads\/2025\/09\/image-70-1024x470.png\" alt=\"\" class=\"wp-image-584\" srcset=\"https:\/\/irodriguez.inscastellbisbal.net\/wp-content\/uploads\/2025\/09\/image-70-1024x470.png 1024w, https:\/\/irodriguez.inscastellbisbal.net\/wp-content\/uploads\/2025\/09\/image-70-300x138.png 300w, https:\/\/irodriguez.inscastellbisbal.net\/wp-content\/uploads\/2025\/09\/image-70-768x352.png 768w, https:\/\/irodriguez.inscastellbisbal.net\/wp-content\/uploads\/2025\/09\/image-70-1536x705.png 1536w, https:\/\/irodriguez.inscastellbisbal.net\/wp-content\/uploads\/2025\/09\/image-70-496x228.png 496w, https:\/\/irodriguez.inscastellbisbal.net\/wp-content\/uploads\/2025\/09\/image-70.png 1881w\" sizes=\"(max-width: 1024px) 100vw, 1024px\" \/><\/figure>\n\n\n\n<figure class=\"wp-block-image size-full\"><img decoding=\"async\" width=\"730\" height=\"643\" src=\"https:\/\/irodriguez.inscastellbisbal.net\/wp-content\/uploads\/2025\/09\/image-72.png\" alt=\"\" class=\"wp-image-587\" srcset=\"https:\/\/irodriguez.inscastellbisbal.net\/wp-content\/uploads\/2025\/09\/image-72.png 730w, https:\/\/irodriguez.inscastellbisbal.net\/wp-content\/uploads\/2025\/09\/image-72-300x264.png 300w, https:\/\/irodriguez.inscastellbisbal.net\/wp-content\/uploads\/2025\/09\/image-72-341x300.png 341w\" sizes=\"(max-width: 730px) 100vw, 730px\" \/><\/figure>\n\n\n\n<p>Per canviar el sobrenom el que tens que fer es anar-te a la part esquerra del wordpress en el apartat de usuaris li dones a tots els usuaris i et sortir\u00e0 que posa edita li dones ahi i baixant  veur\u00e0s que posa sobrenom i ahi poses el que tu vulguis i ja no et sortir\u00e0 la teva inicial i cognom.<\/p>\n\n\n\n<figure class=\"wp-block-image size-large\"><img loading=\"lazy\" decoding=\"async\" width=\"1024\" height=\"415\" src=\"https:\/\/irodriguez.inscastellbisbal.net\/wp-content\/uploads\/2025\/09\/image-73-1024x415.png\" alt=\"\" class=\"wp-image-588\" srcset=\"https:\/\/irodriguez.inscastellbisbal.net\/wp-content\/uploads\/2025\/09\/image-73-1024x415.png 1024w, https:\/\/irodriguez.inscastellbisbal.net\/wp-content\/uploads\/2025\/09\/image-73-300x122.png 300w, https:\/\/irodriguez.inscastellbisbal.net\/wp-content\/uploads\/2025\/09\/image-73-768x311.png 768w, https:\/\/irodriguez.inscastellbisbal.net\/wp-content\/uploads\/2025\/09\/image-73-1536x623.png 1536w, https:\/\/irodriguez.inscastellbisbal.net\/wp-content\/uploads\/2025\/09\/image-73-496x201.png 496w, https:\/\/irodriguez.inscastellbisbal.net\/wp-content\/uploads\/2025\/09\/image-73.png 1896w\" sizes=\"(max-width: 1024px) 100vw, 1024px\" \/><\/figure>\n\n\n\n<figure class=\"wp-block-image size-large\"><img loading=\"lazy\" decoding=\"async\" width=\"1024\" height=\"432\" src=\"https:\/\/irodriguez.inscastellbisbal.net\/wp-content\/uploads\/2025\/10\/image-7-1024x432.png\" alt=\"\" class=\"wp-image-709\" srcset=\"https:\/\/irodriguez.inscastellbisbal.net\/wp-content\/uploads\/2025\/10\/image-7-1024x432.png 1024w, https:\/\/irodriguez.inscastellbisbal.net\/wp-content\/uploads\/2025\/10\/image-7-300x127.png 300w, https:\/\/irodriguez.inscastellbisbal.net\/wp-content\/uploads\/2025\/10\/image-7-768x324.png 768w, https:\/\/irodriguez.inscastellbisbal.net\/wp-content\/uploads\/2025\/10\/image-7-496x209.png 496w, https:\/\/irodriguez.inscastellbisbal.net\/wp-content\/uploads\/2025\/10\/image-7.png 1479w\" sizes=\"(max-width: 1024px) 100vw, 1024px\" \/><\/figure>\n\n\n\n<p>Tamb\u00e9 per tenir segur el nostre wordpress tenim que tenir una contrasenya segura si pot ser que tingui lletres maj\u00fascules i s\u00edmbols si vols canviar la contrasenya directament des del wordpress tens que anar a usuaris despr\u00e9s tots els usuaris veur\u00e0s que posa edita li dones i a baix del tot et surt definir una contrasenya nova.<\/p>\n\n\n\n<figure class=\"wp-block-image size-large\"><img loading=\"lazy\" decoding=\"async\" width=\"1024\" height=\"528\" src=\"https:\/\/irodriguez.inscastellbisbal.net\/wp-content\/uploads\/2025\/09\/word-1024x528.png\" alt=\"\" class=\"wp-image-591\" srcset=\"https:\/\/irodriguez.inscastellbisbal.net\/wp-content\/uploads\/2025\/09\/word-1024x528.png 1024w, https:\/\/irodriguez.inscastellbisbal.net\/wp-content\/uploads\/2025\/09\/word-300x155.png 300w, https:\/\/irodriguez.inscastellbisbal.net\/wp-content\/uploads\/2025\/09\/word-768x396.png 768w, https:\/\/irodriguez.inscastellbisbal.net\/wp-content\/uploads\/2025\/09\/word-1536x792.png 1536w, https:\/\/irodriguez.inscastellbisbal.net\/wp-content\/uploads\/2025\/09\/word-496x256.png 496w, https:\/\/irodriguez.inscastellbisbal.net\/wp-content\/uploads\/2025\/09\/word.png 1908w\" sizes=\"(max-width: 1024px) 100vw, 1024px\" \/><\/figure>\n\n\n\n<figure class=\"wp-block-image size-large\"><img loading=\"lazy\" decoding=\"async\" width=\"1024\" height=\"404\" src=\"https:\/\/irodriguez.inscastellbisbal.net\/wp-content\/uploads\/2025\/09\/image-76-1024x404.png\" alt=\"\" class=\"wp-image-592\" srcset=\"https:\/\/irodriguez.inscastellbisbal.net\/wp-content\/uploads\/2025\/09\/image-76-1024x404.png 1024w, https:\/\/irodriguez.inscastellbisbal.net\/wp-content\/uploads\/2025\/09\/image-76-300x118.png 300w, https:\/\/irodriguez.inscastellbisbal.net\/wp-content\/uploads\/2025\/09\/image-76-768x303.png 768w, https:\/\/irodriguez.inscastellbisbal.net\/wp-content\/uploads\/2025\/09\/image-76-496x196.png 496w, https:\/\/irodriguez.inscastellbisbal.net\/wp-content\/uploads\/2025\/09\/image-76.png 1126w\" sizes=\"(max-width: 1024px) 100vw, 1024px\" \/><\/figure>\n","protected":false},"excerpt":{"rendered":"<p>Cerques al teu navegador web word press clicques al primer enlla\u00e7 que et surt i a dalt a la dreta tens iniciar seri\u00f3 la inicies &hellip;<\/p>\n","protected":false},"author":1,"featured_media":0,"parent":266,"menu_order":0,"comment_status":"closed","ping_status":"closed","template":"","meta":{"footnotes":""},"class_list":["post-416","page","type-page","status-publish","hentry"],"yoast_head":"<!-- This site is optimized with the Yoast SEO plugin v27.0 - https:\/\/yoast.com\/product\/yoast-seo-wordpress\/ -->\n<title>Securitzaci\u00f3 del WordPress - Ivan Rodriguez Jimenez<\/title>\n<meta name=\"robots\" content=\"index, follow, max-snippet:-1, max-image-preview:large, max-video-preview:-1\" \/>\n<link rel=\"canonical\" href=\"https:\/\/irodriguez.inscastellbisbal.net\/?page_id=416\" \/>\n<meta property=\"og:locale\" content=\"ca_ES\" \/>\n<meta property=\"og:type\" content=\"article\" \/>\n<meta property=\"og:title\" content=\"Securitzaci\u00f3 del WordPress - Ivan Rodriguez Jimenez\" \/>\n<meta property=\"og:description\" content=\"Cerques al teu navegador web word press clicques al primer enlla\u00e7 que et surt i a dalt a la dreta tens iniciar seri\u00f3 la inicies &hellip;\" \/>\n<meta property=\"og:url\" content=\"https:\/\/irodriguez.inscastellbisbal.net\/?page_id=416\" \/>\n<meta property=\"og:site_name\" content=\"Ivan Rodriguez Jimenez\" \/>\n<meta property=\"article:modified_time\" content=\"2025-10-03T06:15:06+00:00\" \/>\n<meta property=\"og:image\" content=\"https:\/\/irodriguez.inscastellbisbal.net\/wp-content\/uploads\/2025\/09\/image-69.png\" \/>\n\t<meta property=\"og:image:width\" content=\"1890\" \/>\n\t<meta property=\"og:image:height\" content=\"890\" \/>\n\t<meta property=\"og:image:type\" content=\"image\/png\" \/>\n<meta name=\"twitter:card\" content=\"summary_large_image\" \/>\n<meta name=\"twitter:label1\" content=\"Temps estimat de lectura\" \/>\n\t<meta name=\"twitter:data1\" content=\"1 minut\" \/>\n<script type=\"application\/ld+json\" class=\"yoast-schema-graph\">{\"@context\":\"https:\/\/schema.org\",\"@graph\":[{\"@type\":\"WebPage\",\"@id\":\"https:\/\/irodriguez.inscastellbisbal.net\/?page_id=416\",\"url\":\"https:\/\/irodriguez.inscastellbisbal.net\/?page_id=416\",\"name\":\"Securitzaci\u00f3 del WordPress - Ivan Rodriguez Jimenez\",\"isPartOf\":{\"@id\":\"https:\/\/irodriguez.inscastellbisbal.net\/#website\"},\"primaryImageOfPage\":{\"@id\":\"https:\/\/irodriguez.inscastellbisbal.net\/?page_id=416#primaryimage\"},\"image\":{\"@id\":\"https:\/\/irodriguez.inscastellbisbal.net\/?page_id=416#primaryimage\"},\"thumbnailUrl\":\"https:\/\/irodriguez.inscastellbisbal.net\/wp-content\/uploads\/2025\/09\/image-69-1024x482.png\",\"datePublished\":\"2025-09-23T11:44:09+00:00\",\"dateModified\":\"2025-10-03T06:15:06+00:00\",\"breadcrumb\":{\"@id\":\"https:\/\/irodriguez.inscastellbisbal.net\/?page_id=416#breadcrumb\"},\"inLanguage\":\"ca\",\"potentialAction\":[{\"@type\":\"ReadAction\",\"target\":[\"https:\/\/irodriguez.inscastellbisbal.net\/?page_id=416\"]}]},{\"@type\":\"ImageObject\",\"inLanguage\":\"ca\",\"@id\":\"https:\/\/irodriguez.inscastellbisbal.net\/?page_id=416#primaryimage\",\"url\":\"https:\/\/irodriguez.inscastellbisbal.net\/wp-content\/uploads\/2025\/09\/image-69.png\",\"contentUrl\":\"https:\/\/irodriguez.inscastellbisbal.net\/wp-content\/uploads\/2025\/09\/image-69.png\",\"width\":1890,\"height\":890},{\"@type\":\"BreadcrumbList\",\"@id\":\"https:\/\/irodriguez.inscastellbisbal.net\/?page_id=416#breadcrumb\",\"itemListElement\":[{\"@type\":\"ListItem\",\"position\":1,\"name\":\"Inici\",\"item\":\"https:\/\/irodriguez.inscastellbisbal.net\/\"},{\"@type\":\"ListItem\",\"position\":2,\"name\":\"Repte 1.1\",\"item\":\"https:\/\/irodriguez.inscastellbisbal.net\/?page_id=245\"},{\"@type\":\"ListItem\",\"position\":3,\"name\":\"Portfoli digital\",\"item\":\"https:\/\/irodriguez.inscastellbisbal.net\/?page_id=266\"},{\"@type\":\"ListItem\",\"position\":4,\"name\":\"Securitzaci\u00f3 del WordPress\"}]},{\"@type\":\"WebSite\",\"@id\":\"https:\/\/irodriguez.inscastellbisbal.net\/#website\",\"url\":\"https:\/\/irodriguez.inscastellbisbal.net\/\",\"name\":\"Ivan Rodriguez Jimenez\",\"description\":\"Hola, em dic Iv\u00e1n, tinc 16 anys i actualment estic cursant el meu primer any de cicle formatiu en inform\u00e0tica.  En aquest espai anir\u00e9 compartint el que aprenc: des de conceptes b\u00e0sics de maquinari i programari, fins a programaci\u00f3, xarxes i projectes personals. El meu objectiu \u00e9s anar creixent pas a pas en aquest m\u00f3n de la tecnologia i, al hora, deixar aqu\u00ed un registre del meu progr\u00e9s.  Espero que trobis interessant el contingut i que aquest rac\u00f3 sigui \u00fatil tant per a mi com per a qualsevol que tamb\u00e9 estigui comen\u00e7ant al cam\u00ed de la inform\u00e0tica.\",\"publisher\":{\"@id\":\"https:\/\/irodriguez.inscastellbisbal.net\/#organization\"},\"potentialAction\":[{\"@type\":\"SearchAction\",\"target\":{\"@type\":\"EntryPoint\",\"urlTemplate\":\"https:\/\/irodriguez.inscastellbisbal.net\/?s={search_term_string}\"},\"query-input\":{\"@type\":\"PropertyValueSpecification\",\"valueRequired\":true,\"valueName\":\"search_term_string\"}}],\"inLanguage\":\"ca\"},{\"@type\":\"Organization\",\"@id\":\"https:\/\/irodriguez.inscastellbisbal.net\/#organization\",\"name\":\"Ivan Rodriguez Jimenez\",\"url\":\"https:\/\/irodriguez.inscastellbisbal.net\/\",\"logo\":{\"@type\":\"ImageObject\",\"inLanguage\":\"ca\",\"@id\":\"https:\/\/irodriguez.inscastellbisbal.net\/#\/schema\/logo\/image\/\",\"url\":\"https:\/\/irodriguez.inscastellbisbal.net\/wp-content\/uploads\/2025\/09\/cropped-cropped-ChatGPT-Image-Sep-19-2025-08_40_26-AM.jpg\",\"contentUrl\":\"https:\/\/irodriguez.inscastellbisbal.net\/wp-content\/uploads\/2025\/09\/cropped-cropped-ChatGPT-Image-Sep-19-2025-08_40_26-AM.jpg\",\"width\":1536,\"height\":1024,\"caption\":\"Ivan Rodriguez Jimenez\"},\"image\":{\"@id\":\"https:\/\/irodriguez.inscastellbisbal.net\/#\/schema\/logo\/image\/\"}}]}<\/script>\n<!-- \/ Yoast SEO plugin. -->","yoast_head_json":{"title":"Securitzaci\u00f3 del WordPress - Ivan Rodriguez Jimenez","robots":{"index":"index","follow":"follow","max-snippet":"max-snippet:-1","max-image-preview":"max-image-preview:large","max-video-preview":"max-video-preview:-1"},"canonical":"https:\/\/irodriguez.inscastellbisbal.net\/?page_id=416","og_locale":"ca_ES","og_type":"article","og_title":"Securitzaci\u00f3 del WordPress - Ivan Rodriguez Jimenez","og_description":"Cerques al teu navegador web word press clicques al primer enlla\u00e7 que et surt i a dalt a la dreta tens iniciar seri\u00f3 la inicies &hellip;","og_url":"https:\/\/irodriguez.inscastellbisbal.net\/?page_id=416","og_site_name":"Ivan Rodriguez Jimenez","article_modified_time":"2025-10-03T06:15:06+00:00","og_image":[{"width":1890,"height":890,"url":"https:\/\/irodriguez.inscastellbisbal.net\/wp-content\/uploads\/2025\/09\/image-69.png","type":"image\/png"}],"twitter_card":"summary_large_image","twitter_misc":{"Temps estimat de lectura":"1 minut"},"schema":{"@context":"https:\/\/schema.org","@graph":[{"@type":"WebPage","@id":"https:\/\/irodriguez.inscastellbisbal.net\/?page_id=416","url":"https:\/\/irodriguez.inscastellbisbal.net\/?page_id=416","name":"Securitzaci\u00f3 del WordPress - Ivan Rodriguez Jimenez","isPartOf":{"@id":"https:\/\/irodriguez.inscastellbisbal.net\/#website"},"primaryImageOfPage":{"@id":"https:\/\/irodriguez.inscastellbisbal.net\/?page_id=416#primaryimage"},"image":{"@id":"https:\/\/irodriguez.inscastellbisbal.net\/?page_id=416#primaryimage"},"thumbnailUrl":"https:\/\/irodriguez.inscastellbisbal.net\/wp-content\/uploads\/2025\/09\/image-69-1024x482.png","datePublished":"2025-09-23T11:44:09+00:00","dateModified":"2025-10-03T06:15:06+00:00","breadcrumb":{"@id":"https:\/\/irodriguez.inscastellbisbal.net\/?page_id=416#breadcrumb"},"inLanguage":"ca","potentialAction":[{"@type":"ReadAction","target":["https:\/\/irodriguez.inscastellbisbal.net\/?page_id=416"]}]},{"@type":"ImageObject","inLanguage":"ca","@id":"https:\/\/irodriguez.inscastellbisbal.net\/?page_id=416#primaryimage","url":"https:\/\/irodriguez.inscastellbisbal.net\/wp-content\/uploads\/2025\/09\/image-69.png","contentUrl":"https:\/\/irodriguez.inscastellbisbal.net\/wp-content\/uploads\/2025\/09\/image-69.png","width":1890,"height":890},{"@type":"BreadcrumbList","@id":"https:\/\/irodriguez.inscastellbisbal.net\/?page_id=416#breadcrumb","itemListElement":[{"@type":"ListItem","position":1,"name":"Inici","item":"https:\/\/irodriguez.inscastellbisbal.net\/"},{"@type":"ListItem","position":2,"name":"Repte 1.1","item":"https:\/\/irodriguez.inscastellbisbal.net\/?page_id=245"},{"@type":"ListItem","position":3,"name":"Portfoli digital","item":"https:\/\/irodriguez.inscastellbisbal.net\/?page_id=266"},{"@type":"ListItem","position":4,"name":"Securitzaci\u00f3 del WordPress"}]},{"@type":"WebSite","@id":"https:\/\/irodriguez.inscastellbisbal.net\/#website","url":"https:\/\/irodriguez.inscastellbisbal.net\/","name":"Ivan Rodriguez Jimenez","description":"Hola, em dic Iv\u00e1n, tinc 16 anys i actualment estic cursant el meu primer any de cicle formatiu en inform\u00e0tica.  En aquest espai anir\u00e9 compartint el que aprenc: des de conceptes b\u00e0sics de maquinari i programari, fins a programaci\u00f3, xarxes i projectes personals. El meu objectiu \u00e9s anar creixent pas a pas en aquest m\u00f3n de la tecnologia i, al hora, deixar aqu\u00ed un registre del meu progr\u00e9s.  Espero que trobis interessant el contingut i que aquest rac\u00f3 sigui \u00fatil tant per a mi com per a qualsevol que tamb\u00e9 estigui comen\u00e7ant al cam\u00ed de la inform\u00e0tica.","publisher":{"@id":"https:\/\/irodriguez.inscastellbisbal.net\/#organization"},"potentialAction":[{"@type":"SearchAction","target":{"@type":"EntryPoint","urlTemplate":"https:\/\/irodriguez.inscastellbisbal.net\/?s={search_term_string}"},"query-input":{"@type":"PropertyValueSpecification","valueRequired":true,"valueName":"search_term_string"}}],"inLanguage":"ca"},{"@type":"Organization","@id":"https:\/\/irodriguez.inscastellbisbal.net\/#organization","name":"Ivan Rodriguez Jimenez","url":"https:\/\/irodriguez.inscastellbisbal.net\/","logo":{"@type":"ImageObject","inLanguage":"ca","@id":"https:\/\/irodriguez.inscastellbisbal.net\/#\/schema\/logo\/image\/","url":"https:\/\/irodriguez.inscastellbisbal.net\/wp-content\/uploads\/2025\/09\/cropped-cropped-ChatGPT-Image-Sep-19-2025-08_40_26-AM.jpg","contentUrl":"https:\/\/irodriguez.inscastellbisbal.net\/wp-content\/uploads\/2025\/09\/cropped-cropped-ChatGPT-Image-Sep-19-2025-08_40_26-AM.jpg","width":1536,"height":1024,"caption":"Ivan Rodriguez Jimenez"},"image":{"@id":"https:\/\/irodriguez.inscastellbisbal.net\/#\/schema\/logo\/image\/"}}]}},"_links":{"self":[{"href":"https:\/\/irodriguez.inscastellbisbal.net\/index.php?rest_route=\/wp\/v2\/pages\/416","targetHints":{"allow":["GET"]}}],"collection":[{"href":"https:\/\/irodriguez.inscastellbisbal.net\/index.php?rest_route=\/wp\/v2\/pages"}],"about":[{"href":"https:\/\/irodriguez.inscastellbisbal.net\/index.php?rest_route=\/wp\/v2\/types\/page"}],"author":[{"embeddable":true,"href":"https:\/\/irodriguez.inscastellbisbal.net\/index.php?rest_route=\/wp\/v2\/users\/1"}],"replies":[{"embeddable":true,"href":"https:\/\/irodriguez.inscastellbisbal.net\/index.php?rest_route=%2Fwp%2Fv2%2Fcomments&post=416"}],"version-history":[{"count":5,"href":"https:\/\/irodriguez.inscastellbisbal.net\/index.php?rest_route=\/wp\/v2\/pages\/416\/revisions"}],"predecessor-version":[{"id":710,"href":"https:\/\/irodriguez.inscastellbisbal.net\/index.php?rest_route=\/wp\/v2\/pages\/416\/revisions\/710"}],"up":[{"embeddable":true,"href":"https:\/\/irodriguez.inscastellbisbal.net\/index.php?rest_route=\/wp\/v2\/pages\/266"}],"wp:attachment":[{"href":"https:\/\/irodriguez.inscastellbisbal.net\/index.php?rest_route=%2Fwp%2Fv2%2Fmedia&parent=416"}],"curies":[{"name":"wp","href":"https:\/\/api.w.org\/{rel}","templated":true}]}}