{"id":581,"date":"2025-09-25T09:35:19","date_gmt":"2025-09-25T09:35:19","guid":{"rendered":"https:\/\/irodriguez.inscastellbisbal.net\/?page_id=581"},"modified":"2026-04-13T08:52:56","modified_gmt":"2026-04-13T08:52:56","slug":"comparativa-de-gestors-de-fitxers-al-nuvol","status":"publish","type":"page","link":"https:\/\/irodriguez.inscastellbisbal.net\/?page_id=581","title":{"rendered":"Comparativa de gestors de fitxers al n\u00favol"},"content":{"rendered":"\n<h4 class=\"wp-block-heading\">Serveis d\u2019emmagatzematge:<\/h4>\n\n\n\n<ul class=\"wp-block-list\">\n<li>Google Drive<\/li>\n\n\n\n<li>Dropbox<\/li>\n\n\n\n<li>OneDrive<\/li>\n\n\n\n<li>Mega<\/li>\n\n\n\n<li>iCloud<\/li>\n<\/ul>\n\n\n\n<p>Google Drive<\/p>\n\n\n\n<p>Google Drive t\u00e9 una capacitat de 15 GB de mem\u00f2ria gratu\u00efts, en cas d\u2019utilitzar tot l\u2019espai hi ha l\u2019opci\u00f3 de pagar una quota d\u20191,99\u202f\u20ac al mes a canvi de 100 GB de mem\u00f2ria. L\u2019empresa que proporciona aquests serveis \u00e9s Google la qual t\u00e9 serveis similars amb Gmail i Google Fotos.<\/p>\n\n\n\n<p>Dropbox<\/p>\n\n\n\n<p>Dropbox t\u00e9 un servei de 2 GB de mem\u00f2ria gratu\u00eft que pot augmentar a 2 TB, amb una quota d\u201911,99 \u20ac al mes, que encara ser m\u00e9s car comparat amb altres serveis est\u00e0 molt b\u00e9, Dropbox Inc. \u00e9s l\u2019encarregada de proporcionar aquests serveis d\u2019emmagatzematge.<\/p>\n\n\n\n<p>OneDrive<\/p>\n\n\n\n<p>OneDrive t\u00e9 una capacitat de 5 GB gratu\u00efts els quals es poden augmentar pagant una quota d2 2 \u20ac al mes a canvi de 100 GB amb una bonificaci\u00f3 la qual inclou Microsoft 365, aquest servei es podria comparar amb els de Google Drive, encara que Google Drive el superaria pels 10 GB de m\u00e9s i el c\u00e8ntim de m\u00e9s. Aquest servei pertany a l\u2019empresa Microsoft la qual \u00e9s l\u2019encarregada de donar els serveis a la vegada que donar suport a problemes.<\/p>\n\n\n\n<p>Mega<\/p>\n\n\n\n<p>Mega ofereix un servei gratu\u00eft de 20 GB el qual es pot ampliar a 400 GB per una quantitat de 4,99 \u20ac al mes o a 2 TB per 9,99 \u20ac. En aquest \u00faltim pla sortirien a 100 GB a menys de 0,50 \u20ac. L\u2019empresa que proporciona aquests serveis d\u2019emmagatzematge \u00e9s Mega Limited situada a Nova Zelanda.<\/p>\n\n\n\n<p>iCloud<\/p>\n\n\n\n<p>iCloud t\u00e9 un servei de 5 GB de forma gratu\u00efta encara que nom\u00e9s per als usuaris de productes d\u2019Apple, en cas d\u2019ocupar aquest espai tenen un pla que proporciona 50 GB per 0,99 \u20ac \u00e9s que serien 100 GB per menys de 2 \u20ac, com ja s\u2019ha mencionat abans l\u2019empresa encarregada d\u2019aquests serveis \u00e9s Apple.<\/p>\n\n\n\n<hr class=\"wp-block-separator has-alpha-channel-opacity\"\/>\n","protected":false},"excerpt":{"rendered":"<p>Serveis d\u2019emmagatzematge: Google Drive Google Drive t\u00e9 una capacitat de 15 GB de mem\u00f2ria gratu\u00efts, en cas d\u2019utilitzar tot l\u2019espai hi ha l\u2019opci\u00f3 de pagar &hellip;<\/p>\n","protected":false},"author":1,"featured_media":0,"parent":275,"menu_order":0,"comment_status":"closed","ping_status":"closed","template":"","meta":{"footnotes":""},"class_list":["post-581","page","type-page","status-publish","hentry"],"yoast_head":"<!-- This site is optimized with the Yoast SEO plugin v27.0 - https:\/\/yoast.com\/product\/yoast-seo-wordpress\/ -->\n<title>Comparativa de gestors de fitxers al n\u00favol - Ivan Rodriguez Jimenez<\/title>\n<meta name=\"robots\" content=\"index, follow, max-snippet:-1, max-image-preview:large, max-video-preview:-1\" \/>\n<link rel=\"canonical\" href=\"https:\/\/irodriguez.inscastellbisbal.net\/?page_id=581\" \/>\n<meta property=\"og:locale\" content=\"ca_ES\" \/>\n<meta property=\"og:type\" content=\"article\" \/>\n<meta property=\"og:title\" content=\"Comparativa de gestors de fitxers al n\u00favol - Ivan Rodriguez Jimenez\" \/>\n<meta property=\"og:description\" content=\"Serveis d\u2019emmagatzematge: Google Drive Google Drive t\u00e9 una capacitat de 15 GB de mem\u00f2ria gratu\u00efts, en cas d\u2019utilitzar tot l\u2019espai hi ha l\u2019opci\u00f3 de pagar &hellip;\" \/>\n<meta property=\"og:url\" content=\"https:\/\/irodriguez.inscastellbisbal.net\/?page_id=581\" \/>\n<meta property=\"og:site_name\" content=\"Ivan Rodriguez Jimenez\" \/>\n<meta property=\"article:modified_time\" content=\"2026-04-13T08:52:56+00:00\" \/>\n<meta name=\"twitter:card\" content=\"summary_large_image\" \/>\n<meta name=\"twitter:label1\" content=\"Temps estimat de lectura\" \/>\n\t<meta name=\"twitter:data1\" content=\"2 minuts\" \/>\n<script type=\"application\/ld+json\" class=\"yoast-schema-graph\">{\"@context\":\"https:\/\/schema.org\",\"@graph\":[{\"@type\":\"WebPage\",\"@id\":\"https:\/\/irodriguez.inscastellbisbal.net\/?page_id=581\",\"url\":\"https:\/\/irodriguez.inscastellbisbal.net\/?page_id=581\",\"name\":\"Comparativa de gestors de fitxers al n\u00favol - Ivan Rodriguez Jimenez\",\"isPartOf\":{\"@id\":\"https:\/\/irodriguez.inscastellbisbal.net\/#website\"},\"datePublished\":\"2025-09-25T09:35:19+00:00\",\"dateModified\":\"2026-04-13T08:52:56+00:00\",\"breadcrumb\":{\"@id\":\"https:\/\/irodriguez.inscastellbisbal.net\/?page_id=581#breadcrumb\"},\"inLanguage\":\"ca\",\"potentialAction\":[{\"@type\":\"ReadAction\",\"target\":[\"https:\/\/irodriguez.inscastellbisbal.net\/?page_id=581\"]}]},{\"@type\":\"BreadcrumbList\",\"@id\":\"https:\/\/irodriguez.inscastellbisbal.net\/?page_id=581#breadcrumb\",\"itemListElement\":[{\"@type\":\"ListItem\",\"position\":1,\"name\":\"Inici\",\"item\":\"https:\/\/irodriguez.inscastellbisbal.net\/\"},{\"@type\":\"ListItem\",\"position\":2,\"name\":\"SMX1\",\"item\":\"https:\/\/irodriguez.inscastellbisbal.net\/?page_id=1205\"},{\"@type\":\"ListItem\",\"position\":3,\"name\":\"Repte 1.1\",\"item\":\"https:\/\/irodriguez.inscastellbisbal.net\/?page_id=245\"},{\"@type\":\"ListItem\",\"position\":4,\"name\":\"Espai de treball al n\u00favol\",\"item\":\"https:\/\/irodriguez.inscastellbisbal.net\/?page_id=275\"},{\"@type\":\"ListItem\",\"position\":5,\"name\":\"Comparativa de gestors de fitxers al n\u00favol\"}]},{\"@type\":\"WebSite\",\"@id\":\"https:\/\/irodriguez.inscastellbisbal.net\/#website\",\"url\":\"https:\/\/irodriguez.inscastellbisbal.net\/\",\"name\":\"Ivan Rodriguez Jimenez\",\"description\":\"Hola, em dic Iv\u00e1n, tinc 16 anys i actualment estic cursant el meu primer any de cicle formatiu en inform\u00e0tica.  En aquest espai anir\u00e9 compartint el que aprenc: des de conceptes b\u00e0sics de maquinari i programari, fins a programaci\u00f3, xarxes i projectes personals. El meu objectiu \u00e9s anar creixent pas a pas en aquest m\u00f3n de la tecnologia i, al hora, deixar aqu\u00ed un registre del meu progr\u00e9s.  Espero que trobis interessant el contingut i que aquest rac\u00f3 sigui \u00fatil tant per a mi com per a qualsevol que tamb\u00e9 estigui comen\u00e7ant al cam\u00ed de la inform\u00e0tica.\",\"publisher\":{\"@id\":\"https:\/\/irodriguez.inscastellbisbal.net\/#organization\"},\"potentialAction\":[{\"@type\":\"SearchAction\",\"target\":{\"@type\":\"EntryPoint\",\"urlTemplate\":\"https:\/\/irodriguez.inscastellbisbal.net\/?s={search_term_string}\"},\"query-input\":{\"@type\":\"PropertyValueSpecification\",\"valueRequired\":true,\"valueName\":\"search_term_string\"}}],\"inLanguage\":\"ca\"},{\"@type\":\"Organization\",\"@id\":\"https:\/\/irodriguez.inscastellbisbal.net\/#organization\",\"name\":\"Ivan Rodriguez Jimenez\",\"url\":\"https:\/\/irodriguez.inscastellbisbal.net\/\",\"logo\":{\"@type\":\"ImageObject\",\"inLanguage\":\"ca\",\"@id\":\"https:\/\/irodriguez.inscastellbisbal.net\/#\/schema\/logo\/image\/\",\"url\":\"https:\/\/irodriguez.inscastellbisbal.net\/wp-content\/uploads\/2025\/09\/cropped-cropped-ChatGPT-Image-Sep-19-2025-08_40_26-AM.jpg\",\"contentUrl\":\"https:\/\/irodriguez.inscastellbisbal.net\/wp-content\/uploads\/2025\/09\/cropped-cropped-ChatGPT-Image-Sep-19-2025-08_40_26-AM.jpg\",\"width\":1536,\"height\":1024,\"caption\":\"Ivan Rodriguez Jimenez\"},\"image\":{\"@id\":\"https:\/\/irodriguez.inscastellbisbal.net\/#\/schema\/logo\/image\/\"}}]}<\/script>\n<!-- \/ Yoast SEO plugin. -->","yoast_head_json":{"title":"Comparativa de gestors de fitxers al n\u00favol - Ivan Rodriguez Jimenez","robots":{"index":"index","follow":"follow","max-snippet":"max-snippet:-1","max-image-preview":"max-image-preview:large","max-video-preview":"max-video-preview:-1"},"canonical":"https:\/\/irodriguez.inscastellbisbal.net\/?page_id=581","og_locale":"ca_ES","og_type":"article","og_title":"Comparativa de gestors de fitxers al n\u00favol - Ivan Rodriguez Jimenez","og_description":"Serveis d\u2019emmagatzematge: Google Drive Google Drive t\u00e9 una capacitat de 15 GB de mem\u00f2ria gratu\u00efts, en cas d\u2019utilitzar tot l\u2019espai hi ha l\u2019opci\u00f3 de pagar &hellip;","og_url":"https:\/\/irodriguez.inscastellbisbal.net\/?page_id=581","og_site_name":"Ivan Rodriguez Jimenez","article_modified_time":"2026-04-13T08:52:56+00:00","twitter_card":"summary_large_image","twitter_misc":{"Temps estimat de lectura":"2 minuts"},"schema":{"@context":"https:\/\/schema.org","@graph":[{"@type":"WebPage","@id":"https:\/\/irodriguez.inscastellbisbal.net\/?page_id=581","url":"https:\/\/irodriguez.inscastellbisbal.net\/?page_id=581","name":"Comparativa de gestors de fitxers al n\u00favol - Ivan Rodriguez Jimenez","isPartOf":{"@id":"https:\/\/irodriguez.inscastellbisbal.net\/#website"},"datePublished":"2025-09-25T09:35:19+00:00","dateModified":"2026-04-13T08:52:56+00:00","breadcrumb":{"@id":"https:\/\/irodriguez.inscastellbisbal.net\/?page_id=581#breadcrumb"},"inLanguage":"ca","potentialAction":[{"@type":"ReadAction","target":["https:\/\/irodriguez.inscastellbisbal.net\/?page_id=581"]}]},{"@type":"BreadcrumbList","@id":"https:\/\/irodriguez.inscastellbisbal.net\/?page_id=581#breadcrumb","itemListElement":[{"@type":"ListItem","position":1,"name":"Inici","item":"https:\/\/irodriguez.inscastellbisbal.net\/"},{"@type":"ListItem","position":2,"name":"SMX1","item":"https:\/\/irodriguez.inscastellbisbal.net\/?page_id=1205"},{"@type":"ListItem","position":3,"name":"Repte 1.1","item":"https:\/\/irodriguez.inscastellbisbal.net\/?page_id=245"},{"@type":"ListItem","position":4,"name":"Espai de treball al n\u00favol","item":"https:\/\/irodriguez.inscastellbisbal.net\/?page_id=275"},{"@type":"ListItem","position":5,"name":"Comparativa de gestors de fitxers al n\u00favol"}]},{"@type":"WebSite","@id":"https:\/\/irodriguez.inscastellbisbal.net\/#website","url":"https:\/\/irodriguez.inscastellbisbal.net\/","name":"Ivan Rodriguez Jimenez","description":"Hola, em dic Iv\u00e1n, tinc 16 anys i actualment estic cursant el meu primer any de cicle formatiu en inform\u00e0tica.  En aquest espai anir\u00e9 compartint el que aprenc: des de conceptes b\u00e0sics de maquinari i programari, fins a programaci\u00f3, xarxes i projectes personals. El meu objectiu \u00e9s anar creixent pas a pas en aquest m\u00f3n de la tecnologia i, al hora, deixar aqu\u00ed un registre del meu progr\u00e9s.  Espero que trobis interessant el contingut i que aquest rac\u00f3 sigui \u00fatil tant per a mi com per a qualsevol que tamb\u00e9 estigui comen\u00e7ant al cam\u00ed de la inform\u00e0tica.","publisher":{"@id":"https:\/\/irodriguez.inscastellbisbal.net\/#organization"},"potentialAction":[{"@type":"SearchAction","target":{"@type":"EntryPoint","urlTemplate":"https:\/\/irodriguez.inscastellbisbal.net\/?s={search_term_string}"},"query-input":{"@type":"PropertyValueSpecification","valueRequired":true,"valueName":"search_term_string"}}],"inLanguage":"ca"},{"@type":"Organization","@id":"https:\/\/irodriguez.inscastellbisbal.net\/#organization","name":"Ivan Rodriguez Jimenez","url":"https:\/\/irodriguez.inscastellbisbal.net\/","logo":{"@type":"ImageObject","inLanguage":"ca","@id":"https:\/\/irodriguez.inscastellbisbal.net\/#\/schema\/logo\/image\/","url":"https:\/\/irodriguez.inscastellbisbal.net\/wp-content\/uploads\/2025\/09\/cropped-cropped-ChatGPT-Image-Sep-19-2025-08_40_26-AM.jpg","contentUrl":"https:\/\/irodriguez.inscastellbisbal.net\/wp-content\/uploads\/2025\/09\/cropped-cropped-ChatGPT-Image-Sep-19-2025-08_40_26-AM.jpg","width":1536,"height":1024,"caption":"Ivan Rodriguez Jimenez"},"image":{"@id":"https:\/\/irodriguez.inscastellbisbal.net\/#\/schema\/logo\/image\/"}}]}},"_links":{"self":[{"href":"https:\/\/irodriguez.inscastellbisbal.net\/index.php?rest_route=\/wp\/v2\/pages\/581","targetHints":{"allow":["GET"]}}],"collection":[{"href":"https:\/\/irodriguez.inscastellbisbal.net\/index.php?rest_route=\/wp\/v2\/pages"}],"about":[{"href":"https:\/\/irodriguez.inscastellbisbal.net\/index.php?rest_route=\/wp\/v2\/types\/page"}],"author":[{"embeddable":true,"href":"https:\/\/irodriguez.inscastellbisbal.net\/index.php?rest_route=\/wp\/v2\/users\/1"}],"replies":[{"embeddable":true,"href":"https:\/\/irodriguez.inscastellbisbal.net\/index.php?rest_route=%2Fwp%2Fv2%2Fcomments&post=581"}],"version-history":[{"count":7,"href":"https:\/\/irodriguez.inscastellbisbal.net\/index.php?rest_route=\/wp\/v2\/pages\/581\/revisions"}],"predecessor-version":[{"id":2048,"href":"https:\/\/irodriguez.inscastellbisbal.net\/index.php?rest_route=\/wp\/v2\/pages\/581\/revisions\/2048"}],"up":[{"embeddable":true,"href":"https:\/\/irodriguez.inscastellbisbal.net\/index.php?rest_route=\/wp\/v2\/pages\/275"}],"wp:attachment":[{"href":"https:\/\/irodriguez.inscastellbisbal.net\/index.php?rest_route=%2Fwp%2Fv2%2Fmedia&parent=581"}],"curies":[{"name":"wp","href":"https:\/\/api.w.org\/{rel}","templated":true}]}}