{"id":900,"date":"2025-10-22T11:03:27","date_gmt":"2025-10-22T11:03:27","guid":{"rendered":"https:\/\/irodriguez.inscastellbisbal.net\/?page_id=900"},"modified":"2026-01-16T08:17:45","modified_gmt":"2026-01-16T08:17:45","slug":"configuracio-de-privilegis","status":"publish","type":"page","link":"https:\/\/irodriguez.inscastellbisbal.net\/?page_id=900","title":{"rendered":"Configuraci\u00f3 de privilegis"},"content":{"rendered":"\n<p>En primer lloc, hem configurat els usuaris de l\u2019equip perqu\u00e8 tinguin tots els permisos necessaris per executar qualsevol comanda amb privilegis d\u2019administrador. Per aconseguir-ho, vam utilitzar la comanda <strong>sudo visudo<\/strong> amb l\u2019usuari principal. Aquesta eina obre el fitxer de configuraci\u00f3 del sistema on es poden afegir o modificar els permisos de <em>sudo<\/em> per a determinats usuaris o grups.<\/p>\n\n\n\n<figure class=\"wp-block-image size-large is-resized\"><img fetchpriority=\"high\" decoding=\"async\" width=\"1024\" height=\"768\" src=\"https:\/\/irodriguez.inscastellbisbal.net\/wp-content\/uploads\/2025\/11\/20251112_1302571-1024x768.jpg\" alt=\"\" class=\"wp-image-1035\" style=\"width:575px;height:auto\" srcset=\"https:\/\/irodriguez.inscastellbisbal.net\/wp-content\/uploads\/2025\/11\/20251112_1302571-1024x768.jpg 1024w, https:\/\/irodriguez.inscastellbisbal.net\/wp-content\/uploads\/2025\/11\/20251112_1302571-300x225.jpg 300w, https:\/\/irodriguez.inscastellbisbal.net\/wp-content\/uploads\/2025\/11\/20251112_1302571-768x576.jpg 768w, https:\/\/irodriguez.inscastellbisbal.net\/wp-content\/uploads\/2025\/11\/20251112_1302571-1536x1152.jpg 1536w, https:\/\/irodriguez.inscastellbisbal.net\/wp-content\/uploads\/2025\/11\/20251112_1302571-2048x1536.jpg 2048w, https:\/\/irodriguez.inscastellbisbal.net\/wp-content\/uploads\/2025\/11\/20251112_1302571-400x300.jpg 400w\" sizes=\"(max-width: 1024px) 100vw, 1024px\" \/><\/figure>\n\n\n\n<p>A continuaci\u00f3, hem establert la configuraci\u00f3 dels privilegis al fitxer <strong>\/etc\/sudoers<\/strong>. En aquest fitxer, s\u2019ha afegit l\u2019usuari <em>major<\/em> amb permisos restringits per gestionar serveis i aspectes de la xarxa mitjan\u00e7ant l\u2019\u00e0lies REDSER, mentre que al grup equip5, format pels usuaris principals del nostre equip, se li han concedit privilegis complets. D\u2019aquesta manera, es garanteix una gesti\u00f3 segura i controlada dels permisos dins del sistema.<\/p>\n\n\n\n<figure class=\"wp-block-image size-large is-resized\"><img decoding=\"async\" width=\"1024\" height=\"768\" src=\"https:\/\/irodriguez.inscastellbisbal.net\/wp-content\/uploads\/2025\/11\/20251112_1303301-1024x768.jpg\" alt=\"\" class=\"wp-image-1034\" style=\"width:559px;height:auto\" srcset=\"https:\/\/irodriguez.inscastellbisbal.net\/wp-content\/uploads\/2025\/11\/20251112_1303301-1024x768.jpg 1024w, https:\/\/irodriguez.inscastellbisbal.net\/wp-content\/uploads\/2025\/11\/20251112_1303301-300x225.jpg 300w, https:\/\/irodriguez.inscastellbisbal.net\/wp-content\/uploads\/2025\/11\/20251112_1303301-768x576.jpg 768w, https:\/\/irodriguez.inscastellbisbal.net\/wp-content\/uploads\/2025\/11\/20251112_1303301-1536x1152.jpg 1536w, https:\/\/irodriguez.inscastellbisbal.net\/wp-content\/uploads\/2025\/11\/20251112_1303301-2048x1536.jpg 2048w, https:\/\/irodriguez.inscastellbisbal.net\/wp-content\/uploads\/2025\/11\/20251112_1303301-400x300.jpg 400w\" sizes=\"(max-width: 1024px) 100vw, 1024px\" \/><\/figure>\n\n\n\n<p>En aquesta imatge es pot observar la verificaci\u00f3 pr\u00e0ctica dels privilegis configurats. En primer lloc, l\u2019usuari <strong>s\u00faper<\/strong> intenta executar la comanda <code>sudo apt update<\/code>, per\u00f2 el sistema retorna el missatge: Sorry<em>, user super is not allowed to execute \u2018\/usr\/local\/bin\/apt update\u2019 as root<\/em>Aix\u00f2 confirma que <strong>s\u00faper<\/strong> no disposa de permisos d\u2019administrador, tal com s\u2019estableix a la configuraci\u00f3. Tot seguit, s\u2019ha fet la prova amb l\u2019usuari Ivan, que forma part del grup <strong>equip5<\/strong> amb privilegis <a href=\"http:\/\/complets.Com\" target=\"_blank\" rel=\"noreferrer noopener\">complets.Com<\/a> es pot comprovar, la comanda <code>sudo apt update<\/code> s\u2019executa correctament i realitza l\u2019actualitzaci\u00f3 dels paquets del sistema. Aquesta comprovaci\u00f3 evidencia que la configuraci\u00f3 dels privilegis \u00e9s correcta i que nom\u00e9s els usuaris autoritzats poden executar ordres amb permisos administratius.<\/p>\n\n\n\n<figure class=\"wp-block-image size-large is-resized\"><img decoding=\"async\" width=\"1024\" height=\"768\" src=\"https:\/\/irodriguez.inscastellbisbal.net\/wp-content\/uploads\/2025\/11\/20251111_13261611-1024x768.jpg\" alt=\"\" class=\"wp-image-1036\" style=\"width:564px;height:auto\" srcset=\"https:\/\/irodriguez.inscastellbisbal.net\/wp-content\/uploads\/2025\/11\/20251111_13261611-1024x768.jpg 1024w, https:\/\/irodriguez.inscastellbisbal.net\/wp-content\/uploads\/2025\/11\/20251111_13261611-300x225.jpg 300w, https:\/\/irodriguez.inscastellbisbal.net\/wp-content\/uploads\/2025\/11\/20251111_13261611-768x576.jpg 768w, https:\/\/irodriguez.inscastellbisbal.net\/wp-content\/uploads\/2025\/11\/20251111_13261611-1536x1152.jpg 1536w, https:\/\/irodriguez.inscastellbisbal.net\/wp-content\/uploads\/2025\/11\/20251111_13261611-2048x1536.jpg 2048w, https:\/\/irodriguez.inscastellbisbal.net\/wp-content\/uploads\/2025\/11\/20251111_13261611-400x300.jpg 400w\" sizes=\"(max-width: 1024px) 100vw, 1024px\" \/><\/figure>\n\n\n\n<p>&nbsp;Comprovaci\u00f3 que l\u2019usuari <em>root<\/em> est\u00e0 deshabilitat.<br>En executar la comanda <code>su root<\/code> despr\u00e9s de fer <code>sudo usermod -L root<\/code>, el sistema mostra el missatge <em>\u00abAuthentication failure\u00bb<\/em>, indicant que el compte <em>root<\/em> no es pot utilitzar per iniciar sessi\u00f3.<\/p>\n\n\n\n<figure class=\"wp-block-image size-large is-resized\"><img loading=\"lazy\" decoding=\"async\" width=\"1024\" height=\"768\" src=\"https:\/\/irodriguez.inscastellbisbal.net\/wp-content\/uploads\/2025\/11\/20251110_1404551-1024x768.jpg\" alt=\"\" class=\"wp-image-1037\" style=\"width:596px;height:auto\" srcset=\"https:\/\/irodriguez.inscastellbisbal.net\/wp-content\/uploads\/2025\/11\/20251110_1404551-1024x768.jpg 1024w, https:\/\/irodriguez.inscastellbisbal.net\/wp-content\/uploads\/2025\/11\/20251110_1404551-300x225.jpg 300w, https:\/\/irodriguez.inscastellbisbal.net\/wp-content\/uploads\/2025\/11\/20251110_1404551-768x576.jpg 768w, https:\/\/irodriguez.inscastellbisbal.net\/wp-content\/uploads\/2025\/11\/20251110_1404551-1536x1152.jpg 1536w, https:\/\/irodriguez.inscastellbisbal.net\/wp-content\/uploads\/2025\/11\/20251110_1404551-2048x1536.jpg 2048w, https:\/\/irodriguez.inscastellbisbal.net\/wp-content\/uploads\/2025\/11\/20251110_1404551-400x300.jpg 400w\" sizes=\"(max-width: 1024px) 100vw, 1024px\" \/><\/figure>\n\n\n\n<p>Activaci\u00f3 i comprovaci\u00f3 del servei <em>NetworkManager<\/em>.<br>S\u2019observa que el servei est\u00e0 carregat i en execuci\u00f3 (<code>active (running)<\/code>), confirmant-ne el funcionament correcte.<\/p>\n\n\n\n<figure class=\"wp-block-image size-large is-resized\"><img loading=\"lazy\" decoding=\"async\" width=\"1024\" height=\"768\" src=\"https:\/\/irodriguez.inscastellbisbal.net\/wp-content\/uploads\/2025\/11\/20251111_1406291-1024x768.jpg\" alt=\"\" class=\"wp-image-1038\" style=\"width:753px;height:auto\" srcset=\"https:\/\/irodriguez.inscastellbisbal.net\/wp-content\/uploads\/2025\/11\/20251111_1406291-1024x768.jpg 1024w, https:\/\/irodriguez.inscastellbisbal.net\/wp-content\/uploads\/2025\/11\/20251111_1406291-300x225.jpg 300w, https:\/\/irodriguez.inscastellbisbal.net\/wp-content\/uploads\/2025\/11\/20251111_1406291-768x576.jpg 768w, https:\/\/irodriguez.inscastellbisbal.net\/wp-content\/uploads\/2025\/11\/20251111_1406291-1536x1152.jpg 1536w, https:\/\/irodriguez.inscastellbisbal.net\/wp-content\/uploads\/2025\/11\/20251111_1406291-2048x1536.jpg 2048w, https:\/\/irodriguez.inscastellbisbal.net\/wp-content\/uploads\/2025\/11\/20251111_1406291-400x300.jpg 400w\" sizes=\"(max-width: 1024px) 100vw, 1024px\" \/><\/figure>\n\n\n\n<p><br><\/p>\n","protected":false},"excerpt":{"rendered":"<p>En primer lloc, hem configurat els usuaris de l\u2019equip perqu\u00e8 tinguin tots els permisos necessaris per executar qualsevol comanda amb privilegis d\u2019administrador. Per aconseguir-ho, vam &hellip;<\/p>\n","protected":false},"author":1,"featured_media":0,"parent":891,"menu_order":0,"comment_status":"closed","ping_status":"closed","template":"","meta":{"footnotes":""},"class_list":["post-900","page","type-page","status-publish","hentry"],"yoast_head":"<!-- This site is optimized with the Yoast SEO plugin v27.0 - https:\/\/yoast.com\/product\/yoast-seo-wordpress\/ -->\n<title>Configuraci\u00f3 de privilegis - Ivan Rodriguez Jimenez<\/title>\n<meta name=\"robots\" content=\"index, follow, max-snippet:-1, max-image-preview:large, max-video-preview:-1\" \/>\n<link rel=\"canonical\" href=\"https:\/\/irodriguez.inscastellbisbal.net\/?page_id=900\" \/>\n<meta property=\"og:locale\" content=\"ca_ES\" \/>\n<meta property=\"og:type\" content=\"article\" \/>\n<meta property=\"og:title\" content=\"Configuraci\u00f3 de privilegis - Ivan Rodriguez Jimenez\" \/>\n<meta property=\"og:description\" content=\"En primer lloc, hem configurat els usuaris de l\u2019equip perqu\u00e8 tinguin tots els permisos necessaris per executar qualsevol comanda amb privilegis d\u2019administrador. Per aconseguir-ho, vam &hellip;\" \/>\n<meta property=\"og:url\" content=\"https:\/\/irodriguez.inscastellbisbal.net\/?page_id=900\" \/>\n<meta property=\"og:site_name\" content=\"Ivan Rodriguez Jimenez\" \/>\n<meta property=\"article:modified_time\" content=\"2026-01-16T08:17:45+00:00\" \/>\n<meta property=\"og:image\" content=\"https:\/\/irodriguez.inscastellbisbal.net\/wp-content\/uploads\/2025\/11\/20251112_1302571-scaled.jpg\" \/>\n\t<meta property=\"og:image:width\" content=\"2560\" \/>\n\t<meta property=\"og:image:height\" content=\"1920\" \/>\n\t<meta property=\"og:image:type\" content=\"image\/jpeg\" \/>\n<meta name=\"twitter:card\" content=\"summary_large_image\" \/>\n<meta name=\"twitter:label1\" content=\"Temps estimat de lectura\" \/>\n\t<meta name=\"twitter:data1\" content=\"3 minuts\" \/>\n<script type=\"application\/ld+json\" class=\"yoast-schema-graph\">{\"@context\":\"https:\/\/schema.org\",\"@graph\":[{\"@type\":\"WebPage\",\"@id\":\"https:\/\/irodriguez.inscastellbisbal.net\/?page_id=900\",\"url\":\"https:\/\/irodriguez.inscastellbisbal.net\/?page_id=900\",\"name\":\"Configuraci\u00f3 de privilegis - Ivan Rodriguez Jimenez\",\"isPartOf\":{\"@id\":\"https:\/\/irodriguez.inscastellbisbal.net\/#website\"},\"primaryImageOfPage\":{\"@id\":\"https:\/\/irodriguez.inscastellbisbal.net\/?page_id=900#primaryimage\"},\"image\":{\"@id\":\"https:\/\/irodriguez.inscastellbisbal.net\/?page_id=900#primaryimage\"},\"thumbnailUrl\":\"https:\/\/irodriguez.inscastellbisbal.net\/wp-content\/uploads\/2025\/11\/20251112_1302571-1024x768.jpg\",\"datePublished\":\"2025-10-22T11:03:27+00:00\",\"dateModified\":\"2026-01-16T08:17:45+00:00\",\"breadcrumb\":{\"@id\":\"https:\/\/irodriguez.inscastellbisbal.net\/?page_id=900#breadcrumb\"},\"inLanguage\":\"ca\",\"potentialAction\":[{\"@type\":\"ReadAction\",\"target\":[\"https:\/\/irodriguez.inscastellbisbal.net\/?page_id=900\"]}]},{\"@type\":\"ImageObject\",\"inLanguage\":\"ca\",\"@id\":\"https:\/\/irodriguez.inscastellbisbal.net\/?page_id=900#primaryimage\",\"url\":\"https:\/\/irodriguez.inscastellbisbal.net\/wp-content\/uploads\/2025\/11\/20251112_1302571-scaled.jpg\",\"contentUrl\":\"https:\/\/irodriguez.inscastellbisbal.net\/wp-content\/uploads\/2025\/11\/20251112_1302571-scaled.jpg\",\"width\":2560,\"height\":1920},{\"@type\":\"BreadcrumbList\",\"@id\":\"https:\/\/irodriguez.inscastellbisbal.net\/?page_id=900#breadcrumb\",\"itemListElement\":[{\"@type\":\"ListItem\",\"position\":1,\"name\":\"Inici\",\"item\":\"https:\/\/irodriguez.inscastellbisbal.net\/\"},{\"@type\":\"ListItem\",\"position\":2,\"name\":\"SMX1\",\"item\":\"https:\/\/irodriguez.inscastellbisbal.net\/?page_id=1205\"},{\"@type\":\"ListItem\",\"position\":3,\"name\":\"Repte 1.2\",\"item\":\"https:\/\/irodriguez.inscastellbisbal.net\/?page_id=822\"},{\"@type\":\"ListItem\",\"position\":4,\"name\":\"Sistema Operatiu client\",\"item\":\"https:\/\/irodriguez.inscastellbisbal.net\/?page_id=891\"},{\"@type\":\"ListItem\",\"position\":5,\"name\":\"Configuraci\u00f3 de privilegis\"}]},{\"@type\":\"WebSite\",\"@id\":\"https:\/\/irodriguez.inscastellbisbal.net\/#website\",\"url\":\"https:\/\/irodriguez.inscastellbisbal.net\/\",\"name\":\"Ivan Rodriguez Jimenez\",\"description\":\"Hola, em dic Iv\u00e1n, tinc 16 anys i actualment estic cursant el meu primer any de cicle formatiu en inform\u00e0tica.  En aquest espai anir\u00e9 compartint el que aprenc: des de conceptes b\u00e0sics de maquinari i programari, fins a programaci\u00f3, xarxes i projectes personals. El meu objectiu \u00e9s anar creixent pas a pas en aquest m\u00f3n de la tecnologia i, al hora, deixar aqu\u00ed un registre del meu progr\u00e9s.  Espero que trobis interessant el contingut i que aquest rac\u00f3 sigui \u00fatil tant per a mi com per a qualsevol que tamb\u00e9 estigui comen\u00e7ant al cam\u00ed de la inform\u00e0tica.\",\"publisher\":{\"@id\":\"https:\/\/irodriguez.inscastellbisbal.net\/#organization\"},\"potentialAction\":[{\"@type\":\"SearchAction\",\"target\":{\"@type\":\"EntryPoint\",\"urlTemplate\":\"https:\/\/irodriguez.inscastellbisbal.net\/?s={search_term_string}\"},\"query-input\":{\"@type\":\"PropertyValueSpecification\",\"valueRequired\":true,\"valueName\":\"search_term_string\"}}],\"inLanguage\":\"ca\"},{\"@type\":\"Organization\",\"@id\":\"https:\/\/irodriguez.inscastellbisbal.net\/#organization\",\"name\":\"Ivan Rodriguez Jimenez\",\"url\":\"https:\/\/irodriguez.inscastellbisbal.net\/\",\"logo\":{\"@type\":\"ImageObject\",\"inLanguage\":\"ca\",\"@id\":\"https:\/\/irodriguez.inscastellbisbal.net\/#\/schema\/logo\/image\/\",\"url\":\"https:\/\/irodriguez.inscastellbisbal.net\/wp-content\/uploads\/2025\/09\/cropped-cropped-ChatGPT-Image-Sep-19-2025-08_40_26-AM.jpg\",\"contentUrl\":\"https:\/\/irodriguez.inscastellbisbal.net\/wp-content\/uploads\/2025\/09\/cropped-cropped-ChatGPT-Image-Sep-19-2025-08_40_26-AM.jpg\",\"width\":1536,\"height\":1024,\"caption\":\"Ivan Rodriguez Jimenez\"},\"image\":{\"@id\":\"https:\/\/irodriguez.inscastellbisbal.net\/#\/schema\/logo\/image\/\"}}]}<\/script>\n<!-- \/ Yoast SEO plugin. -->","yoast_head_json":{"title":"Configuraci\u00f3 de privilegis - Ivan Rodriguez Jimenez","robots":{"index":"index","follow":"follow","max-snippet":"max-snippet:-1","max-image-preview":"max-image-preview:large","max-video-preview":"max-video-preview:-1"},"canonical":"https:\/\/irodriguez.inscastellbisbal.net\/?page_id=900","og_locale":"ca_ES","og_type":"article","og_title":"Configuraci\u00f3 de privilegis - Ivan Rodriguez Jimenez","og_description":"En primer lloc, hem configurat els usuaris de l\u2019equip perqu\u00e8 tinguin tots els permisos necessaris per executar qualsevol comanda amb privilegis d\u2019administrador. Per aconseguir-ho, vam &hellip;","og_url":"https:\/\/irodriguez.inscastellbisbal.net\/?page_id=900","og_site_name":"Ivan Rodriguez Jimenez","article_modified_time":"2026-01-16T08:17:45+00:00","og_image":[{"width":2560,"height":1920,"url":"https:\/\/irodriguez.inscastellbisbal.net\/wp-content\/uploads\/2025\/11\/20251112_1302571-scaled.jpg","type":"image\/jpeg"}],"twitter_card":"summary_large_image","twitter_misc":{"Temps estimat de lectura":"3 minuts"},"schema":{"@context":"https:\/\/schema.org","@graph":[{"@type":"WebPage","@id":"https:\/\/irodriguez.inscastellbisbal.net\/?page_id=900","url":"https:\/\/irodriguez.inscastellbisbal.net\/?page_id=900","name":"Configuraci\u00f3 de privilegis - Ivan Rodriguez Jimenez","isPartOf":{"@id":"https:\/\/irodriguez.inscastellbisbal.net\/#website"},"primaryImageOfPage":{"@id":"https:\/\/irodriguez.inscastellbisbal.net\/?page_id=900#primaryimage"},"image":{"@id":"https:\/\/irodriguez.inscastellbisbal.net\/?page_id=900#primaryimage"},"thumbnailUrl":"https:\/\/irodriguez.inscastellbisbal.net\/wp-content\/uploads\/2025\/11\/20251112_1302571-1024x768.jpg","datePublished":"2025-10-22T11:03:27+00:00","dateModified":"2026-01-16T08:17:45+00:00","breadcrumb":{"@id":"https:\/\/irodriguez.inscastellbisbal.net\/?page_id=900#breadcrumb"},"inLanguage":"ca","potentialAction":[{"@type":"ReadAction","target":["https:\/\/irodriguez.inscastellbisbal.net\/?page_id=900"]}]},{"@type":"ImageObject","inLanguage":"ca","@id":"https:\/\/irodriguez.inscastellbisbal.net\/?page_id=900#primaryimage","url":"https:\/\/irodriguez.inscastellbisbal.net\/wp-content\/uploads\/2025\/11\/20251112_1302571-scaled.jpg","contentUrl":"https:\/\/irodriguez.inscastellbisbal.net\/wp-content\/uploads\/2025\/11\/20251112_1302571-scaled.jpg","width":2560,"height":1920},{"@type":"BreadcrumbList","@id":"https:\/\/irodriguez.inscastellbisbal.net\/?page_id=900#breadcrumb","itemListElement":[{"@type":"ListItem","position":1,"name":"Inici","item":"https:\/\/irodriguez.inscastellbisbal.net\/"},{"@type":"ListItem","position":2,"name":"SMX1","item":"https:\/\/irodriguez.inscastellbisbal.net\/?page_id=1205"},{"@type":"ListItem","position":3,"name":"Repte 1.2","item":"https:\/\/irodriguez.inscastellbisbal.net\/?page_id=822"},{"@type":"ListItem","position":4,"name":"Sistema Operatiu client","item":"https:\/\/irodriguez.inscastellbisbal.net\/?page_id=891"},{"@type":"ListItem","position":5,"name":"Configuraci\u00f3 de privilegis"}]},{"@type":"WebSite","@id":"https:\/\/irodriguez.inscastellbisbal.net\/#website","url":"https:\/\/irodriguez.inscastellbisbal.net\/","name":"Ivan Rodriguez Jimenez","description":"Hola, em dic Iv\u00e1n, tinc 16 anys i actualment estic cursant el meu primer any de cicle formatiu en inform\u00e0tica.  En aquest espai anir\u00e9 compartint el que aprenc: des de conceptes b\u00e0sics de maquinari i programari, fins a programaci\u00f3, xarxes i projectes personals. El meu objectiu \u00e9s anar creixent pas a pas en aquest m\u00f3n de la tecnologia i, al hora, deixar aqu\u00ed un registre del meu progr\u00e9s.  Espero que trobis interessant el contingut i que aquest rac\u00f3 sigui \u00fatil tant per a mi com per a qualsevol que tamb\u00e9 estigui comen\u00e7ant al cam\u00ed de la inform\u00e0tica.","publisher":{"@id":"https:\/\/irodriguez.inscastellbisbal.net\/#organization"},"potentialAction":[{"@type":"SearchAction","target":{"@type":"EntryPoint","urlTemplate":"https:\/\/irodriguez.inscastellbisbal.net\/?s={search_term_string}"},"query-input":{"@type":"PropertyValueSpecification","valueRequired":true,"valueName":"search_term_string"}}],"inLanguage":"ca"},{"@type":"Organization","@id":"https:\/\/irodriguez.inscastellbisbal.net\/#organization","name":"Ivan Rodriguez Jimenez","url":"https:\/\/irodriguez.inscastellbisbal.net\/","logo":{"@type":"ImageObject","inLanguage":"ca","@id":"https:\/\/irodriguez.inscastellbisbal.net\/#\/schema\/logo\/image\/","url":"https:\/\/irodriguez.inscastellbisbal.net\/wp-content\/uploads\/2025\/09\/cropped-cropped-ChatGPT-Image-Sep-19-2025-08_40_26-AM.jpg","contentUrl":"https:\/\/irodriguez.inscastellbisbal.net\/wp-content\/uploads\/2025\/09\/cropped-cropped-ChatGPT-Image-Sep-19-2025-08_40_26-AM.jpg","width":1536,"height":1024,"caption":"Ivan Rodriguez Jimenez"},"image":{"@id":"https:\/\/irodriguez.inscastellbisbal.net\/#\/schema\/logo\/image\/"}}]}},"_links":{"self":[{"href":"https:\/\/irodriguez.inscastellbisbal.net\/index.php?rest_route=\/wp\/v2\/pages\/900","targetHints":{"allow":["GET"]}}],"collection":[{"href":"https:\/\/irodriguez.inscastellbisbal.net\/index.php?rest_route=\/wp\/v2\/pages"}],"about":[{"href":"https:\/\/irodriguez.inscastellbisbal.net\/index.php?rest_route=\/wp\/v2\/types\/page"}],"author":[{"embeddable":true,"href":"https:\/\/irodriguez.inscastellbisbal.net\/index.php?rest_route=\/wp\/v2\/users\/1"}],"replies":[{"embeddable":true,"href":"https:\/\/irodriguez.inscastellbisbal.net\/index.php?rest_route=%2Fwp%2Fv2%2Fcomments&post=900"}],"version-history":[{"count":4,"href":"https:\/\/irodriguez.inscastellbisbal.net\/index.php?rest_route=\/wp\/v2\/pages\/900\/revisions"}],"predecessor-version":[{"id":1308,"href":"https:\/\/irodriguez.inscastellbisbal.net\/index.php?rest_route=\/wp\/v2\/pages\/900\/revisions\/1308"}],"up":[{"embeddable":true,"href":"https:\/\/irodriguez.inscastellbisbal.net\/index.php?rest_route=\/wp\/v2\/pages\/891"}],"wp:attachment":[{"href":"https:\/\/irodriguez.inscastellbisbal.net\/index.php?rest_route=%2Fwp%2Fv2%2Fmedia&parent=900"}],"curies":[{"name":"wp","href":"https:\/\/api.w.org\/{rel}","templated":true}]}}