{"id":928,"date":"2025-10-22T12:02:09","date_gmt":"2025-10-22T12:02:09","guid":{"rendered":"https:\/\/irodriguez.inscastellbisbal.net\/?page_id=928"},"modified":"2025-11-12T10:02:50","modified_gmt":"2025-11-12T10:02:50","slug":"creacio-dusuaris-necessaris","status":"publish","type":"page","link":"https:\/\/irodriguez.inscastellbisbal.net\/?page_id=928","title":{"rendered":"Creaci\u00f3 d&#8217;usuaris necessaris"},"content":{"rendered":"\n<p>Primer de tot, <strong>agafeu <\/strong>l&#8217;estaci\u00f3 d&#8217;acoblament Ultraslim<strong>(Ultraslim Docking Station) <\/strong>i connecteu-hi l&#8217;<strong>ordinador <\/strong>i, a continuaci\u00f3, connecteu-hi l&#8217;<strong>USB <\/strong>on teniu <strong>instal\u00b7lat el Linux.<\/strong>Despr\u00e9s de connectar l&#8217;<strong>USB<\/strong>, el <strong>Linux <\/strong>apareixer\u00e0 a la p\u00e0gina.&nbsp;<\/p>\n\n\n\n<p><img fetchpriority=\"high\" decoding=\"async\" src=\"blob:https:\/\/irodriguez.inscastellbisbal.net\/5f2ef2cc-5b08-461f-9961-f88b55ed8d1c\" width=\"602\" height=\"451\">despr\u00e9s feu <strong>clic <\/strong>al <strong>Linux <\/strong>que teniu <strong>instal\u00b7lat<\/strong>.<\/p>\n\n\n\n<p><img decoding=\"async\" src=\"blob:https:\/\/irodriguez.inscastellbisbal.net\/315d6bf0-429f-4577-b274-d16840492244\" width=\"602\" height=\"451\">despr\u00e9s que aix\u00f2 aparegui a la p\u00e0gina, heu de seleccionar l&#8217;<strong>idioma <\/strong>que vulgueu.<\/p>\n\n\n\n<p><img decoding=\"async\" src=\"blob:https:\/\/irodriguez.inscastellbisbal.net\/52911377-243e-4cd5-8dd8-35635c84a541\" width=\"602\" height=\"451\">i despr\u00e9s has de <strong>seleccionar <\/strong>la disposici\u00f3 del <strong>teclat<\/strong>,<\/p>\n\n\n\n<p><img loading=\"lazy\" decoding=\"async\" src=\"blob:https:\/\/irodriguez.inscastellbisbal.net\/bd6a9fb0-25cc-40ef-8882-885fdacd4596\" width=\"602\" height=\"451\">i despr\u00e9s la <strong>instal\u00b7laci\u00f3 <\/strong>de c\u00f2decs multim\u00e8dia.<\/p>\n\n\n\n<p><img loading=\"lazy\" decoding=\"async\" src=\"blob:https:\/\/irodriguez.inscastellbisbal.net\/f7c2577a-4556-46ad-be73-de9301c45eca\" width=\"602\" height=\"451\">i despr\u00e9s la <strong>instal\u00b7laci\u00f3 <\/strong>del tipus de disc i la versi\u00f3 de <strong>Linux<\/strong><\/p>\n\n\n\n<p><strong><\/strong>i despr\u00e9s feu <strong>clic <\/strong>a l&#8217;opci\u00f3 de <strong>continuar<\/strong><\/p>\n\n\n\n<figure class=\"wp-block-image size-full\"><img loading=\"lazy\" decoding=\"async\" width=\"452\" height=\"339\" src=\"https:\/\/irodriguez.inscastellbisbal.net\/wp-content\/uploads\/2025\/11\/image-2.png\" alt=\"\" class=\"wp-image-1024\" srcset=\"https:\/\/irodriguez.inscastellbisbal.net\/wp-content\/uploads\/2025\/11\/image-2.png 452w, https:\/\/irodriguez.inscastellbisbal.net\/wp-content\/uploads\/2025\/11\/image-2-300x225.png 300w, https:\/\/irodriguez.inscastellbisbal.net\/wp-content\/uploads\/2025\/11\/image-2-400x300.png 400w\" sizes=\"(max-width: 452px) 100vw, 452px\" \/><\/figure>\n\n\n\n<p>despr\u00e9sd&#8217;aix\u00f2, heudeseleccionar lavostra<strong>ubicaci\u00f3<\/strong>, \u00e9sadir, enquinapartdel <strong>m\u00f3n<\/strong>, us trobeu i enquina<strong>ciutat<\/strong>, del <strong>pa\u00eds<\/strong>.<\/p>\n\n\n\n<figure class=\"wp-block-image size-full\"><img loading=\"lazy\" decoding=\"async\" width=\"452\" height=\"339\" src=\"https:\/\/irodriguez.inscastellbisbal.net\/wp-content\/uploads\/2025\/11\/image-4.png\" alt=\"\" class=\"wp-image-1026\" srcset=\"https:\/\/irodriguez.inscastellbisbal.net\/wp-content\/uploads\/2025\/11\/image-4.png 452w, https:\/\/irodriguez.inscastellbisbal.net\/wp-content\/uploads\/2025\/11\/image-4-300x225.png 300w, https:\/\/irodriguez.inscastellbisbal.net\/wp-content\/uploads\/2025\/11\/image-4-400x300.png 400w\" sizes=\"(max-width: 452px) 100vw, 452px\" \/><\/figure>\n\n\n\n<p>despr\u00e9sdetotaix\u00f2, heude<strong>nomenar<\/strong>el vostrenomd&#8217;<strong>usuari <\/strong>i una<strong>contrasenya<\/strong>fortaque recordeu,<\/p>\n\n\n\n<p><img loading=\"lazy\" decoding=\"async\" src=\"blob:https:\/\/irodriguez.inscastellbisbal.net\/84455efb-6856-4e22-925d-f470981bca0a\" width=\"602\" height=\"451\">i despr\u00e9s deixa que <strong>s&#8217;instal\u00b7li <\/strong>i espera fins que s&#8217;<strong>instal\u00b7li<\/strong><\/p>\n\n\n\n<figure class=\"wp-block-image size-full\"><img loading=\"lazy\" decoding=\"async\" width=\"452\" height=\"339\" src=\"https:\/\/irodriguez.inscastellbisbal.net\/wp-content\/uploads\/2025\/11\/image-3.png\" alt=\"\" class=\"wp-image-1025\" srcset=\"https:\/\/irodriguez.inscastellbisbal.net\/wp-content\/uploads\/2025\/11\/image-3.png 452w, https:\/\/irodriguez.inscastellbisbal.net\/wp-content\/uploads\/2025\/11\/image-3-300x225.png 300w, https:\/\/irodriguez.inscastellbisbal.net\/wp-content\/uploads\/2025\/11\/image-3-400x300.png 400w\" sizes=\"(max-width: 452px) 100vw, 452px\" \/><\/figure>\n\n\n\n<p>i ja est\u00e0, ja tens el teu <strong>usuari <\/strong>creat i <strong>recorda <\/strong>que no <strong>oblidis <\/strong>la <strong>contrasenya<\/strong>.<\/p>\n","protected":false},"excerpt":{"rendered":"<p>Primer de tot, agafeu l&#8217;estaci\u00f3 d&#8217;acoblament Ultraslim(Ultraslim Docking Station) i connecteu-hi l&#8217;ordinador i, a continuaci\u00f3, connecteu-hi l&#8217;USB on teniu instal\u00b7lat el Linux.Despr\u00e9s de connectar l&#8217;USB, &hellip;<\/p>\n","protected":false},"author":1,"featured_media":0,"parent":895,"menu_order":0,"comment_status":"closed","ping_status":"closed","template":"","meta":{"footnotes":""},"class_list":["post-928","page","type-page","status-publish","hentry"],"yoast_head":"<!-- This site is optimized with the Yoast SEO plugin v27.0 - https:\/\/yoast.com\/product\/yoast-seo-wordpress\/ -->\n<title>Creaci\u00f3 d&#039;usuaris necessaris - Ivan Rodriguez Jimenez<\/title>\n<meta name=\"robots\" content=\"index, follow, max-snippet:-1, max-image-preview:large, max-video-preview:-1\" \/>\n<link rel=\"canonical\" href=\"https:\/\/irodriguez.inscastellbisbal.net\/?page_id=928\" \/>\n<meta property=\"og:locale\" content=\"ca_ES\" \/>\n<meta property=\"og:type\" content=\"article\" \/>\n<meta property=\"og:title\" content=\"Creaci\u00f3 d&#039;usuaris necessaris - Ivan Rodriguez Jimenez\" \/>\n<meta property=\"og:description\" content=\"Primer de tot, agafeu l&#8217;estaci\u00f3 d&#8217;acoblament Ultraslim(Ultraslim Docking Station) i connecteu-hi l&#8217;ordinador i, a continuaci\u00f3, connecteu-hi l&#8217;USB on teniu instal\u00b7lat el Linux.Despr\u00e9s de connectar l&#8217;USB, &hellip;\" \/>\n<meta property=\"og:url\" content=\"https:\/\/irodriguez.inscastellbisbal.net\/?page_id=928\" \/>\n<meta property=\"og:site_name\" content=\"Ivan Rodriguez Jimenez\" \/>\n<meta property=\"article:modified_time\" content=\"2025-11-12T10:02:50+00:00\" \/>\n<meta property=\"og:image\" content=\"https:\/\/irodriguez.inscastellbisbal.net\/wp-content\/uploads\/2025\/11\/image-2.png\" \/>\n<meta name=\"twitter:card\" content=\"summary_large_image\" \/>\n<meta name=\"twitter:label1\" content=\"Temps estimat de lectura\" \/>\n\t<meta name=\"twitter:data1\" content=\"3 minuts\" \/>\n<script type=\"application\/ld+json\" class=\"yoast-schema-graph\">{\"@context\":\"https:\/\/schema.org\",\"@graph\":[{\"@type\":\"WebPage\",\"@id\":\"https:\/\/irodriguez.inscastellbisbal.net\/?page_id=928\",\"url\":\"https:\/\/irodriguez.inscastellbisbal.net\/?page_id=928\",\"name\":\"Creaci\u00f3 d'usuaris necessaris - Ivan Rodriguez Jimenez\",\"isPartOf\":{\"@id\":\"https:\/\/irodriguez.inscastellbisbal.net\/#website\"},\"primaryImageOfPage\":{\"@id\":\"https:\/\/irodriguez.inscastellbisbal.net\/?page_id=928#primaryimage\"},\"image\":{\"@id\":\"https:\/\/irodriguez.inscastellbisbal.net\/?page_id=928#primaryimage\"},\"thumbnailUrl\":\"https:\/\/irodriguez.inscastellbisbal.net\/wp-content\/uploads\/2025\/11\/image-2.png\",\"datePublished\":\"2025-10-22T12:02:09+00:00\",\"dateModified\":\"2025-11-12T10:02:50+00:00\",\"breadcrumb\":{\"@id\":\"https:\/\/irodriguez.inscastellbisbal.net\/?page_id=928#breadcrumb\"},\"inLanguage\":\"ca\",\"potentialAction\":[{\"@type\":\"ReadAction\",\"target\":[\"https:\/\/irodriguez.inscastellbisbal.net\/?page_id=928\"]}]},{\"@type\":\"ImageObject\",\"inLanguage\":\"ca\",\"@id\":\"https:\/\/irodriguez.inscastellbisbal.net\/?page_id=928#primaryimage\",\"url\":\"https:\/\/irodriguez.inscastellbisbal.net\/wp-content\/uploads\/2025\/11\/image-2.png\",\"contentUrl\":\"https:\/\/irodriguez.inscastellbisbal.net\/wp-content\/uploads\/2025\/11\/image-2.png\",\"width\":452,\"height\":339},{\"@type\":\"BreadcrumbList\",\"@id\":\"https:\/\/irodriguez.inscastellbisbal.net\/?page_id=928#breadcrumb\",\"itemListElement\":[{\"@type\":\"ListItem\",\"position\":1,\"name\":\"Inici\",\"item\":\"https:\/\/irodriguez.inscastellbisbal.net\/\"},{\"@type\":\"ListItem\",\"position\":2,\"name\":\"Repte 1.2\",\"item\":\"https:\/\/irodriguez.inscastellbisbal.net\/?page_id=822\"},{\"@type\":\"ListItem\",\"position\":3,\"name\":\"Sistema Operatiu servidor\",\"item\":\"https:\/\/irodriguez.inscastellbisbal.net\/?page_id=895\"},{\"@type\":\"ListItem\",\"position\":4,\"name\":\"Creaci\u00f3 d&#8217;usuaris necessaris\"}]},{\"@type\":\"WebSite\",\"@id\":\"https:\/\/irodriguez.inscastellbisbal.net\/#website\",\"url\":\"https:\/\/irodriguez.inscastellbisbal.net\/\",\"name\":\"Ivan Rodriguez Jimenez\",\"description\":\"Hola, em dic Iv\u00e1n, tinc 16 anys i actualment estic cursant el meu primer any de cicle formatiu en inform\u00e0tica.  En aquest espai anir\u00e9 compartint el que aprenc: des de conceptes b\u00e0sics de maquinari i programari, fins a programaci\u00f3, xarxes i projectes personals. El meu objectiu \u00e9s anar creixent pas a pas en aquest m\u00f3n de la tecnologia i, al hora, deixar aqu\u00ed un registre del meu progr\u00e9s.  Espero que trobis interessant el contingut i que aquest rac\u00f3 sigui \u00fatil tant per a mi com per a qualsevol que tamb\u00e9 estigui comen\u00e7ant al cam\u00ed de la inform\u00e0tica.\",\"publisher\":{\"@id\":\"https:\/\/irodriguez.inscastellbisbal.net\/#organization\"},\"potentialAction\":[{\"@type\":\"SearchAction\",\"target\":{\"@type\":\"EntryPoint\",\"urlTemplate\":\"https:\/\/irodriguez.inscastellbisbal.net\/?s={search_term_string}\"},\"query-input\":{\"@type\":\"PropertyValueSpecification\",\"valueRequired\":true,\"valueName\":\"search_term_string\"}}],\"inLanguage\":\"ca\"},{\"@type\":\"Organization\",\"@id\":\"https:\/\/irodriguez.inscastellbisbal.net\/#organization\",\"name\":\"Ivan Rodriguez Jimenez\",\"url\":\"https:\/\/irodriguez.inscastellbisbal.net\/\",\"logo\":{\"@type\":\"ImageObject\",\"inLanguage\":\"ca\",\"@id\":\"https:\/\/irodriguez.inscastellbisbal.net\/#\/schema\/logo\/image\/\",\"url\":\"https:\/\/irodriguez.inscastellbisbal.net\/wp-content\/uploads\/2025\/09\/cropped-cropped-ChatGPT-Image-Sep-19-2025-08_40_26-AM.jpg\",\"contentUrl\":\"https:\/\/irodriguez.inscastellbisbal.net\/wp-content\/uploads\/2025\/09\/cropped-cropped-ChatGPT-Image-Sep-19-2025-08_40_26-AM.jpg\",\"width\":1536,\"height\":1024,\"caption\":\"Ivan Rodriguez Jimenez\"},\"image\":{\"@id\":\"https:\/\/irodriguez.inscastellbisbal.net\/#\/schema\/logo\/image\/\"}}]}<\/script>\n<!-- \/ Yoast SEO plugin. -->","yoast_head_json":{"title":"Creaci\u00f3 d'usuaris necessaris - Ivan Rodriguez Jimenez","robots":{"index":"index","follow":"follow","max-snippet":"max-snippet:-1","max-image-preview":"max-image-preview:large","max-video-preview":"max-video-preview:-1"},"canonical":"https:\/\/irodriguez.inscastellbisbal.net\/?page_id=928","og_locale":"ca_ES","og_type":"article","og_title":"Creaci\u00f3 d'usuaris necessaris - Ivan Rodriguez Jimenez","og_description":"Primer de tot, agafeu l&#8217;estaci\u00f3 d&#8217;acoblament Ultraslim(Ultraslim Docking Station) i connecteu-hi l&#8217;ordinador i, a continuaci\u00f3, connecteu-hi l&#8217;USB on teniu instal\u00b7lat el Linux.Despr\u00e9s de connectar l&#8217;USB, &hellip;","og_url":"https:\/\/irodriguez.inscastellbisbal.net\/?page_id=928","og_site_name":"Ivan Rodriguez Jimenez","article_modified_time":"2025-11-12T10:02:50+00:00","og_image":[{"url":"https:\/\/irodriguez.inscastellbisbal.net\/wp-content\/uploads\/2025\/11\/image-2.png","type":"","width":"","height":""}],"twitter_card":"summary_large_image","twitter_misc":{"Temps estimat de lectura":"3 minuts"},"schema":{"@context":"https:\/\/schema.org","@graph":[{"@type":"WebPage","@id":"https:\/\/irodriguez.inscastellbisbal.net\/?page_id=928","url":"https:\/\/irodriguez.inscastellbisbal.net\/?page_id=928","name":"Creaci\u00f3 d'usuaris necessaris - Ivan Rodriguez Jimenez","isPartOf":{"@id":"https:\/\/irodriguez.inscastellbisbal.net\/#website"},"primaryImageOfPage":{"@id":"https:\/\/irodriguez.inscastellbisbal.net\/?page_id=928#primaryimage"},"image":{"@id":"https:\/\/irodriguez.inscastellbisbal.net\/?page_id=928#primaryimage"},"thumbnailUrl":"https:\/\/irodriguez.inscastellbisbal.net\/wp-content\/uploads\/2025\/11\/image-2.png","datePublished":"2025-10-22T12:02:09+00:00","dateModified":"2025-11-12T10:02:50+00:00","breadcrumb":{"@id":"https:\/\/irodriguez.inscastellbisbal.net\/?page_id=928#breadcrumb"},"inLanguage":"ca","potentialAction":[{"@type":"ReadAction","target":["https:\/\/irodriguez.inscastellbisbal.net\/?page_id=928"]}]},{"@type":"ImageObject","inLanguage":"ca","@id":"https:\/\/irodriguez.inscastellbisbal.net\/?page_id=928#primaryimage","url":"https:\/\/irodriguez.inscastellbisbal.net\/wp-content\/uploads\/2025\/11\/image-2.png","contentUrl":"https:\/\/irodriguez.inscastellbisbal.net\/wp-content\/uploads\/2025\/11\/image-2.png","width":452,"height":339},{"@type":"BreadcrumbList","@id":"https:\/\/irodriguez.inscastellbisbal.net\/?page_id=928#breadcrumb","itemListElement":[{"@type":"ListItem","position":1,"name":"Inici","item":"https:\/\/irodriguez.inscastellbisbal.net\/"},{"@type":"ListItem","position":2,"name":"Repte 1.2","item":"https:\/\/irodriguez.inscastellbisbal.net\/?page_id=822"},{"@type":"ListItem","position":3,"name":"Sistema Operatiu servidor","item":"https:\/\/irodriguez.inscastellbisbal.net\/?page_id=895"},{"@type":"ListItem","position":4,"name":"Creaci\u00f3 d&#8217;usuaris necessaris"}]},{"@type":"WebSite","@id":"https:\/\/irodriguez.inscastellbisbal.net\/#website","url":"https:\/\/irodriguez.inscastellbisbal.net\/","name":"Ivan Rodriguez Jimenez","description":"Hola, em dic Iv\u00e1n, tinc 16 anys i actualment estic cursant el meu primer any de cicle formatiu en inform\u00e0tica.  En aquest espai anir\u00e9 compartint el que aprenc: des de conceptes b\u00e0sics de maquinari i programari, fins a programaci\u00f3, xarxes i projectes personals. El meu objectiu \u00e9s anar creixent pas a pas en aquest m\u00f3n de la tecnologia i, al hora, deixar aqu\u00ed un registre del meu progr\u00e9s.  Espero que trobis interessant el contingut i que aquest rac\u00f3 sigui \u00fatil tant per a mi com per a qualsevol que tamb\u00e9 estigui comen\u00e7ant al cam\u00ed de la inform\u00e0tica.","publisher":{"@id":"https:\/\/irodriguez.inscastellbisbal.net\/#organization"},"potentialAction":[{"@type":"SearchAction","target":{"@type":"EntryPoint","urlTemplate":"https:\/\/irodriguez.inscastellbisbal.net\/?s={search_term_string}"},"query-input":{"@type":"PropertyValueSpecification","valueRequired":true,"valueName":"search_term_string"}}],"inLanguage":"ca"},{"@type":"Organization","@id":"https:\/\/irodriguez.inscastellbisbal.net\/#organization","name":"Ivan Rodriguez Jimenez","url":"https:\/\/irodriguez.inscastellbisbal.net\/","logo":{"@type":"ImageObject","inLanguage":"ca","@id":"https:\/\/irodriguez.inscastellbisbal.net\/#\/schema\/logo\/image\/","url":"https:\/\/irodriguez.inscastellbisbal.net\/wp-content\/uploads\/2025\/09\/cropped-cropped-ChatGPT-Image-Sep-19-2025-08_40_26-AM.jpg","contentUrl":"https:\/\/irodriguez.inscastellbisbal.net\/wp-content\/uploads\/2025\/09\/cropped-cropped-ChatGPT-Image-Sep-19-2025-08_40_26-AM.jpg","width":1536,"height":1024,"caption":"Ivan Rodriguez Jimenez"},"image":{"@id":"https:\/\/irodriguez.inscastellbisbal.net\/#\/schema\/logo\/image\/"}}]}},"_links":{"self":[{"href":"https:\/\/irodriguez.inscastellbisbal.net\/index.php?rest_route=\/wp\/v2\/pages\/928","targetHints":{"allow":["GET"]}}],"collection":[{"href":"https:\/\/irodriguez.inscastellbisbal.net\/index.php?rest_route=\/wp\/v2\/pages"}],"about":[{"href":"https:\/\/irodriguez.inscastellbisbal.net\/index.php?rest_route=\/wp\/v2\/types\/page"}],"author":[{"embeddable":true,"href":"https:\/\/irodriguez.inscastellbisbal.net\/index.php?rest_route=\/wp\/v2\/users\/1"}],"replies":[{"embeddable":true,"href":"https:\/\/irodriguez.inscastellbisbal.net\/index.php?rest_route=%2Fwp%2Fv2%2Fcomments&post=928"}],"version-history":[{"count":2,"href":"https:\/\/irodriguez.inscastellbisbal.net\/index.php?rest_route=\/wp\/v2\/pages\/928\/revisions"}],"predecessor-version":[{"id":1028,"href":"https:\/\/irodriguez.inscastellbisbal.net\/index.php?rest_route=\/wp\/v2\/pages\/928\/revisions\/1028"}],"up":[{"embeddable":true,"href":"https:\/\/irodriguez.inscastellbisbal.net\/index.php?rest_route=\/wp\/v2\/pages\/895"}],"wp:attachment":[{"href":"https:\/\/irodriguez.inscastellbisbal.net\/index.php?rest_route=%2Fwp%2Fv2%2Fmedia&parent=928"}],"curies":[{"name":"wp","href":"https:\/\/api.w.org\/{rel}","templated":true}]}}